{"id":15,"date":"2017-11-28T17:54:52","date_gmt":"2017-11-28T16:54:52","guid":{"rendered":"http:\/\/service.projektlabor.tu-berlin.de\/wordpress\/octolaser\/?page_id=15"},"modified":"2018-02-05T16:28:32","modified_gmt":"2018-02-05T15:28:32","slug":"gruppe-2-tonerzeugung","status":"publish","type":"page","link":"https:\/\/service.projektlabor.tu-berlin.de\/wordpress\/octolaser\/gruppe-2-tonerzeugung\/","title":{"rendered":"GRUPPE 2: TONERZEUGUNG"},"content":{"rendered":"<p>Bei der Tonerzeugung war es uns wichtig verschiedene T\u00f6ne gelichzeitig spielen zu k\u00f6nnen. Daf\u00fcr w\u00fcrde der Microcontroller 3 verschiedene Signale von unterschiedlichen Frequenzen absenden, die zusammen mit einem ADSR-Kurve multipliziert w\u00fcrden, um ein &#8222;nat\u00fcrlicher&#8220; Klang zu erzeugen. Das Blockschaltbild von dieser Prozess sieht wiefolgt aus:<\/p>\n<p><a href=\"http:\/\/service.projektlabor.tu-berlin.de\/wordpress\/octolaser\/wp-content\/uploads\/sites\/21\/2017\/11\/Blockschaltbild.png\"><img loading=\"lazy\" class=\"wp-image-57 aligncenter\" src=\"http:\/\/service.projektlabor.tu-berlin.de\/wordpress\/octolaser\/wp-content\/uploads\/sites\/21\/2017\/11\/Blockschaltbild.png\" alt=\"Blockschaltbild\" width=\"310\" height=\"295\" \/><\/a><\/p>\n<p style=\"text-align: center\">Das Team:<\/p>\n<p><a href=\"http:\/\/service.projektlabor.tu-berlin.de\/wordpress\/octolaser\/wp-content\/uploads\/sites\/21\/2017\/11\/Gruppenbild.jpg\"><img loading=\"lazy\" class=\"wp-image-59 aligncenter\" src=\"http:\/\/service.projektlabor.tu-berlin.de\/wordpress\/octolaser\/wp-content\/uploads\/sites\/21\/2017\/11\/Gruppenbild-300x225.jpg\" alt=\"Gruppenbild\" width=\"336\" height=\"252\" srcset=\"https:\/\/service.projektlabor.tu-berlin.de\/wordpress\/octolaser\/wp-content\/uploads\/sites\/21\/2017\/11\/Gruppenbild-300x225.jpg 300w, https:\/\/service.projektlabor.tu-berlin.de\/wordpress\/octolaser\/wp-content\/uploads\/sites\/21\/2017\/11\/Gruppenbild-1024x768.jpg 1024w\" sizes=\"(max-width: 336px) 100vw, 336px\" \/><\/a><\/p>\n","protected":false},"excerpt":{"rendered":"<p>Bei der Tonerzeugung war es uns wichtig verschiedene T\u00f6ne gelichzeitig spielen zu k\u00f6nnen. Daf\u00fcr w\u00fcrde der Microcontroller 3 verschiedene Signale von unterschiedlichen Frequenzen absenden, die zusammen mit einem ADSR-Kurve multipliziert w\u00fcrden, um ein &#8222;nat\u00fcrlicher&#8220; Klang zu erzeugen. Das Blockschaltbild von dieser Prozess sieht wiefolgt aus: Das Team:<\/p>\n","protected":false},"author":64,"featured_media":0,"parent":0,"menu_order":0,"comment_status":"closed","ping_status":"closed","template":"","meta":[],"_links":{"self":[{"href":"https:\/\/service.projektlabor.tu-berlin.de\/wordpress\/octolaser\/wp-json\/wp\/v2\/pages\/15"}],"collection":[{"href":"https:\/\/service.projektlabor.tu-berlin.de\/wordpress\/octolaser\/wp-json\/wp\/v2\/pages"}],"about":[{"href":"https:\/\/service.projektlabor.tu-berlin.de\/wordpress\/octolaser\/wp-json\/wp\/v2\/types\/page"}],"author":[{"embeddable":true,"href":"https:\/\/service.projektlabor.tu-berlin.de\/wordpress\/octolaser\/wp-json\/wp\/v2\/users\/64"}],"replies":[{"embeddable":true,"href":"https:\/\/service.projektlabor.tu-berlin.de\/wordpress\/octolaser\/wp-json\/wp\/v2\/comments?post=15"}],"version-history":[{"count":10,"href":"https:\/\/service.projektlabor.tu-berlin.de\/wordpress\/octolaser\/wp-json\/wp\/v2\/pages\/15\/revisions"}],"predecessor-version":[{"id":406,"href":"https:\/\/service.projektlabor.tu-berlin.de\/wordpress\/octolaser\/wp-json\/wp\/v2\/pages\/15\/revisions\/406"}],"wp:attachment":[{"href":"https:\/\/service.projektlabor.tu-berlin.de\/wordpress\/octolaser\/wp-json\/wp\/v2\/media?parent=15"}],"curies":[{"name":"wp","href":"https:\/\/api.w.org\/{rel}","templated":true}]}}