{"id":94,"date":"2019-06-06T19:21:47","date_gmt":"2019-06-06T17:21:47","guid":{"rendered":"http:\/\/service.projektlabor.tu-berlin.de\/wordpress\/ss2019do\/?page_id=94"},"modified":"2019-06-07T16:01:47","modified_gmt":"2019-06-07T14:01:47","slug":"einleitung","status":"publish","type":"page","link":"https:\/\/service.projektlabor.tu-berlin.de\/wordpress\/morse-decoder\/optische-uebertragung\/einleitung\/","title":{"rendered":"Einleitung"},"content":{"rendered":"<p>In der Gruppe Optische \u00dcbertragung arbeiten: Merlin Scholz, Floris Lutz, Gert Ruka, Kyriakos-Dimitrios Keramidas, Aristomenis Katsaras-Antonakeas, Dongyan Yang, Finn K\u00f6lker, Ze Sun und Leonard David Voges.<\/p>\n<p><img loading=\"lazy\" class=\"alignnone size-medium wp-image-46\" src=\"http:\/\/service.projektlabor.tu-berlin.de\/wordpress\/ss2019do\/wp-content\/uploads\/sites\/26\/2019\/05\/group_photo-300x155.jpg\" alt=\"\" width=\"300\" height=\"155\" srcset=\"https:\/\/service.projektlabor.tu-berlin.de\/wordpress\/morse-decoder\/wp-content\/uploads\/sites\/26\/2019\/05\/group_photo-300x155.jpg 300w, https:\/\/service.projektlabor.tu-berlin.de\/wordpress\/morse-decoder\/wp-content\/uploads\/sites\/26\/2019\/05\/group_photo-768x397.jpg 768w, https:\/\/service.projektlabor.tu-berlin.de\/wordpress\/morse-decoder\/wp-content\/uploads\/sites\/26\/2019\/05\/group_photo-1024x530.jpg 1024w, https:\/\/service.projektlabor.tu-berlin.de\/wordpress\/morse-decoder\/wp-content\/uploads\/sites\/26\/2019\/05\/group_photo-500x259.jpg 500w, https:\/\/service.projektlabor.tu-berlin.de\/wordpress\/morse-decoder\/wp-content\/uploads\/sites\/26\/2019\/05\/group_photo.jpg 1496w\" sizes=\"(max-width: 300px) 100vw, 300px\" \/><\/p>\n<p>Die Gruppe Optische \u00dcbertragung ist verantwortlich f\u00fcr die \u00dcbertragung des Morse-Signals von dem Encoder zum Decoder. Das Signal wird durch eine LED in Form von Licht ausgesendet und von einer Photodiode aufgenommen.<br \/>\nDas Blockschaltbild unsere Schaltung geht aus Abbildung 2.7 hervor. Die LEDs werden mit einer bestimmten Frequenz an- und ausgeschaltet. Das Signal wird durch Photodioden wieder in einen Strom transformiert. Vcc ist die Spannungdieander LED anliegt und Va liegt an der Photodiode an.<\/p>\n<p><img loading=\"lazy\" class=\"alignnone size-medium wp-image-96\" src=\"http:\/\/service.projektlabor.tu-berlin.de\/wordpress\/ss2019do\/wp-content\/uploads\/sites\/26\/2019\/06\/Blockschaltbild-300x61.png\" alt=\"\" width=\"300\" height=\"61\" srcset=\"https:\/\/service.projektlabor.tu-berlin.de\/wordpress\/morse-decoder\/wp-content\/uploads\/sites\/26\/2019\/06\/Blockschaltbild-300x61.png 300w, https:\/\/service.projektlabor.tu-berlin.de\/wordpress\/morse-decoder\/wp-content\/uploads\/sites\/26\/2019\/06\/Blockschaltbild-768x156.png 768w, https:\/\/service.projektlabor.tu-berlin.de\/wordpress\/morse-decoder\/wp-content\/uploads\/sites\/26\/2019\/06\/Blockschaltbild-1024x208.png 1024w, https:\/\/service.projektlabor.tu-berlin.de\/wordpress\/morse-decoder\/wp-content\/uploads\/sites\/26\/2019\/06\/Blockschaltbild-500x102.png 500w, https:\/\/service.projektlabor.tu-berlin.de\/wordpress\/morse-decoder\/wp-content\/uploads\/sites\/26\/2019\/06\/Blockschaltbild.png 1033w\" sizes=\"(max-width: 300px) 100vw, 300px\" \/><\/p>\n<p>&nbsp;<\/p>\n","protected":false},"excerpt":{"rendered":"<p>In der Gruppe Optische \u00dcbertragung arbeiten: Merlin Scholz, Floris Lutz, Gert Ruka, Kyriakos-Dimitrios Keramidas, Aristomenis Katsaras-Antonakeas, Dongyan Yang, Finn K\u00f6lker, Ze Sun und Leonard David Voges. Die Gruppe Optische \u00dcbertragung ist verantwortlich f\u00fcr die \u00dcbertragung des Morse-Signals von dem Encoder &hellip; <a href=\"https:\/\/service.projektlabor.tu-berlin.de\/wordpress\/morse-decoder\/optische-uebertragung\/einleitung\/\">Weiterlesen <span class=\"meta-nav\">&rarr;<\/span><\/a><\/p>\n","protected":false},"author":87,"featured_media":0,"parent":29,"menu_order":2,"comment_status":"closed","ping_status":"closed","template":"sidebar-page.php","meta":[],"_links":{"self":[{"href":"https:\/\/service.projektlabor.tu-berlin.de\/wordpress\/morse-decoder\/wp-json\/wp\/v2\/pages\/94"}],"collection":[{"href":"https:\/\/service.projektlabor.tu-berlin.de\/wordpress\/morse-decoder\/wp-json\/wp\/v2\/pages"}],"about":[{"href":"https:\/\/service.projektlabor.tu-berlin.de\/wordpress\/morse-decoder\/wp-json\/wp\/v2\/types\/page"}],"author":[{"embeddable":true,"href":"https:\/\/service.projektlabor.tu-berlin.de\/wordpress\/morse-decoder\/wp-json\/wp\/v2\/users\/87"}],"replies":[{"embeddable":true,"href":"https:\/\/service.projektlabor.tu-berlin.de\/wordpress\/morse-decoder\/wp-json\/wp\/v2\/comments?post=94"}],"version-history":[{"count":2,"href":"https:\/\/service.projektlabor.tu-berlin.de\/wordpress\/morse-decoder\/wp-json\/wp\/v2\/pages\/94\/revisions"}],"predecessor-version":[{"id":158,"href":"https:\/\/service.projektlabor.tu-berlin.de\/wordpress\/morse-decoder\/wp-json\/wp\/v2\/pages\/94\/revisions\/158"}],"up":[{"embeddable":true,"href":"https:\/\/service.projektlabor.tu-berlin.de\/wordpress\/morse-decoder\/wp-json\/wp\/v2\/pages\/29"}],"wp:attachment":[{"href":"https:\/\/service.projektlabor.tu-berlin.de\/wordpress\/morse-decoder\/wp-json\/wp\/v2\/media?parent=94"}],"curies":[{"name":"wp","href":"https:\/\/api.w.org\/{rel}","templated":true}]}}