{"id":29,"date":"2019-05-09T19:07:21","date_gmt":"2019-05-09T17:07:21","guid":{"rendered":"http:\/\/service.projektlabor.tu-berlin.de\/wordpress\/ss2019do\/?page_id=29"},"modified":"2019-06-07T15:34:59","modified_gmt":"2019-06-07T13:34:59","slug":"optische-uebertragung","status":"publish","type":"page","link":"https:\/\/service.projektlabor.tu-berlin.de\/wordpress\/morse-decoder\/optische-uebertragung\/","title":{"rendered":"Optische \u00dcbertragung"},"content":{"rendered":"<p>Unsere Gruppe ist verantwortlich f\u00fcr die optische \u00dcbertragung des Morse-Signals.<\/p>\n<p>Sie k\u00f6nnen <a href=\"http:\/\/service.projektlabor.tu-berlin.de\/wordpress\/ss2019do\/optische-uebertragung\/einleitung\/\">hier <\/a>mehr lesen.<\/p>\n<p>&nbsp;<\/p>\n","protected":false},"excerpt":{"rendered":"<p>Unsere Gruppe ist verantwortlich f\u00fcr die optische \u00dcbertragung des Morse-Signals. Sie k\u00f6nnen hier mehr lesen. &nbsp;<\/p>\n","protected":false},"author":87,"featured_media":0,"parent":0,"menu_order":0,"comment_status":"closed","ping_status":"closed","template":"","meta":[],"_links":{"self":[{"href":"https:\/\/service.projektlabor.tu-berlin.de\/wordpress\/morse-decoder\/wp-json\/wp\/v2\/pages\/29"}],"collection":[{"href":"https:\/\/service.projektlabor.tu-berlin.de\/wordpress\/morse-decoder\/wp-json\/wp\/v2\/pages"}],"about":[{"href":"https:\/\/service.projektlabor.tu-berlin.de\/wordpress\/morse-decoder\/wp-json\/wp\/v2\/types\/page"}],"author":[{"embeddable":true,"href":"https:\/\/service.projektlabor.tu-berlin.de\/wordpress\/morse-decoder\/wp-json\/wp\/v2\/users\/87"}],"replies":[{"embeddable":true,"href":"https:\/\/service.projektlabor.tu-berlin.de\/wordpress\/morse-decoder\/wp-json\/wp\/v2\/comments?post=29"}],"version-history":[{"count":6,"href":"https:\/\/service.projektlabor.tu-berlin.de\/wordpress\/morse-decoder\/wp-json\/wp\/v2\/pages\/29\/revisions"}],"predecessor-version":[{"id":152,"href":"https:\/\/service.projektlabor.tu-berlin.de\/wordpress\/morse-decoder\/wp-json\/wp\/v2\/pages\/29\/revisions\/152"}],"wp:attachment":[{"href":"https:\/\/service.projektlabor.tu-berlin.de\/wordpress\/morse-decoder\/wp-json\/wp\/v2\/media?parent=29"}],"curies":[{"name":"wp","href":"https:\/\/api.w.org\/{rel}","templated":true}]}}