{"id":286,"date":"2019-07-11T14:07:32","date_gmt":"2019-07-11T12:07:32","guid":{"rendered":"http:\/\/service.projektlabor.tu-berlin.de\/wordpress\/ss2019do\/?page_id=286"},"modified":"2019-07-11T14:24:52","modified_gmt":"2019-07-11T12:24:52","slug":"invertierender-spannungsverstaerker","status":"publish","type":"page","link":"https:\/\/service.projektlabor.tu-berlin.de\/wordpress\/morse-decoder\/funk-uebertragung\/abschlussbericht\/invertierender-spannungsverstaerker\/","title":{"rendered":"Invertierender Spannungsverst\u00e4rker"},"content":{"rendered":"<p>In unserer Schaltung benutzen wir invertierende Verst\u00e4rker auf N-Mos Basis um unser Datensignal und Enablesignal von 5V auf 3.3V runter zu regeln. Wir m\u00fcssen zwei Verst\u00e4rker benutzen, weil das Signal invertiert wird, wir aber ein nicht invertiertes Signal brauchen. Die Schaltung daf\u00fcr sieht so aus:<img loading=\"lazy\" class=\"alignnone size-full wp-image-287\" src=\"http:\/\/service.projektlabor.tu-berlin.de\/wordpress\/ss2019do\/wp-content\/uploads\/sites\/26\/2019\/07\/inv_verstaerker.png\" alt=\"\" width=\"295\" height=\"195\" \/><\/p>\n","protected":false},"excerpt":{"rendered":"<p>In unserer Schaltung benutzen wir invertierende Verst\u00e4rker auf N-Mos Basis um unser Datensignal und Enablesignal von 5V auf 3.3V runter zu regeln. Wir m\u00fcssen zwei Verst\u00e4rker benutzen, weil das Signal invertiert wird, wir aber ein nicht invertiertes Signal brauchen. Die &hellip; <a href=\"https:\/\/service.projektlabor.tu-berlin.de\/wordpress\/morse-decoder\/funk-uebertragung\/abschlussbericht\/invertierender-spannungsverstaerker\/\">Weiterlesen <span class=\"meta-nav\">&rarr;<\/span><\/a><\/p>\n","protected":false},"author":88,"featured_media":0,"parent":300,"menu_order":0,"comment_status":"closed","ping_status":"closed","template":"","meta":[],"_links":{"self":[{"href":"https:\/\/service.projektlabor.tu-berlin.de\/wordpress\/morse-decoder\/wp-json\/wp\/v2\/pages\/286"}],"collection":[{"href":"https:\/\/service.projektlabor.tu-berlin.de\/wordpress\/morse-decoder\/wp-json\/wp\/v2\/pages"}],"about":[{"href":"https:\/\/service.projektlabor.tu-berlin.de\/wordpress\/morse-decoder\/wp-json\/wp\/v2\/types\/page"}],"author":[{"embeddable":true,"href":"https:\/\/service.projektlabor.tu-berlin.de\/wordpress\/morse-decoder\/wp-json\/wp\/v2\/users\/88"}],"replies":[{"embeddable":true,"href":"https:\/\/service.projektlabor.tu-berlin.de\/wordpress\/morse-decoder\/wp-json\/wp\/v2\/comments?post=286"}],"version-history":[{"count":1,"href":"https:\/\/service.projektlabor.tu-berlin.de\/wordpress\/morse-decoder\/wp-json\/wp\/v2\/pages\/286\/revisions"}],"predecessor-version":[{"id":288,"href":"https:\/\/service.projektlabor.tu-berlin.de\/wordpress\/morse-decoder\/wp-json\/wp\/v2\/pages\/286\/revisions\/288"}],"up":[{"embeddable":true,"href":"https:\/\/service.projektlabor.tu-berlin.de\/wordpress\/morse-decoder\/wp-json\/wp\/v2\/pages\/300"}],"wp:attachment":[{"href":"https:\/\/service.projektlabor.tu-berlin.de\/wordpress\/morse-decoder\/wp-json\/wp\/v2\/media?parent=286"}],"curies":[{"name":"wp","href":"https:\/\/api.w.org\/{rel}","templated":true}]}}