{"id":231,"date":"2019-06-27T11:32:51","date_gmt":"2019-06-27T09:32:51","guid":{"rendered":"http:\/\/service.projektlabor.tu-berlin.de\/wordpress\/ss2019do\/?page_id=231"},"modified":"2019-07-11T14:25:49","modified_gmt":"2019-07-11T12:25:49","slug":"transmitter-ic","status":"publish","type":"page","link":"https:\/\/service.projektlabor.tu-berlin.de\/wordpress\/morse-decoder\/funk-uebertragung\/abschlussbericht\/transmitter-ic\/","title":{"rendered":"Transmitter-IC"},"content":{"rendered":"<p><img loading=\"lazy\" class=\"alignnone size-medium wp-image-232\" src=\"http:\/\/service.projektlabor.tu-berlin.de\/wordpress\/ss2019do\/wp-content\/uploads\/sites\/26\/2019\/06\/TransmitterIC-300x249.jpeg\" alt=\"\" width=\"300\" height=\"249\" srcset=\"https:\/\/service.projektlabor.tu-berlin.de\/wordpress\/morse-decoder\/wp-content\/uploads\/sites\/26\/2019\/06\/TransmitterIC-300x249.jpeg 300w, https:\/\/service.projektlabor.tu-berlin.de\/wordpress\/morse-decoder\/wp-content\/uploads\/sites\/26\/2019\/06\/TransmitterIC-361x300.jpeg 361w, https:\/\/service.projektlabor.tu-berlin.de\/wordpress\/morse-decoder\/wp-content\/uploads\/sites\/26\/2019\/06\/TransmitterIC.jpeg 490w\" sizes=\"(max-width: 300px) 100vw, 300px\" \/><\/p>\n<p>Der Transmitter TDA7100 wird verwendet, um mit ihm das erhaltene digitale Signal in einem FSK Verfahren zu wandeln und dann \u00fcber eine Antenne in dem ISM-Band zu senden. Der gew\u00e4hlte IC ist einer der wenigen kaufbaren ICs auf Farnell der die Bedingungen, also FSK-Modulation und Pin-Konfiguration erf\u00fcllt. F\u00fcr diesen IC wird noch ein passender Schwingkristall ben\u00f6tigt, der eine passenden Vergleichsfrequenz liefert. Der IC hat 10 PINs von denen allerdings nur 7 PINs verwendet werden. An dem PIN VS (2) liegt die Versorgungsspannung von 3,3 Volt an. PIN GND (3) ist die Erdung. Der PIN FSKOUT (4) sorgt daf\u00fcr, dass der Kristall gezerrt und somit die Frequenz verschoben wird. PIN COSC (5) gibt den IC eine Vergleichsfrequenz, die vom Schwingkristall gegeben wird. PIN FSKDATA (7) ist der Eingang der erhaltenen Daten (High =3,3 Volt, Low = 0 Volt), die daf\u00fcr sorgen, dass die Sendefrequenz sich ver\u00e4ndert. Die PINs PAGN (8) und PAOUT (9) versorgen die Antenne mit Leistung und der Sendefrequenz. PAGND wird auf Ground gesetzt. Die nicht verwendeten PINs sind: PIN CLKOUT (1), der eine Frequenz von 847,5 kHZ an ein externes Ger\u00e4t liefert, PIN ASKDATA (6), da die Daten per FSK versendet werden und PIN PDWN (10), welcher den IC auschaltet, was nicht ben\u00f6tigt wird.<\/p>\n","protected":false},"excerpt":{"rendered":"<p>Der Transmitter TDA7100 wird verwendet, um mit ihm das erhaltene digitale Signal in einem FSK Verfahren zu wandeln und dann \u00fcber eine Antenne in dem ISM-Band zu senden. Der gew\u00e4hlte IC ist einer der wenigen kaufbaren ICs auf Farnell der &hellip; <a href=\"https:\/\/service.projektlabor.tu-berlin.de\/wordpress\/morse-decoder\/funk-uebertragung\/abschlussbericht\/transmitter-ic\/\">Weiterlesen <span class=\"meta-nav\">&rarr;<\/span><\/a><\/p>\n","protected":false},"author":88,"featured_media":0,"parent":300,"menu_order":0,"comment_status":"closed","ping_status":"closed","template":"","meta":[],"_links":{"self":[{"href":"https:\/\/service.projektlabor.tu-berlin.de\/wordpress\/morse-decoder\/wp-json\/wp\/v2\/pages\/231"}],"collection":[{"href":"https:\/\/service.projektlabor.tu-berlin.de\/wordpress\/morse-decoder\/wp-json\/wp\/v2\/pages"}],"about":[{"href":"https:\/\/service.projektlabor.tu-berlin.de\/wordpress\/morse-decoder\/wp-json\/wp\/v2\/types\/page"}],"author":[{"embeddable":true,"href":"https:\/\/service.projektlabor.tu-berlin.de\/wordpress\/morse-decoder\/wp-json\/wp\/v2\/users\/88"}],"replies":[{"embeddable":true,"href":"https:\/\/service.projektlabor.tu-berlin.de\/wordpress\/morse-decoder\/wp-json\/wp\/v2\/comments?post=231"}],"version-history":[{"count":2,"href":"https:\/\/service.projektlabor.tu-berlin.de\/wordpress\/morse-decoder\/wp-json\/wp\/v2\/pages\/231\/revisions"}],"predecessor-version":[{"id":279,"href":"https:\/\/service.projektlabor.tu-berlin.de\/wordpress\/morse-decoder\/wp-json\/wp\/v2\/pages\/231\/revisions\/279"}],"up":[{"embeddable":true,"href":"https:\/\/service.projektlabor.tu-berlin.de\/wordpress\/morse-decoder\/wp-json\/wp\/v2\/pages\/300"}],"wp:attachment":[{"href":"https:\/\/service.projektlabor.tu-berlin.de\/wordpress\/morse-decoder\/wp-json\/wp\/v2\/media?parent=231"}],"curies":[{"name":"wp","href":"https:\/\/api.w.org\/{rel}","templated":true}]}}