{"id":229,"date":"2019-06-27T11:29:39","date_gmt":"2019-06-27T09:29:39","guid":{"rendered":"http:\/\/service.projektlabor.tu-berlin.de\/wordpress\/ss2019do\/?page_id=229"},"modified":"2019-07-11T14:27:24","modified_gmt":"2019-07-11T12:27:24","slug":"einleitung","status":"publish","type":"page","link":"https:\/\/service.projektlabor.tu-berlin.de\/wordpress\/morse-decoder\/funk-uebertragung\/abschlussbericht\/einleitung\/","title":{"rendered":"Einleitung"},"content":{"rendered":"<p>Die Teilnehmer der Funkgruppe sind Gregor, Kai, Milan, Phillip, Maria, Ui Jun und Jan.<\/p>\n<p><img loading=\"lazy\" class=\"alignnone  wp-image-225\" style=\"font-weight: 300\" src=\"http:\/\/service.projektlabor.tu-berlin.de\/wordpress\/ss2019do\/wp-content\/uploads\/sites\/26\/2019\/06\/Gruppenfoto-300x225.jpeg\" alt=\"\" width=\"553\" height=\"420\" \/><\/p>\n<p>Die Aufgabe der Funkgruppe besteht darin das digitale Signal der Encodinggruppe zu empfangen und dann mithilfe der FSK Methode in ein \u00fcbertragbares Signal zu ver\u00e4ndern. Das Signal wird dann per Funk \u00fcbertragen und mithilfe eines Receivers wieder in ein digitales Signal demoduliert. Diese Funktion wird durch zwei Schaltkreise, ein Transmitter- und ein Receiverschaltkreis, umgesetzt. Diese schicken bzw. empfangen die Signale \u00fcber Antennen. Dabei benutzen wir ein sogenanntes ISM-Band (Industrial-Sientific-Medicinal) um 433 MHz. Dieses Band darf jeder einfach so benutzen, oder eine Lizenz erwerben zu m\u00fcssen.<\/p>\n<p><img loading=\"lazy\" class=\"alignnone  wp-image-226\" style=\"color: #333333;font-style: normal;font-weight: 300\" src=\"http:\/\/service.projektlabor.tu-berlin.de\/wordpress\/ss2019do\/wp-content\/uploads\/sites\/26\/2019\/06\/Blockschaltbild-1-300x65.png\" alt=\"\" width=\"559\" height=\"138\" \/><\/p>\n","protected":false},"excerpt":{"rendered":"<p>Die Teilnehmer der Funkgruppe sind Gregor, Kai, Milan, Phillip, Maria, Ui Jun und Jan. Die Aufgabe der Funkgruppe besteht darin das digitale Signal der Encodinggruppe zu empfangen und dann mithilfe der FSK Methode in ein \u00fcbertragbares Signal zu ver\u00e4ndern. Das &hellip; <a href=\"https:\/\/service.projektlabor.tu-berlin.de\/wordpress\/morse-decoder\/funk-uebertragung\/abschlussbericht\/einleitung\/\">Weiterlesen <span class=\"meta-nav\">&rarr;<\/span><\/a><\/p>\n","protected":false},"author":88,"featured_media":0,"parent":300,"menu_order":0,"comment_status":"closed","ping_status":"closed","template":"","meta":[],"_links":{"self":[{"href":"https:\/\/service.projektlabor.tu-berlin.de\/wordpress\/morse-decoder\/wp-json\/wp\/v2\/pages\/229"}],"collection":[{"href":"https:\/\/service.projektlabor.tu-berlin.de\/wordpress\/morse-decoder\/wp-json\/wp\/v2\/pages"}],"about":[{"href":"https:\/\/service.projektlabor.tu-berlin.de\/wordpress\/morse-decoder\/wp-json\/wp\/v2\/types\/page"}],"author":[{"embeddable":true,"href":"https:\/\/service.projektlabor.tu-berlin.de\/wordpress\/morse-decoder\/wp-json\/wp\/v2\/users\/88"}],"replies":[{"embeddable":true,"href":"https:\/\/service.projektlabor.tu-berlin.de\/wordpress\/morse-decoder\/wp-json\/wp\/v2\/comments?post=229"}],"version-history":[{"count":1,"href":"https:\/\/service.projektlabor.tu-berlin.de\/wordpress\/morse-decoder\/wp-json\/wp\/v2\/pages\/229\/revisions"}],"predecessor-version":[{"id":230,"href":"https:\/\/service.projektlabor.tu-berlin.de\/wordpress\/morse-decoder\/wp-json\/wp\/v2\/pages\/229\/revisions\/230"}],"up":[{"embeddable":true,"href":"https:\/\/service.projektlabor.tu-berlin.de\/wordpress\/morse-decoder\/wp-json\/wp\/v2\/pages\/300"}],"wp:attachment":[{"href":"https:\/\/service.projektlabor.tu-berlin.de\/wordpress\/morse-decoder\/wp-json\/wp\/v2\/media?parent=229"}],"curies":[{"name":"wp","href":"https:\/\/api.w.org\/{rel}","templated":true}]}}