{"id":222,"date":"2019-06-27T11:02:42","date_gmt":"2019-06-27T09:02:42","guid":{"rendered":"http:\/\/service.projektlabor.tu-berlin.de\/wordpress\/ss2019do\/?page_id=222"},"modified":"2019-07-11T14:26:18","modified_gmt":"2019-07-11T12:26:18","slug":"schaltung-und-platine","status":"publish","type":"page","link":"https:\/\/service.projektlabor.tu-berlin.de\/wordpress\/morse-decoder\/funk-uebertragung\/abschlussbericht\/schaltung-und-platine\/","title":{"rendered":"Schaltung und Platine"},"content":{"rendered":"<p>Die IC&#8217;s sind ausgew\u00e4hlt und nun m\u00fcssen die Layouts dazu erstellt werden. Das hei\u00dft, dass die IC&#8217;s entsprechend der Sendefrequenz angesteuert werden, bzw. die Pins zum ausw\u00e4hlen der Kristalle f\u00fcr das Frequency-Pulling entsprechend beschaltet werden. Dar\u00fcber hinaus m\u00fcssen sowohl die Antenne des Sende IC&#8217;s als auch die Antenne des Empf\u00e4nger IC&#8217;s Leistungsangepasst werden. Viele dieser Informationen und Beschaltungen k\u00f6nnen aus den Datenbl\u00e4ttern entnommen werden. Unsere Layouts sehen dann folgenderma\u00dfen aus:<\/p>\n<p>&nbsp;<\/p>\n<p>Schaltbild und Eagle Layout der Receiverplatine:<img loading=\"lazy\" class=\"alignnone wp-image-246\" style=\"color: #333333;font-style: normal;font-weight: 300\" src=\"http:\/\/service.projektlabor.tu-berlin.de\/wordpress\/ss2019do\/wp-content\/uploads\/sites\/26\/2019\/06\/rec_eagle-300x257.png\" alt=\"\" width=\"450\" height=\"388\" \/><img loading=\"lazy\" class=\"alignnone wp-image-245\" style=\"font-weight: 300\" src=\"http:\/\/service.projektlabor.tu-berlin.de\/wordpress\/ss2019do\/wp-content\/uploads\/sites\/26\/2019\/06\/rec_schematic-300x186.png\" alt=\"\" width=\"449\" height=\"285\" \/><span style=\"font-weight: 300\">\u00a0<\/span><\/p>\n<p>&nbsp;<\/p>\n<p>Schaltbild und Eagle Layout der Transmitterplatine:<\/p>\n<p><img loading=\"lazy\" class=\"alignnone wp-image-249\" style=\"color: #333333;font-style: normal;font-weight: 300\" src=\"http:\/\/service.projektlabor.tu-berlin.de\/wordpress\/ss2019do\/wp-content\/uploads\/sites\/26\/2019\/06\/trans_eagle-300x245.png\" alt=\"\" width=\"448\" height=\"369\" \/><img loading=\"lazy\" class=\"alignnone wp-image-250\" style=\"color: #333333;font-style: normal;font-weight: 300\" src=\"http:\/\/service.projektlabor.tu-berlin.de\/wordpress\/ss2019do\/wp-content\/uploads\/sites\/26\/2019\/06\/trans_schematic-300x188.png\" alt=\"\" width=\"445\" height=\"285\" \/><\/p>\n<p>Beim Erstellen des Eagle Layoutes ist darauf zu achten, dass die Bauelemente m\u00f6glichst nah bei einander sind, da das sowohl den Leiterwiderstand verringert, aber auch f\u00fcr eine Minimierung der Signalst\u00f6rung sorgt. Bei Frequenzen im Bereich von gut 400MHz ist das besonders wichtig. Daher haben wir uns auch dazu entschieden, anstatt herk\u00f6mmlicher Through hole Bauelemente, SMDs, also Surface Mounted Devices zu verwenden, denn dann hat man ein kompakteres Design.<\/p>\n<p>Diese Schaltungen werden im \u00c4tzlabor dann auf Platinen gebracht, und danach werden die L\u00f6cher f\u00fcr die Bauteile und die Abschirmungen gebohrt. Nach dem Best\u00fccken sehen die Platinen folgenderma\u00dfen aus:<\/p>\n<p>Receiverplatine, Vorder-und R\u00fcckseite:<\/p>\n<p><img loading=\"lazy\" class=\"alignnone size-medium wp-image-290\" src=\"http:\/\/service.projektlabor.tu-berlin.de\/wordpress\/ss2019do\/wp-content\/uploads\/sites\/26\/2019\/07\/Receiver_Vorderseite-225x300.jpg\" alt=\"\" width=\"225\" height=\"300\" srcset=\"https:\/\/service.projektlabor.tu-berlin.de\/wordpress\/morse-decoder\/wp-content\/uploads\/sites\/26\/2019\/07\/Receiver_Vorderseite-225x300.jpg 225w, https:\/\/service.projektlabor.tu-berlin.de\/wordpress\/morse-decoder\/wp-content\/uploads\/sites\/26\/2019\/07\/Receiver_Vorderseite-768x1024.jpg 768w, https:\/\/service.projektlabor.tu-berlin.de\/wordpress\/morse-decoder\/wp-content\/uploads\/sites\/26\/2019\/07\/Receiver_Vorderseite.jpg 960w\" sizes=\"(max-width: 225px) 100vw, 225px\" \/> \u00a0\u00a0<span style=\"font-weight: 300\">\u00a0<\/span><span style=\"font-weight: 300\">\u00a0<\/span><\/p>\n<p><img loading=\"lazy\" class=\"alignnone size-medium wp-image-289\" src=\"http:\/\/service.projektlabor.tu-berlin.de\/wordpress\/ss2019do\/wp-content\/uploads\/sites\/26\/2019\/07\/Receiver_Rueckseite-300x225.jpg\" alt=\"\" width=\"300\" height=\"225\" srcset=\"https:\/\/service.projektlabor.tu-berlin.de\/wordpress\/morse-decoder\/wp-content\/uploads\/sites\/26\/2019\/07\/Receiver_Rueckseite-300x225.jpg 300w, https:\/\/service.projektlabor.tu-berlin.de\/wordpress\/morse-decoder\/wp-content\/uploads\/sites\/26\/2019\/07\/Receiver_Rueckseite-768x576.jpg 768w, https:\/\/service.projektlabor.tu-berlin.de\/wordpress\/morse-decoder\/wp-content\/uploads\/sites\/26\/2019\/07\/Receiver_Rueckseite-1024x768.jpg 1024w, https:\/\/service.projektlabor.tu-berlin.de\/wordpress\/morse-decoder\/wp-content\/uploads\/sites\/26\/2019\/07\/Receiver_Rueckseite-400x300.jpg 400w, https:\/\/service.projektlabor.tu-berlin.de\/wordpress\/morse-decoder\/wp-content\/uploads\/sites\/26\/2019\/07\/Receiver_Rueckseite.jpg 1280w\" sizes=\"(max-width: 300px) 100vw, 300px\" \/><\/p>\n<p>&nbsp;<\/p>\n<p>Transmitterplatine, Vorder-und R\u00fcckseite:<\/p>\n<p><img loading=\"lazy\" class=\"alignnone size-medium wp-image-292\" style=\"color: #333333;font-style: normal;font-weight: 300\" src=\"http:\/\/service.projektlabor.tu-berlin.de\/wordpress\/ss2019do\/wp-content\/uploads\/sites\/26\/2019\/07\/Transmitter_Vorderseite-300x173.jpg\" alt=\"\" width=\"300\" height=\"173\" srcset=\"https:\/\/service.projektlabor.tu-berlin.de\/wordpress\/morse-decoder\/wp-content\/uploads\/sites\/26\/2019\/07\/Transmitter_Vorderseite-300x173.jpg 300w, https:\/\/service.projektlabor.tu-berlin.de\/wordpress\/morse-decoder\/wp-content\/uploads\/sites\/26\/2019\/07\/Transmitter_Vorderseite-768x442.jpg 768w, https:\/\/service.projektlabor.tu-berlin.de\/wordpress\/morse-decoder\/wp-content\/uploads\/sites\/26\/2019\/07\/Transmitter_Vorderseite-1024x589.jpg 1024w, https:\/\/service.projektlabor.tu-berlin.de\/wordpress\/morse-decoder\/wp-content\/uploads\/sites\/26\/2019\/07\/Transmitter_Vorderseite-500x288.jpg 500w, https:\/\/service.projektlabor.tu-berlin.de\/wordpress\/morse-decoder\/wp-content\/uploads\/sites\/26\/2019\/07\/Transmitter_Vorderseite.jpg 1280w\" sizes=\"(max-width: 300px) 100vw, 300px\" \/><\/p>\n<p><img loading=\"lazy\" class=\"alignnone size-medium wp-image-291\" src=\"http:\/\/service.projektlabor.tu-berlin.de\/wordpress\/ss2019do\/wp-content\/uploads\/sites\/26\/2019\/07\/Transmitter_Rueckseite-300x225.jpg\" alt=\"\" width=\"300\" height=\"225\" srcset=\"https:\/\/service.projektlabor.tu-berlin.de\/wordpress\/morse-decoder\/wp-content\/uploads\/sites\/26\/2019\/07\/Transmitter_Rueckseite-300x225.jpg 300w, https:\/\/service.projektlabor.tu-berlin.de\/wordpress\/morse-decoder\/wp-content\/uploads\/sites\/26\/2019\/07\/Transmitter_Rueckseite-768x576.jpg 768w, https:\/\/service.projektlabor.tu-berlin.de\/wordpress\/morse-decoder\/wp-content\/uploads\/sites\/26\/2019\/07\/Transmitter_Rueckseite-1024x768.jpg 1024w, https:\/\/service.projektlabor.tu-berlin.de\/wordpress\/morse-decoder\/wp-content\/uploads\/sites\/26\/2019\/07\/Transmitter_Rueckseite-400x300.jpg 400w, https:\/\/service.projektlabor.tu-berlin.de\/wordpress\/morse-decoder\/wp-content\/uploads\/sites\/26\/2019\/07\/Transmitter_Rueckseite.jpg 1280w\" sizes=\"(max-width: 300px) 100vw, 300px\" \/><\/p>\n<p>Bei den Bohrungen muss man darauf achten, dass man die L\u00f6cher sehr genau trifft, weil man sonst die Leitf\u00e4higkeit der Leiterbahnen beeintr\u00e4chtigen k\u00f6nnte und das dazu f\u00fchren kann, dass die Platine nicht mehr ordnungsgem\u00e4\u00df funktioniert.<\/p>\n<p>Bei dem L\u00f6ten ist darauf zu achten, dass das L\u00f6tzinn nicht auf andere Bauelemte tropft, da das die Funktionsweise der Platine beeintr\u00e4chtigen w\u00fcrde. Die Bauelemte sind sehr klein, weshalb eine kleinere L\u00f6tspitze verwendet wird.<\/p>\n","protected":false},"excerpt":{"rendered":"<p>Die IC&#8217;s sind ausgew\u00e4hlt und nun m\u00fcssen die Layouts dazu erstellt werden. Das hei\u00dft, dass die IC&#8217;s entsprechend der Sendefrequenz angesteuert werden, bzw. die Pins zum ausw\u00e4hlen der Kristalle f\u00fcr das Frequency-Pulling entsprechend beschaltet werden. Dar\u00fcber hinaus m\u00fcssen sowohl die &hellip; <a href=\"https:\/\/service.projektlabor.tu-berlin.de\/wordpress\/morse-decoder\/funk-uebertragung\/abschlussbericht\/schaltung-und-platine\/\">Weiterlesen <span class=\"meta-nav\">&rarr;<\/span><\/a><\/p>\n","protected":false},"author":88,"featured_media":0,"parent":300,"menu_order":0,"comment_status":"closed","ping_status":"closed","template":"","meta":[],"_links":{"self":[{"href":"https:\/\/service.projektlabor.tu-berlin.de\/wordpress\/morse-decoder\/wp-json\/wp\/v2\/pages\/222"}],"collection":[{"href":"https:\/\/service.projektlabor.tu-berlin.de\/wordpress\/morse-decoder\/wp-json\/wp\/v2\/pages"}],"about":[{"href":"https:\/\/service.projektlabor.tu-berlin.de\/wordpress\/morse-decoder\/wp-json\/wp\/v2\/types\/page"}],"author":[{"embeddable":true,"href":"https:\/\/service.projektlabor.tu-berlin.de\/wordpress\/morse-decoder\/wp-json\/wp\/v2\/users\/88"}],"replies":[{"embeddable":true,"href":"https:\/\/service.projektlabor.tu-berlin.de\/wordpress\/morse-decoder\/wp-json\/wp\/v2\/comments?post=222"}],"version-history":[{"count":4,"href":"https:\/\/service.projektlabor.tu-berlin.de\/wordpress\/morse-decoder\/wp-json\/wp\/v2\/pages\/222\/revisions"}],"predecessor-version":[{"id":293,"href":"https:\/\/service.projektlabor.tu-berlin.de\/wordpress\/morse-decoder\/wp-json\/wp\/v2\/pages\/222\/revisions\/293"}],"up":[{"embeddable":true,"href":"https:\/\/service.projektlabor.tu-berlin.de\/wordpress\/morse-decoder\/wp-json\/wp\/v2\/pages\/300"}],"wp:attachment":[{"href":"https:\/\/service.projektlabor.tu-berlin.de\/wordpress\/morse-decoder\/wp-json\/wp\/v2\/media?parent=222"}],"curies":[{"name":"wp","href":"https:\/\/api.w.org\/{rel}","templated":true}]}}