{"id":219,"date":"2019-06-27T11:02:12","date_gmt":"2019-06-27T09:02:12","guid":{"rendered":"http:\/\/service.projektlabor.tu-berlin.de\/wordpress\/ss2019do\/?page_id=219"},"modified":"2019-07-11T14:25:57","modified_gmt":"2019-07-11T12:25:57","slug":"spannungsregler","status":"publish","type":"page","link":"https:\/\/service.projektlabor.tu-berlin.de\/wordpress\/morse-decoder\/funk-uebertragung\/abschlussbericht\/spannungsregler\/","title":{"rendered":"Spannungsregler"},"content":{"rendered":"<p>Die erwartete Versorgungsspannung betr\u00e4gt 5V. F\u00fcr den Receiver-IC ist das der im Datenblatt angegebene optimale Spannungsbereich. F\u00fcr den Empf\u00e4nger-IC ergibt sich daraus jedoch ein Problem,<br \/>\nda der Eingangsspannungsbereich zwischen 2,1 Volt und 4 Volt liegt, was einen zu hohen Spannungsbereich beinhaltet. Um diesen zu senken und die Schaltung so einfach wie m\u00f6glich zu halten, wird ein linearer Spannungsregler eingebaut. Hierf\u00fcr bietet sich der LM317 an.<br \/>\nDieser Spannungsregler l\u00e4sst sich sehr genau auf die gew\u00fcnschte Spannung einstellen. Die Einstellung der Spannung erfolgt dabei \u00fcber einen Spannungsteiler. F\u00fcr die gewollten 3,3 Volt benutzt man idealerweise einen 220Ohm und einen 360Ohm Widerstand.<br \/>\nIn einem ersten Laboraufbau wird eine Spannung von ungef\u00e4hr 3,2 Volt erreicht. Die Abweichung liegt wahrscheinlich an den Toleranzen der verwendeten Widerst\u00e4nde. Diese Abweichung sollte allerdings kein Problem darstellen, da auch 3,2 Volt in dem vom IC angegebenen Spannungsbereich liegen.<br \/>\nDa es sich um die Betriebsspannung handelt, wird die Schaltung noch auf Belastbarkeit gepr\u00fcft. Dazu wurden verschiedene Widerst\u00e4nde als Last geschaltet, dabei bleibt die Ausgangsspannung zu jeder Zeit konstant. Getestet wird diese vorl\u00e4ufige Schaltung mit einer Leistung von bis zu 0,5 Watt.<br \/>\nDa der Transmitter laut Datenblatt einen Stromverbrauch von 7-8mA bei 3V Betriebsspannung besitzt, ist dies mehr als ausreichend.<br \/>\nDie Leistungsaufnahme vom Receiver ist geringf\u00fcgig h\u00f6her, da die Betriebsspannung 5V betr\u00e4gt, jedoch der zu erwartende Stromverbrauch in etwa bei 7-8mA liegt.<\/p>\n","protected":false},"excerpt":{"rendered":"<p>Die erwartete Versorgungsspannung betr\u00e4gt 5V. F\u00fcr den Receiver-IC ist das der im Datenblatt angegebene optimale Spannungsbereich. F\u00fcr den Empf\u00e4nger-IC ergibt sich daraus jedoch ein Problem, da der Eingangsspannungsbereich zwischen 2,1 Volt und 4 Volt liegt, was einen zu hohen Spannungsbereich &hellip; <a href=\"https:\/\/service.projektlabor.tu-berlin.de\/wordpress\/morse-decoder\/funk-uebertragung\/abschlussbericht\/spannungsregler\/\">Weiterlesen <span class=\"meta-nav\">&rarr;<\/span><\/a><\/p>\n","protected":false},"author":88,"featured_media":0,"parent":300,"menu_order":0,"comment_status":"closed","ping_status":"closed","template":"","meta":[],"_links":{"self":[{"href":"https:\/\/service.projektlabor.tu-berlin.de\/wordpress\/morse-decoder\/wp-json\/wp\/v2\/pages\/219"}],"collection":[{"href":"https:\/\/service.projektlabor.tu-berlin.de\/wordpress\/morse-decoder\/wp-json\/wp\/v2\/pages"}],"about":[{"href":"https:\/\/service.projektlabor.tu-berlin.de\/wordpress\/morse-decoder\/wp-json\/wp\/v2\/types\/page"}],"author":[{"embeddable":true,"href":"https:\/\/service.projektlabor.tu-berlin.de\/wordpress\/morse-decoder\/wp-json\/wp\/v2\/users\/88"}],"replies":[{"embeddable":true,"href":"https:\/\/service.projektlabor.tu-berlin.de\/wordpress\/morse-decoder\/wp-json\/wp\/v2\/comments?post=219"}],"version-history":[{"count":3,"href":"https:\/\/service.projektlabor.tu-berlin.de\/wordpress\/morse-decoder\/wp-json\/wp\/v2\/pages\/219\/revisions"}],"predecessor-version":[{"id":284,"href":"https:\/\/service.projektlabor.tu-berlin.de\/wordpress\/morse-decoder\/wp-json\/wp\/v2\/pages\/219\/revisions\/284"}],"up":[{"embeddable":true,"href":"https:\/\/service.projektlabor.tu-berlin.de\/wordpress\/morse-decoder\/wp-json\/wp\/v2\/pages\/300"}],"wp:attachment":[{"href":"https:\/\/service.projektlabor.tu-berlin.de\/wordpress\/morse-decoder\/wp-json\/wp\/v2\/media?parent=219"}],"curies":[{"name":"wp","href":"https:\/\/api.w.org\/{rel}","templated":true}]}}