{"id":216,"date":"2019-06-27T11:01:43","date_gmt":"2019-06-27T09:01:43","guid":{"rendered":"http:\/\/service.projektlabor.tu-berlin.de\/wordpress\/ss2019do\/?page_id=216"},"modified":"2019-07-11T14:27:00","modified_gmt":"2019-07-11T12:27:00","slug":"beschaffung-der-ics","status":"publish","type":"page","link":"https:\/\/service.projektlabor.tu-berlin.de\/wordpress\/morse-decoder\/funk-uebertragung\/abschlussbericht\/beschaffung-der-ics\/","title":{"rendered":"Beschaffung der IC\u2019s"},"content":{"rendered":"<p>F\u00fcr die Funk\u00fcbertragung bedarf es eines Sender- und eines Empf\u00e4ngermoduls. Beide Komponenten sollen als Kernst\u00fcck jeweils einen IC haben, der prim\u00e4r die FSK- Modulation bzw. -Demodulation ausf\u00fchrt. Als Frequenzbereich steht aufgrund gesetzlicher Einschr\u00e4nkungen nur das ISM-Band mit 433 MHz zur Verf\u00fcgung.<br \/>\nBei der Recherche zu einem geeigneten IC f\u00e4llt auf, dass Transmitter i.d.R. einfacher aufgebaut sind (innerer Aufbau, weniger Pins) als entsprechende Receiver. Nach einiger Recherche wird der TH71101 ins Auge gefasst. Er bietet sowohl ASK, als auch die ben\u00f6tigte FSK-Demodulation. Auch wenn er komplexer ist als ben\u00f6tigt (32 Pins), so ist die Dokumentation im Datenblatt doch ausreichend ausf\u00fchrlich. Allerdings ist dieser IC in der K\u00fcrze der Zeit nur von einem Anbieter zu beziehen, der Versandkosten in H\u00f6he von 20 \u20ac berechnet. Aus diesem Grund scheidet der IC in Anbetracht des Budgets von 50 \u20ac aus.<br \/>\nNach weiterer Recherche findet sich der TDA5210 von Infineon. Er hat einen \u00e4hnlichen Funktionsumfang wie der TH71101, enth\u00e4lt allerdings eine noch ausf\u00fchrlichere Dokumentation und ist insbesondere mit angemessenen Versandkosten lieferbar. In der Gruppe wird damit der TDA5210 als Receiver-IC festgelegt.<br \/>\nF\u00fcr die Schaltung um den IC wird unter anderem ein Schwingquarz ben\u00f6tigt, der die Sendefrequenz vorgibt. Zwar ist ein Quarz mit der ben\u00f6tigten Frequenz generell lieferbar, allerdings wie zuvor nur mit sehr hohen Lieferkosten oder einer langen Lieferzeit. Aus diesem Grund wird ein Quarz mit einer leicht abweichenden Frequenz bestellt. Der Quarz ist f\u00fcr das sogenannte Frequenzy-Pulling zust\u00e4ndig, welches daf\u00fcr sorgt, dass die interne Frequenz des IC\u00b4s der Sendefrequenz der Antenne angepasst wird. Es ist dementsprechend wichtig, dass der Anpassungsprozess genau verl\u00e4uft.<\/p>\n","protected":false},"excerpt":{"rendered":"<p>F\u00fcr die Funk\u00fcbertragung bedarf es eines Sender- und eines Empf\u00e4ngermoduls. Beide Komponenten sollen als Kernst\u00fcck jeweils einen IC haben, der prim\u00e4r die FSK- Modulation bzw. -Demodulation ausf\u00fchrt. Als Frequenzbereich steht aufgrund gesetzlicher Einschr\u00e4nkungen nur das ISM-Band mit 433 MHz zur &hellip; <a href=\"https:\/\/service.projektlabor.tu-berlin.de\/wordpress\/morse-decoder\/funk-uebertragung\/abschlussbericht\/beschaffung-der-ics\/\">Weiterlesen <span class=\"meta-nav\">&rarr;<\/span><\/a><\/p>\n","protected":false},"author":88,"featured_media":0,"parent":300,"menu_order":0,"comment_status":"closed","ping_status":"closed","template":"","meta":[],"_links":{"self":[{"href":"https:\/\/service.projektlabor.tu-berlin.de\/wordpress\/morse-decoder\/wp-json\/wp\/v2\/pages\/216"}],"collection":[{"href":"https:\/\/service.projektlabor.tu-berlin.de\/wordpress\/morse-decoder\/wp-json\/wp\/v2\/pages"}],"about":[{"href":"https:\/\/service.projektlabor.tu-berlin.de\/wordpress\/morse-decoder\/wp-json\/wp\/v2\/types\/page"}],"author":[{"embeddable":true,"href":"https:\/\/service.projektlabor.tu-berlin.de\/wordpress\/morse-decoder\/wp-json\/wp\/v2\/users\/88"}],"replies":[{"embeddable":true,"href":"https:\/\/service.projektlabor.tu-berlin.de\/wordpress\/morse-decoder\/wp-json\/wp\/v2\/comments?post=216"}],"version-history":[{"count":3,"href":"https:\/\/service.projektlabor.tu-berlin.de\/wordpress\/morse-decoder\/wp-json\/wp\/v2\/pages\/216\/revisions"}],"predecessor-version":[{"id":283,"href":"https:\/\/service.projektlabor.tu-berlin.de\/wordpress\/morse-decoder\/wp-json\/wp\/v2\/pages\/216\/revisions\/283"}],"up":[{"embeddable":true,"href":"https:\/\/service.projektlabor.tu-berlin.de\/wordpress\/morse-decoder\/wp-json\/wp\/v2\/pages\/300"}],"wp:attachment":[{"href":"https:\/\/service.projektlabor.tu-berlin.de\/wordpress\/morse-decoder\/wp-json\/wp\/v2\/media?parent=216"}],"curies":[{"name":"wp","href":"https:\/\/api.w.org\/{rel}","templated":true}]}}