{"id":193,"date":"2019-06-20T16:53:26","date_gmt":"2019-06-20T14:53:26","guid":{"rendered":"http:\/\/service.projektlabor.tu-berlin.de\/wordpress\/ss2019do\/?page_id=193"},"modified":"2019-07-11T12:11:01","modified_gmt":"2019-07-11T10:11:01","slug":"led-lauflicht-ton","status":"publish","type":"page","link":"https:\/\/service.projektlabor.tu-berlin.de\/wordpress\/morse-decoder\/decoder\/zwischenbericht\/led-lauflicht-ton\/","title":{"rendered":"LED-Lauflicht &amp; Ton"},"content":{"rendered":"<p>Die Aufgabe der Lauflicht&amp; Ton-Gruppe war es, ein LED-Lauflicht zu erstellen, welches die Morsesignale ausgibt. Zudem sollte eine eine Audioausgabe realisiert werden, um die Eingangssignale h\u00f6rbar zu machen. Bei dem LED-Lauflicht gab es zwei M\u00f6glichkeiten dieses zu erstellen. Zu einem\u00a0k\u00f6nnten viele einzelne LEDs hintereinander geschaltet werden oder es wird ein vorgefertigter LED-Balken verwendet. Um L\u00f6taufwand zu sparen und aus optischen Gr\u00fcnden haben wir uns f\u00fcr zwei rote LED-Balken mit jeweils 20 LEDs entschieden. Dabei sollen die L\u00e4ngen eines \u201dDits\u201d bzw. \u201d Dats \u201d analog auf dem Lauflicht abgebildet werden, d.h. ein \u201dDit\u201d entspricht einer eingeschalteten LED und ein \u201dDat\u201d entspricht drei hintereinander eingeschaltene LEDs. Die Pausen zwischen Zeichen, Buchstaben und W\u00f6rter werden entsprechend durch ein, zwei und drei hintereinander ausgeschaltene LEDs abgebildet. F\u00fcr die Tonausgabe kann einfacher Summer verwendet werden, da nur ein Ton ben\u00f6tigt wird.<\/p>\n<p>Damit das Lauflicht mit seinen 40 LEDs vollst\u00e4ndig benutzt werden kann, muss jeder einzelne Pin vom Microcontroller angesteuert werden k\u00f6nnen. Es ist jedoch m\u00f6glich mit Demultiplexern die Anzahl der Output-Pins am Microcontrollern zu reduzieren. Mit drei 32-Channel-Demultiplexern k\u00f6nnen wir 48 Pins mit 15 Output-Pins (drei mal f\u00fcnf) des Microcontrollers ansteuern. Da die Demultiplexer maximal 20mA Strom treibt, haben wir f\u00fcr jeden Demultiplexer einen Widerstand mit 470\u2126 in Reihe geschaltet. Der Summer bekommt einen eigenen Pin und wird ebenfalls mit einen Widerstand von 470\u2126 in Reihe geschaltet.<\/p>\n<p>&nbsp;<\/p>\n","protected":false},"excerpt":{"rendered":"<p>Die Aufgabe der Lauflicht&amp; Ton-Gruppe war es, ein LED-Lauflicht zu erstellen, welches die Morsesignale ausgibt. Zudem sollte eine eine Audioausgabe realisiert werden, um die Eingangssignale h\u00f6rbar zu machen. Bei dem LED-Lauflicht gab es zwei M\u00f6glichkeiten dieses zu erstellen. Zu einem\u00a0k\u00f6nnten &hellip; <a href=\"https:\/\/service.projektlabor.tu-berlin.de\/wordpress\/morse-decoder\/decoder\/zwischenbericht\/led-lauflicht-ton\/\">Weiterlesen <span class=\"meta-nav\">&rarr;<\/span><\/a><\/p>\n","protected":false},"author":93,"featured_media":0,"parent":114,"menu_order":0,"comment_status":"closed","ping_status":"closed","template":"","meta":[],"_links":{"self":[{"href":"https:\/\/service.projektlabor.tu-berlin.de\/wordpress\/morse-decoder\/wp-json\/wp\/v2\/pages\/193"}],"collection":[{"href":"https:\/\/service.projektlabor.tu-berlin.de\/wordpress\/morse-decoder\/wp-json\/wp\/v2\/pages"}],"about":[{"href":"https:\/\/service.projektlabor.tu-berlin.de\/wordpress\/morse-decoder\/wp-json\/wp\/v2\/types\/page"}],"author":[{"embeddable":true,"href":"https:\/\/service.projektlabor.tu-berlin.de\/wordpress\/morse-decoder\/wp-json\/wp\/v2\/users\/93"}],"replies":[{"embeddable":true,"href":"https:\/\/service.projektlabor.tu-berlin.de\/wordpress\/morse-decoder\/wp-json\/wp\/v2\/comments?post=193"}],"version-history":[{"count":6,"href":"https:\/\/service.projektlabor.tu-berlin.de\/wordpress\/morse-decoder\/wp-json\/wp\/v2\/pages\/193\/revisions"}],"predecessor-version":[{"id":278,"href":"https:\/\/service.projektlabor.tu-berlin.de\/wordpress\/morse-decoder\/wp-json\/wp\/v2\/pages\/193\/revisions\/278"}],"up":[{"embeddable":true,"href":"https:\/\/service.projektlabor.tu-berlin.de\/wordpress\/morse-decoder\/wp-json\/wp\/v2\/pages\/114"}],"wp:attachment":[{"href":"https:\/\/service.projektlabor.tu-berlin.de\/wordpress\/morse-decoder\/wp-json\/wp\/v2\/media?parent=193"}],"curies":[{"name":"wp","href":"https:\/\/api.w.org\/{rel}","templated":true}]}}