{"id":189,"date":"2019-06-20T16:50:26","date_gmt":"2019-06-20T14:50:26","guid":{"rendered":"http:\/\/service.projektlabor.tu-berlin.de\/wordpress\/ss2019do\/?page_id=189"},"modified":"2019-07-11T12:08:07","modified_gmt":"2019-07-11T10:08:07","slug":"display","status":"publish","type":"page","link":"https:\/\/service.projektlabor.tu-berlin.de\/wordpress\/morse-decoder\/decoder\/zwischenbericht\/display\/","title":{"rendered":"Display"},"content":{"rendered":"<p>Die Aufgabe der Display-Gruppe ist die Besorgung eines passenden LCD-Displays und die Ausgabe des bereits decordierten Morse-Codes. Daf\u00fcr wird ein 20*4 Display(DEBO LCD 20*4 BL Entwicklerboards) benutzt, wo man mehr Informationen gleichzeitig zeigen kann.<\/p>\n<p><img loading=\"lazy\" class=\"size-medium wp-image-190 aligncenter\" src=\"http:\/\/service.projektlabor.tu-berlin.de\/wordpress\/ss2019do\/wp-content\/uploads\/sites\/26\/2019\/06\/Bildschirmfoto-2019-06-20-um-16.49.36-223x300.png\" alt=\"\" width=\"223\" height=\"300\" srcset=\"https:\/\/service.projektlabor.tu-berlin.de\/wordpress\/morse-decoder\/wp-content\/uploads\/sites\/26\/2019\/06\/Bildschirmfoto-2019-06-20-um-16.49.36-223x300.png 223w, https:\/\/service.projektlabor.tu-berlin.de\/wordpress\/morse-decoder\/wp-content\/uploads\/sites\/26\/2019\/06\/Bildschirmfoto-2019-06-20-um-16.49.36-768x1032.png 768w, https:\/\/service.projektlabor.tu-berlin.de\/wordpress\/morse-decoder\/wp-content\/uploads\/sites\/26\/2019\/06\/Bildschirmfoto-2019-06-20-um-16.49.36-762x1024.png 762w, https:\/\/service.projektlabor.tu-berlin.de\/wordpress\/morse-decoder\/wp-content\/uploads\/sites\/26\/2019\/06\/Bildschirmfoto-2019-06-20-um-16.49.36.png 912w\" sizes=\"(max-width: 223px) 100vw, 223px\" \/><\/p>\n<p>Das Display wird von einer konstanten Spannungsquelle betrieben. Da unsere Gruppe schon viele von den Mikrokontroller Pins braucht, haben wir uns f\u00fcr ein I2C Kommunikationsprotokoll entschieden, wo das ganze Display mit 2 Pins gesteuert werden kann. Das Kommunikationsprotokoll soll mehrere Funktionen enthalten, mit denen man die W\u00f6rter in gew\u00fcnschter Form ausdr\u00fccken kann. Falls kein ideales I2C Kommunikationsprotokoll gefunden wurde, k\u00f6nnten wir die Adapter ausl\u00f6ten und direkt die 16 Pins ansteuern.<\/p>\n<p>&nbsp;<\/p>\n<p><img loading=\"lazy\" class=\"aligncenter wp-image-276 size-medium\" src=\"http:\/\/service.projektlabor.tu-berlin.de\/wordpress\/ss2019do\/wp-content\/uploads\/sites\/26\/2019\/07\/Bildschirmfoto-2019-07-11-um-12.06.50-300x162.png\" alt=\"\" width=\"300\" height=\"162\" srcset=\"https:\/\/service.projektlabor.tu-berlin.de\/wordpress\/morse-decoder\/wp-content\/uploads\/sites\/26\/2019\/07\/Bildschirmfoto-2019-07-11-um-12.06.50-300x162.png 300w, https:\/\/service.projektlabor.tu-berlin.de\/wordpress\/morse-decoder\/wp-content\/uploads\/sites\/26\/2019\/07\/Bildschirmfoto-2019-07-11-um-12.06.50-768x414.png 768w, https:\/\/service.projektlabor.tu-berlin.de\/wordpress\/morse-decoder\/wp-content\/uploads\/sites\/26\/2019\/07\/Bildschirmfoto-2019-07-11-um-12.06.50-1024x552.png 1024w, https:\/\/service.projektlabor.tu-berlin.de\/wordpress\/morse-decoder\/wp-content\/uploads\/sites\/26\/2019\/07\/Bildschirmfoto-2019-07-11-um-12.06.50-500x270.png 500w, https:\/\/service.projektlabor.tu-berlin.de\/wordpress\/morse-decoder\/wp-content\/uploads\/sites\/26\/2019\/07\/Bildschirmfoto-2019-07-11-um-12.06.50.png 1202w\" sizes=\"(max-width: 300px) 100vw, 300px\" \/><\/p>\n<p>Die Men\u00fc steht f\u00fcr den Benutzer zur Verf\u00fcgung, damit die gew\u00fcnschte Nachricht von Speicher abgeholt werden. Es wird zuerst zwei Ausw\u00e4hle gezeigt, Funk und Licht, mit Tasten \u201cNext\u201c, die auf die Vorplatine stehen, kann man bei Men\u00fc die Auswahl wechseln. Nach Taster \u201cEnter\u201c dr\u00fccken, wurde die Auswahl bestimmen. Danach werden die gespeicherte Nachrichten bei Display dargestellt und<\/p>\n","protected":false},"excerpt":{"rendered":"<p>Die Aufgabe der Display-Gruppe ist die Besorgung eines passenden LCD-Displays und die Ausgabe des bereits decordierten Morse-Codes. Daf\u00fcr wird ein 20*4 Display(DEBO LCD 20*4 BL Entwicklerboards) benutzt, wo man mehr Informationen gleichzeitig zeigen kann. Das Display wird von einer konstanten &hellip; <a href=\"https:\/\/service.projektlabor.tu-berlin.de\/wordpress\/morse-decoder\/decoder\/zwischenbericht\/display\/\">Weiterlesen <span class=\"meta-nav\">&rarr;<\/span><\/a><\/p>\n","protected":false},"author":93,"featured_media":0,"parent":114,"menu_order":0,"comment_status":"closed","ping_status":"closed","template":"","meta":[],"_links":{"self":[{"href":"https:\/\/service.projektlabor.tu-berlin.de\/wordpress\/morse-decoder\/wp-json\/wp\/v2\/pages\/189"}],"collection":[{"href":"https:\/\/service.projektlabor.tu-berlin.de\/wordpress\/morse-decoder\/wp-json\/wp\/v2\/pages"}],"about":[{"href":"https:\/\/service.projektlabor.tu-berlin.de\/wordpress\/morse-decoder\/wp-json\/wp\/v2\/types\/page"}],"author":[{"embeddable":true,"href":"https:\/\/service.projektlabor.tu-berlin.de\/wordpress\/morse-decoder\/wp-json\/wp\/v2\/users\/93"}],"replies":[{"embeddable":true,"href":"https:\/\/service.projektlabor.tu-berlin.de\/wordpress\/morse-decoder\/wp-json\/wp\/v2\/comments?post=189"}],"version-history":[{"count":4,"href":"https:\/\/service.projektlabor.tu-berlin.de\/wordpress\/morse-decoder\/wp-json\/wp\/v2\/pages\/189\/revisions"}],"predecessor-version":[{"id":277,"href":"https:\/\/service.projektlabor.tu-berlin.de\/wordpress\/morse-decoder\/wp-json\/wp\/v2\/pages\/189\/revisions\/277"}],"up":[{"embeddable":true,"href":"https:\/\/service.projektlabor.tu-berlin.de\/wordpress\/morse-decoder\/wp-json\/wp\/v2\/pages\/114"}],"wp:attachment":[{"href":"https:\/\/service.projektlabor.tu-berlin.de\/wordpress\/morse-decoder\/wp-json\/wp\/v2\/media?parent=189"}],"curies":[{"name":"wp","href":"https:\/\/api.w.org\/{rel}","templated":true}]}}