{"id":174,"date":"2019-06-20T19:25:26","date_gmt":"2019-06-20T17:25:26","guid":{"rendered":"http:\/\/service.projektlabor.tu-berlin.de\/wordpress\/ss2019do\/?page_id=174"},"modified":"2019-06-20T19:25:26","modified_gmt":"2019-06-20T17:25:26","slug":"aufgabenverteilung","status":"publish","type":"page","link":"https:\/\/service.projektlabor.tu-berlin.de\/wordpress\/morse-decoder\/encoder\/zwischenbericht\/aufgabenverteilung\/","title":{"rendered":"Aufgabenverteilung"},"content":{"rendered":"<p>Im ersten Termin wurden wichtige organisatroischen Punkte abgehandelt, und gleichzeitig wurde die Orga-\u00c4mter besetzt. Danach wurde ein erstes BSB entowrfen. Im folgenden zweiten Termin wurden das gesamte Projekt durch drei Teilgruppe geteilt; Display, Tastatureingabe und Mors-Code, wozu Recherche gesammelt wurde.<br \/>\nIm n\u00e4chsten dritten Termin entschied jede Gruppe die ausf\u00fchrliche gebrauchte Komponente und Bediengungen des Projektsentwurf, so dass in vierten Termin , das Flow-Chart definiert, das Display fertig verbunen wurden und die Anschaltung-, Ausschaltun- und Delay-Prozess codiert wurde. Bei der f\u00fcnften Termin wurde die Pin- bzw. Busbelegung und Layouterweiterung herausgearbeitet, sowie das L\u00f6ten des Adapters f\u00fcr die Tastatureingabe, und die Displaygruppe fuhr erfolgreich Test des Codes \u00fcber Ausgabe von visuellen Strings.<br \/>\nGruppe Encoding konnte ein &#8222;A&#8220; an die \u00dcbertragungsgruppe bei der sechsten Termin senden, und die Eagle-Schematic herausgearbeitet. Im siebsten Termin fuhr Gruppe Encoding erfolgreiche Teste aus und die Tastatur-Eingabe Gruppe bracht erfolgreich ein LED durch Interrupt zum Leuchten. In folgenden achsten Termin begann die Platine bei der Encoding Gruppe gel\u00f6tet zu werden. Au\u00dferdem hatte die Tastatur-Gruppe den Code weitergeschriben inklusiv der Implementierungscode f\u00fcr einen Buchstaben und der Adapter f\u00fcr die Tastatur gel\u00f6tet wurde.<\/p>\n","protected":false},"excerpt":{"rendered":"<p>Im ersten Termin wurden wichtige organisatroischen Punkte abgehandelt, und gleichzeitig wurde die Orga-\u00c4mter besetzt. Danach wurde ein erstes BSB entowrfen. Im folgenden zweiten Termin wurden das gesamte Projekt durch drei Teilgruppe geteilt; Display, Tastatureingabe und Mors-Code, wozu Recherche gesammelt wurde. &hellip; <a href=\"https:\/\/service.projektlabor.tu-berlin.de\/wordpress\/morse-decoder\/encoder\/zwischenbericht\/aufgabenverteilung\/\">Weiterlesen <span class=\"meta-nav\">&rarr;<\/span><\/a><\/p>\n","protected":false},"author":94,"featured_media":0,"parent":160,"menu_order":0,"comment_status":"closed","ping_status":"closed","template":"","meta":[],"_links":{"self":[{"href":"https:\/\/service.projektlabor.tu-berlin.de\/wordpress\/morse-decoder\/wp-json\/wp\/v2\/pages\/174"}],"collection":[{"href":"https:\/\/service.projektlabor.tu-berlin.de\/wordpress\/morse-decoder\/wp-json\/wp\/v2\/pages"}],"about":[{"href":"https:\/\/service.projektlabor.tu-berlin.de\/wordpress\/morse-decoder\/wp-json\/wp\/v2\/types\/page"}],"author":[{"embeddable":true,"href":"https:\/\/service.projektlabor.tu-berlin.de\/wordpress\/morse-decoder\/wp-json\/wp\/v2\/users\/94"}],"replies":[{"embeddable":true,"href":"https:\/\/service.projektlabor.tu-berlin.de\/wordpress\/morse-decoder\/wp-json\/wp\/v2\/comments?post=174"}],"version-history":[{"count":1,"href":"https:\/\/service.projektlabor.tu-berlin.de\/wordpress\/morse-decoder\/wp-json\/wp\/v2\/pages\/174\/revisions"}],"predecessor-version":[{"id":175,"href":"https:\/\/service.projektlabor.tu-berlin.de\/wordpress\/morse-decoder\/wp-json\/wp\/v2\/pages\/174\/revisions\/175"}],"up":[{"embeddable":true,"href":"https:\/\/service.projektlabor.tu-berlin.de\/wordpress\/morse-decoder\/wp-json\/wp\/v2\/pages\/160"}],"wp:attachment":[{"href":"https:\/\/service.projektlabor.tu-berlin.de\/wordpress\/morse-decoder\/wp-json\/wp\/v2\/media?parent=174"}],"curies":[{"name":"wp","href":"https:\/\/api.w.org\/{rel}","templated":true}]}}