{"id":170,"date":"2019-06-20T19:22:28","date_gmt":"2019-06-20T17:22:28","guid":{"rendered":"http:\/\/service.projektlabor.tu-berlin.de\/wordpress\/ss2019do\/?page_id=170"},"modified":"2019-06-20T19:22:28","modified_gmt":"2019-06-20T17:22:28","slug":"encoder-einleitung","status":"publish","type":"page","link":"https:\/\/service.projektlabor.tu-berlin.de\/wordpress\/morse-decoder\/encoder\/zwischenbericht\/encoder-einleitung\/","title":{"rendered":"Einleitung"},"content":{"rendered":"<p>In der Gruppe Encoder arbeiten: Armando Flores, Arndt Busse, Darren Goerke, Dennis Schnidt, Kodhr Darwiche, Nour Alghounaimi, Omar Al Shekh Qasem und Tim Albert Klass.<\/p>\n<p><img loading=\"lazy\" class=\"alignnone size-medium wp-image-168\" src=\"http:\/\/service.projektlabor.tu-berlin.de\/wordpress\/ss2019do\/wp-content\/uploads\/sites\/26\/2019\/06\/WhatsApp-Image-2019-05-09-at-19.26.51-300x225.jpeg\" alt=\"\" width=\"300\" height=\"225\" srcset=\"https:\/\/service.projektlabor.tu-berlin.de\/wordpress\/morse-decoder\/wp-content\/uploads\/sites\/26\/2019\/06\/WhatsApp-Image-2019-05-09-at-19.26.51-300x225.jpeg 300w, https:\/\/service.projektlabor.tu-berlin.de\/wordpress\/morse-decoder\/wp-content\/uploads\/sites\/26\/2019\/06\/WhatsApp-Image-2019-05-09-at-19.26.51-768x576.jpeg 768w, https:\/\/service.projektlabor.tu-berlin.de\/wordpress\/morse-decoder\/wp-content\/uploads\/sites\/26\/2019\/06\/WhatsApp-Image-2019-05-09-at-19.26.51-1024x768.jpeg 1024w, https:\/\/service.projektlabor.tu-berlin.de\/wordpress\/morse-decoder\/wp-content\/uploads\/sites\/26\/2019\/06\/WhatsApp-Image-2019-05-09-at-19.26.51-400x300.jpeg 400w, https:\/\/service.projektlabor.tu-berlin.de\/wordpress\/morse-decoder\/wp-content\/uploads\/sites\/26\/2019\/06\/WhatsApp-Image-2019-05-09-at-19.26.51.jpeg 1600w\" sizes=\"(max-width: 300px) 100vw, 300px\" \/><\/p>\n<p>Die Gruppe Encoder ist f\u00fcr die Codierung, Umsetzung und Testen der Morse Eingangssignal durch eine implementierte Tastatur verantwortlich. Die Aufgaben wurden in 3 verschiedenen Untergruppe verteilt: Tastatureingabe, Display und Encodergruppe. Die erste Gruppe entschied welche Tastaturmodel anzuwenden, sowie das Protokol PS\/2 als Morseeingabe f\u00fcr die Verbindung mit dem ATmega32 Prozessor . Zus\u00e4tzlich wurde die Codeprogrammierung als die Schaltungsverl\u00f6tung des Bussignaleingabe von der Tastatur zum Protoboard untergenommen und getestet.<\/p>\n<p>Die Displaygruppe k\u00fcmmerte sich um die Herstellung und Display-Decodierung der ausgegebenen Morzesignal. Dazu war auch f\u00fcr die Decodierung des eingetragenes Signal zum Display als auch f\u00fcr die Verbindung der entsprechenden ausgesendeten Morzecode verantwortlich.<\/p>\n<p>Die Code \u00dcbertragungsgruppe besch\u00e4ftigt sich mit der Bearbeitung des erhaltetes Signals, um die in Tastatur eingetragene Data zur n\u00e4chsten Gruppe verschl\u00fcsselt weiterzusenden. Hierf\u00fcr definierte die Encodergrupppe welche Bussignale zu einem digitales Morsesignal umzuwandeln.<\/p>\n","protected":false},"excerpt":{"rendered":"<p>In der Gruppe Encoder arbeiten: Armando Flores, Arndt Busse, Darren Goerke, Dennis Schnidt, Kodhr Darwiche, Nour Alghounaimi, Omar Al Shekh Qasem und Tim Albert Klass. Die Gruppe Encoder ist f\u00fcr die Codierung, Umsetzung und Testen der Morse Eingangssignal durch eine &hellip; <a href=\"https:\/\/service.projektlabor.tu-berlin.de\/wordpress\/morse-decoder\/encoder\/zwischenbericht\/encoder-einleitung\/\">Weiterlesen <span class=\"meta-nav\">&rarr;<\/span><\/a><\/p>\n","protected":false},"author":94,"featured_media":0,"parent":160,"menu_order":0,"comment_status":"closed","ping_status":"closed","template":"sidebar-page.php","meta":[],"_links":{"self":[{"href":"https:\/\/service.projektlabor.tu-berlin.de\/wordpress\/morse-decoder\/wp-json\/wp\/v2\/pages\/170"}],"collection":[{"href":"https:\/\/service.projektlabor.tu-berlin.de\/wordpress\/morse-decoder\/wp-json\/wp\/v2\/pages"}],"about":[{"href":"https:\/\/service.projektlabor.tu-berlin.de\/wordpress\/morse-decoder\/wp-json\/wp\/v2\/types\/page"}],"author":[{"embeddable":true,"href":"https:\/\/service.projektlabor.tu-berlin.de\/wordpress\/morse-decoder\/wp-json\/wp\/v2\/users\/94"}],"replies":[{"embeddable":true,"href":"https:\/\/service.projektlabor.tu-berlin.de\/wordpress\/morse-decoder\/wp-json\/wp\/v2\/comments?post=170"}],"version-history":[{"count":1,"href":"https:\/\/service.projektlabor.tu-berlin.de\/wordpress\/morse-decoder\/wp-json\/wp\/v2\/pages\/170\/revisions"}],"predecessor-version":[{"id":172,"href":"https:\/\/service.projektlabor.tu-berlin.de\/wordpress\/morse-decoder\/wp-json\/wp\/v2\/pages\/170\/revisions\/172"}],"up":[{"embeddable":true,"href":"https:\/\/service.projektlabor.tu-berlin.de\/wordpress\/morse-decoder\/wp-json\/wp\/v2\/pages\/160"}],"wp:attachment":[{"href":"https:\/\/service.projektlabor.tu-berlin.de\/wordpress\/morse-decoder\/wp-json\/wp\/v2\/media?parent=170"}],"curies":[{"name":"wp","href":"https:\/\/api.w.org\/{rel}","templated":true}]}}