{"id":142,"date":"2019-06-06T19:59:54","date_gmt":"2019-06-06T17:59:54","guid":{"rendered":"http:\/\/service.projektlabor.tu-berlin.de\/wordpress\/ss2019do\/?page_id=142"},"modified":"2019-06-06T19:59:58","modified_gmt":"2019-06-06T17:59:58","slug":"funktionsweise","status":"publish","type":"page","link":"https:\/\/service.projektlabor.tu-berlin.de\/wordpress\/morse-decoder\/funktionsweise\/","title":{"rendered":"Funktionsweise"},"content":{"rendered":"<p>In diesem Teil wird die Funktionsweise des Empf\u00e4ngers beschrieben.<br \/>\nUm das optische Signal des Senders (Licht der LED) zu empfangen, werden Fotodiodenverst\u00e4rker in der Schatung ben\u00f6tigt. Aufgrund von St\u00f6rsignalen (z.B Tageslicht) werden zwei Fotodiodenverst\u00e4rker in der Schaltung eingesetzt. Die eine Fotodiode empf\u00e4ngt und verst\u00e4rkt das vorhandene<br \/>\nLicht im Raum, w\u00e4hrend die andere Fotodiode das Licht der LED und auch das vorhandene Licht im Raum empf\u00e4ngt und verst\u00e4rkt. Das Ausgangssignal des zweiten Verst\u00e4rkers besteht somit aus dem umgewandelten Licht der LED und den optischen St\u00f6rsignalen.<br \/>\nDie Ausgangssignale werden beim Fotodiodenverst\u00e4rker weiter zum Differenzverst\u00e4rker \u00fcbertragen. Eingangssignale welche auf beiden Eing\u00e4ngen des Differenzverst\u00e4rkers gleich einwirken,<br \/>\nwerden in diesem Fall nicht verst\u00e4rkt. Somit wird nur das Licht der LED und vorhandene<br \/>\nSt\u00f6rsignale, die an beiden Eing\u00e4ngen verschieden sind, verst\u00e4rkt.<\/p>\n","protected":false},"excerpt":{"rendered":"<p>In diesem Teil wird die Funktionsweise des Empf\u00e4ngers beschrieben. Um das optische Signal des Senders (Licht der LED) zu empfangen, werden Fotodiodenverst\u00e4rker in der Schatung ben\u00f6tigt. Aufgrund von St\u00f6rsignalen (z.B Tageslicht) werden zwei Fotodiodenverst\u00e4rker in der Schaltung eingesetzt. Die eine &hellip; <a href=\"https:\/\/service.projektlabor.tu-berlin.de\/wordpress\/morse-decoder\/funktionsweise\/\">Weiterlesen <span class=\"meta-nav\">&rarr;<\/span><\/a><\/p>\n","protected":false},"author":87,"featured_media":0,"parent":0,"menu_order":0,"comment_status":"closed","ping_status":"closed","template":"","meta":[],"_links":{"self":[{"href":"https:\/\/service.projektlabor.tu-berlin.de\/wordpress\/morse-decoder\/wp-json\/wp\/v2\/pages\/142"}],"collection":[{"href":"https:\/\/service.projektlabor.tu-berlin.de\/wordpress\/morse-decoder\/wp-json\/wp\/v2\/pages"}],"about":[{"href":"https:\/\/service.projektlabor.tu-berlin.de\/wordpress\/morse-decoder\/wp-json\/wp\/v2\/types\/page"}],"author":[{"embeddable":true,"href":"https:\/\/service.projektlabor.tu-berlin.de\/wordpress\/morse-decoder\/wp-json\/wp\/v2\/users\/87"}],"replies":[{"embeddable":true,"href":"https:\/\/service.projektlabor.tu-berlin.de\/wordpress\/morse-decoder\/wp-json\/wp\/v2\/comments?post=142"}],"version-history":[{"count":1,"href":"https:\/\/service.projektlabor.tu-berlin.de\/wordpress\/morse-decoder\/wp-json\/wp\/v2\/pages\/142\/revisions"}],"predecessor-version":[{"id":144,"href":"https:\/\/service.projektlabor.tu-berlin.de\/wordpress\/morse-decoder\/wp-json\/wp\/v2\/pages\/142\/revisions\/144"}],"wp:attachment":[{"href":"https:\/\/service.projektlabor.tu-berlin.de\/wordpress\/morse-decoder\/wp-json\/wp\/v2\/media?parent=142"}],"curies":[{"name":"wp","href":"https:\/\/api.w.org\/{rel}","templated":true}]}}