{"id":130,"date":"2019-06-06T19:55:37","date_gmt":"2019-06-06T17:55:37","guid":{"rendered":"http:\/\/service.projektlabor.tu-berlin.de\/wordpress\/ss2019do\/?page_id=130"},"modified":"2019-06-06T19:55:38","modified_gmt":"2019-06-06T17:55:38","slug":"funktionsweise","status":"publish","type":"page","link":"https:\/\/service.projektlabor.tu-berlin.de\/wordpress\/morse-decoder\/optische-uebertragung\/zwischenbericht\/funktionsweise\/","title":{"rendered":"Funktionsweise"},"content":{"rendered":"<p>Ziel der Sendeschaltung ist es, Strom und Spannung des von der Eingabegruppe gelieferten Digitalsignals optimal auf die Bed\u00fcrfnisse der verwendeten LED anzupassen.<br \/>\nHierf\u00fcr kommt zun\u00e4chst ein Vorwiderstand zum Einsatz, der den Strom durch die LEDs begrenzt und als Komponente eines Spannungsteilers genau die Betriebsspannung an der LED bereitstellt.<br \/>\nDie Dimensionierung erfolgt anhand der Formel:<\/p>\n<p><img loading=\"lazy\" class=\"alignnone size-full wp-image-131\" src=\"http:\/\/service.projektlabor.tu-berlin.de\/wordpress\/ss2019do\/wp-content\/uploads\/sites\/26\/2019\/06\/formel1.png\" alt=\"\" width=\"184\" height=\"53\" \/><\/p>\n<p>Dabei gilt f\u00fcr den Vorwiderstand das Ohmsche Gesetz also die Spannung am Vorwiderstand geteilt durch den dadurch flie\u00dfenden Strom. Dabei ist die Spannung am Widerstand darstellbar durch die Differenz der Gesamtspannung und die Spannung an der LED. Der Strom ist der Maximale Strom, den die LED vertr\u00e4gt. Bei den im Datenblatt der verwendeten L3-G41N-GVW-LED angegebenen Vorgaben ergibt sich somit:<\/p>\n<p><img loading=\"lazy\" class=\"alignnone size-full wp-image-132\" src=\"http:\/\/service.projektlabor.tu-berlin.de\/wordpress\/ss2019do\/wp-content\/uploads\/sites\/26\/2019\/06\/formel2.png\" alt=\"\" width=\"284\" height=\"57\" \/><\/p>\n<p>Da das von der Eingabe-Gruppe gelieferte Signal UE nicht belastbar ist, muss letzteres vor Speisung der LEDs stromverst\u00e4rkt werden. Hierf\u00fcr kommt ein Operationsverst\u00e4rker in der Impedanzwandler-Schaltung zum Einsatz. Dieser hat einen sehr hohen Eingangswiderstand der daf\u00fcr sorgt, dass kaum Strom durch die Signalleitung flie\u00dft. Gleichzeitig liefert der OPV mithilfe einer positiven und negativen Versorgungsspannung genug Strom, um den LED-Vorwiderstand-Spannungsteiler mit UE zu versorgen.<\/p>\n","protected":false},"excerpt":{"rendered":"<p>Ziel der Sendeschaltung ist es, Strom und Spannung des von der Eingabegruppe gelieferten Digitalsignals optimal auf die Bed\u00fcrfnisse der verwendeten LED anzupassen. Hierf\u00fcr kommt zun\u00e4chst ein Vorwiderstand zum Einsatz, der den Strom durch die LEDs begrenzt und als Komponente eines &hellip; <a href=\"https:\/\/service.projektlabor.tu-berlin.de\/wordpress\/morse-decoder\/optische-uebertragung\/zwischenbericht\/funktionsweise\/\">Weiterlesen <span class=\"meta-nav\">&rarr;<\/span><\/a><\/p>\n","protected":false},"author":87,"featured_media":0,"parent":91,"menu_order":0,"comment_status":"closed","ping_status":"closed","template":"sidebar-page.php","meta":[],"_links":{"self":[{"href":"https:\/\/service.projektlabor.tu-berlin.de\/wordpress\/morse-decoder\/wp-json\/wp\/v2\/pages\/130"}],"collection":[{"href":"https:\/\/service.projektlabor.tu-berlin.de\/wordpress\/morse-decoder\/wp-json\/wp\/v2\/pages"}],"about":[{"href":"https:\/\/service.projektlabor.tu-berlin.de\/wordpress\/morse-decoder\/wp-json\/wp\/v2\/types\/page"}],"author":[{"embeddable":true,"href":"https:\/\/service.projektlabor.tu-berlin.de\/wordpress\/morse-decoder\/wp-json\/wp\/v2\/users\/87"}],"replies":[{"embeddable":true,"href":"https:\/\/service.projektlabor.tu-berlin.de\/wordpress\/morse-decoder\/wp-json\/wp\/v2\/comments?post=130"}],"version-history":[{"count":1,"href":"https:\/\/service.projektlabor.tu-berlin.de\/wordpress\/morse-decoder\/wp-json\/wp\/v2\/pages\/130\/revisions"}],"predecessor-version":[{"id":133,"href":"https:\/\/service.projektlabor.tu-berlin.de\/wordpress\/morse-decoder\/wp-json\/wp\/v2\/pages\/130\/revisions\/133"}],"up":[{"embeddable":true,"href":"https:\/\/service.projektlabor.tu-berlin.de\/wordpress\/morse-decoder\/wp-json\/wp\/v2\/pages\/91"}],"wp:attachment":[{"href":"https:\/\/service.projektlabor.tu-berlin.de\/wordpress\/morse-decoder\/wp-json\/wp\/v2\/media?parent=130"}],"curies":[{"name":"wp","href":"https:\/\/api.w.org\/{rel}","templated":true}]}}