{"id":103,"date":"2019-06-06T19:30:14","date_gmt":"2019-06-06T17:30:14","guid":{"rendered":"http:\/\/service.projektlabor.tu-berlin.de\/wordpress\/ss2019do\/?page_id=103"},"modified":"2019-06-06T19:30:14","modified_gmt":"2019-06-06T17:30:14","slug":"aufgabenverteilung","status":"publish","type":"page","link":"https:\/\/service.projektlabor.tu-berlin.de\/wordpress\/morse-decoder\/optische-uebertragung\/aufgabenverteilung\/","title":{"rendered":"Aufgabenverteilung"},"content":{"rendered":"<p>Im ersten Termin wird in einer kurzen Vorstellungsrunde das Projektlabor und die erste Terminplanung vorgestellt. Dazu werden die Referate angek\u00fcndigt und die Orga-\u00c4mter verteilt.<br \/>\nZum Schluss gibt es ein kurzes Brainstorming zum Blockschaltbild. Das Ergebnis dieses Brainstormings ist die Idee, dass eine LED zum Ausstrahlen und zwei Photodioden zum Empfangen<br \/>\nbenutzt werden. Die eine Photodiode misst die ganzen St\u00f6rsignale ohne LED und die andere Photodiode misst die Emission der LED. Dann wird durch die Differenz beider Signale das<br \/>\nSt\u00f6rsignal ausgefiltert. Der n\u00e4chste Termin ist der Verstr\u00e4rkertermin. In dem Termin werden zuerst Vorbereitungsaufgaben von den drei Teilgruppen pr\u00e4sentiert und zum Schluss hat jede Gruppe ihre Teilplatinen gel\u00f6tet und zusammen getestet. Es werden dann neben der Darstellung des Ausgangssignals am Oszilloskop ein Lied aufgelegt. In dem dritten Termin hat Finn am Anfang ein Referat \u00fcber den Operationsverst\u00e4rker gehalten. Nach der Pr\u00e4sentation wird eine Schaltung entworfen, die zum Testen der Aufl\u00f6sung einer Photodiode in Abh\u00e4ngigkeit von der Frequenz des ankommenden Signals dient. Es wird bemerkt, dass ein Differenzverst\u00e4rker zur Filterung des Raumlichtanteils nicht funktioniert. Im n\u00e4chsten Termin hat Gert ein Referat \u00fcber die LED, Merlin ein Referat \u00fcber die Fotodioden und Floris ein Referat \u00fcber den Hochpassfilter gehalten. Zun\u00e4chst wird dann \u00fcber die Planung und Aufgabenverteilung des Schnittstelllentermins diskutiert. Finn und Floris haben sich mit der Simulation des OPV mit Hochpassfilter besch\u00e4ftigt. Dazu haben Sie LT Spice verwendet. Aristomenis und Dimitrios haben die Schaltung dann auf einem Steckbrett aufgebaut, wobei Merlin, Dongyan und Gert ben\u00f6tigte Bauteile zum Weitertesten bestellt haben. Im f\u00fcnften Termin haben Floris, Finn, Aristomenis und Dimitrios die Receiver Schaltung bearbeitet. Gert, Merlin, Ze, Dongyan haben die Transmitterschaltung bearbeitet. Man hat entschieden, gr\u00fcne LEDs zu benutzen, da die gr\u00fcne LED am hellsten ist in dem Sortiment.<\/p>\n","protected":false},"excerpt":{"rendered":"<p>Im ersten Termin wird in einer kurzen Vorstellungsrunde das Projektlabor und die erste Terminplanung vorgestellt. Dazu werden die Referate angek\u00fcndigt und die Orga-\u00c4mter verteilt. Zum Schluss gibt es ein kurzes Brainstorming zum Blockschaltbild. Das Ergebnis dieses Brainstormings ist die Idee, &hellip; <a href=\"https:\/\/service.projektlabor.tu-berlin.de\/wordpress\/morse-decoder\/optische-uebertragung\/aufgabenverteilung\/\">Weiterlesen <span class=\"meta-nav\">&rarr;<\/span><\/a><\/p>\n","protected":false},"author":87,"featured_media":0,"parent":29,"menu_order":0,"comment_status":"closed","ping_status":"closed","template":"sidebar-page.php","meta":[],"_links":{"self":[{"href":"https:\/\/service.projektlabor.tu-berlin.de\/wordpress\/morse-decoder\/wp-json\/wp\/v2\/pages\/103"}],"collection":[{"href":"https:\/\/service.projektlabor.tu-berlin.de\/wordpress\/morse-decoder\/wp-json\/wp\/v2\/pages"}],"about":[{"href":"https:\/\/service.projektlabor.tu-berlin.de\/wordpress\/morse-decoder\/wp-json\/wp\/v2\/types\/page"}],"author":[{"embeddable":true,"href":"https:\/\/service.projektlabor.tu-berlin.de\/wordpress\/morse-decoder\/wp-json\/wp\/v2\/users\/87"}],"replies":[{"embeddable":true,"href":"https:\/\/service.projektlabor.tu-berlin.de\/wordpress\/morse-decoder\/wp-json\/wp\/v2\/comments?post=103"}],"version-history":[{"count":1,"href":"https:\/\/service.projektlabor.tu-berlin.de\/wordpress\/morse-decoder\/wp-json\/wp\/v2\/pages\/103\/revisions"}],"predecessor-version":[{"id":104,"href":"https:\/\/service.projektlabor.tu-berlin.de\/wordpress\/morse-decoder\/wp-json\/wp\/v2\/pages\/103\/revisions\/104"}],"up":[{"embeddable":true,"href":"https:\/\/service.projektlabor.tu-berlin.de\/wordpress\/morse-decoder\/wp-json\/wp\/v2\/pages\/29"}],"wp:attachment":[{"href":"https:\/\/service.projektlabor.tu-berlin.de\/wordpress\/morse-decoder\/wp-json\/wp\/v2\/media?parent=103"}],"curies":[{"name":"wp","href":"https:\/\/api.w.org\/{rel}","templated":true}]}}