{"id":100,"date":"2019-06-06T19:27:25","date_gmt":"2019-06-06T17:27:25","guid":{"rendered":"http:\/\/service.projektlabor.tu-berlin.de\/wordpress\/ss2019do\/?page_id=100"},"modified":"2019-06-06T19:27:59","modified_gmt":"2019-06-06T17:27:59","slug":"zeitplan","status":"publish","type":"page","link":"https:\/\/service.projektlabor.tu-berlin.de\/wordpress\/morse-decoder\/optische-uebertragung\/zeitplan\/","title":{"rendered":"Zeitplan"},"content":{"rendered":"<p>Im folgenden Teil wrd ein kurzer \u00dcberblick \u00fcber das Voranschreiten des Projekts und Ergebnisse jedes einzelnen Termins gegeben. Die genauere Beschreibung und Vorgehensweise des Arbeitsprozesses wird in den nachstehenden Teilen er\u00f6rtert.<\/p>\n<p>Im ersten Termin wird zuerst haupts\u00e4chlich organisatorische Dinge gekl\u00e4rt und das Blockschaltbild herausgearbeitet. Zum Testen des Zusammenspiels von LED und Fotodiode wird eine erste Grundschaltung entwickelt. Ziel dabei ist es, sich mit dem Ausgangssignal der Fotodiode vertraut zu machen, um weitere Schritte zu planen. Zun\u00e4chst wird nicht zwischen Sender- und Empf\u00e4ngerschaltung unterschieden.<br \/>\nIm vierten Termin wird die bestehende Schaltung weiter optimiert. Hauptaugenmerk liegt auf der Filterung und Verfeinerung des Ausgangssignals der Fotodiode. Dazu wird eine zweite Fotodiode und ein Differenzverst\u00e4rker hinzugef\u00fcgt, um den durch Raumlicht bedingten Gleichanteil das Signals herauszufiltern. Ferner wird ein Hochpassfilter integriert, der niederfrequenten St\u00f6rsignalen entgegenwirken soll. Des Weiteren wird die Schaltung mit allen Filtern in LTSpice simuliert.<br \/>\nIm vorerst letzten Termin wird die Schaltung erstmals in Sender und Empf\u00e4nger aufgeteilt, um die \u00dcbertragungsdistanz zu testen. Die Senderschaltung wird um einen Impedanzwandler erweitert, der das von der Decodergruppe bereitgestellte Signal belastbar machen soll. Au\u00dferdem wird die bis dato einzelne LED durch eine LED-Matrix aus x LEDs ersetzt. Bei der Empf\u00e4ngerschaltung wird an den bereits vorgestellten Filtern weitergearbeitet.<\/p>\n","protected":false},"excerpt":{"rendered":"<p>Im folgenden Teil wrd ein kurzer \u00dcberblick \u00fcber das Voranschreiten des Projekts und Ergebnisse jedes einzelnen Termins gegeben. Die genauere Beschreibung und Vorgehensweise des Arbeitsprozesses wird in den nachstehenden Teilen er\u00f6rtert. Im ersten Termin wird zuerst haupts\u00e4chlich organisatorische Dinge gekl\u00e4rt &hellip; <a href=\"https:\/\/service.projektlabor.tu-berlin.de\/wordpress\/morse-decoder\/optische-uebertragung\/zeitplan\/\">Weiterlesen <span class=\"meta-nav\">&rarr;<\/span><\/a><\/p>\n","protected":false},"author":87,"featured_media":0,"parent":29,"menu_order":3,"comment_status":"closed","ping_status":"closed","template":"sidebar-page.php","meta":[],"_links":{"self":[{"href":"https:\/\/service.projektlabor.tu-berlin.de\/wordpress\/morse-decoder\/wp-json\/wp\/v2\/pages\/100"}],"collection":[{"href":"https:\/\/service.projektlabor.tu-berlin.de\/wordpress\/morse-decoder\/wp-json\/wp\/v2\/pages"}],"about":[{"href":"https:\/\/service.projektlabor.tu-berlin.de\/wordpress\/morse-decoder\/wp-json\/wp\/v2\/types\/page"}],"author":[{"embeddable":true,"href":"https:\/\/service.projektlabor.tu-berlin.de\/wordpress\/morse-decoder\/wp-json\/wp\/v2\/users\/87"}],"replies":[{"embeddable":true,"href":"https:\/\/service.projektlabor.tu-berlin.de\/wordpress\/morse-decoder\/wp-json\/wp\/v2\/comments?post=100"}],"version-history":[{"count":3,"href":"https:\/\/service.projektlabor.tu-berlin.de\/wordpress\/morse-decoder\/wp-json\/wp\/v2\/pages\/100\/revisions"}],"predecessor-version":[{"id":173,"href":"https:\/\/service.projektlabor.tu-berlin.de\/wordpress\/morse-decoder\/wp-json\/wp\/v2\/pages\/100\/revisions\/173"}],"up":[{"embeddable":true,"href":"https:\/\/service.projektlabor.tu-berlin.de\/wordpress\/morse-decoder\/wp-json\/wp\/v2\/pages\/29"}],"wp:attachment":[{"href":"https:\/\/service.projektlabor.tu-berlin.de\/wordpress\/morse-decoder\/wp-json\/wp\/v2\/media?parent=100"}],"curies":[{"name":"wp","href":"https:\/\/api.w.org\/{rel}","templated":true}]}}