{"id":33,"date":"2013-04-28T16:53:25","date_gmt":"2013-04-28T14:53:25","guid":{"rendered":"http:\/\/service.projektlabor.tu-berlin.de\/wordpress\/meisterorgl\/?page_id=33"},"modified":"2013-06-28T19:49:19","modified_gmt":"2013-06-28T17:49:19","slug":"verstarker-und-boxen","status":"publish","type":"page","link":"https:\/\/service.projektlabor.tu-berlin.de\/wordpress\/meisterorgl\/gruppen\/verstarker-und-boxen\/","title":{"rendered":"Verst\u00e4rker und Boxen"},"content":{"rendered":"<figure id=\"attachment_384\" aria-describedby=\"caption-attachment-384\" style=\"width: 640px\" class=\"wp-caption aligncenter\"><a href=\"http:\/\/service.projektlabor.tu-berlin.de\/wordpress\/meisterorgl\/wp-content\/uploads\/sites\/2\/2013\/04\/gruppenbild.jpg\"><img loading=\"lazy\" src=\"http:\/\/service.projektlabor.tu-berlin.de\/wordpress\/meisterorgl\/wp-content\/uploads\/sites\/2\/2013\/04\/gruppenbild.jpg\" alt=\"v.l.n.r.: Jakob, Paul, Jan, Abdellah, Oliver, Kevin; Betreuer: Paul A. (nicht auf dem Bild) \" width=\"640\" height=\"477\" class=\"size-full wp-image-384\" srcset=\"https:\/\/service.projektlabor.tu-berlin.de\/wordpress\/meisterorgl\/wp-content\/uploads\/sites\/2\/2013\/04\/gruppenbild.jpg 957w, https:\/\/service.projektlabor.tu-berlin.de\/wordpress\/meisterorgl\/wp-content\/uploads\/sites\/2\/2013\/04\/gruppenbild-300x223.jpg 300w\" sizes=\"(max-width: 640px) 100vw, 640px\" \/><\/a><figcaption id=\"caption-attachment-384\" class=\"wp-caption-text\">v.l.n.r.: Jakob, Paul, Jan, Abdellah, Oliver, Kevin; Betreuer: Paul A. (nicht auf dem Bild)<br \/><\/figcaption><\/figure>\n<p>Die im Projekt &#8222;meisterOrgl&#8216; entworfene Lichtorgel verf\u00fcgt neben den eigentlichen Lichteffekten auch \u00fcber eine akustische Ausgabe.<\/p>\n<p>Aufgabe dieser Untergruppe ist es, das Audio-Signal der Eingangsgruppe zu verst\u00e4rken, um es nachfolgend \u00fcber Lautsprecher auszugeben.<br \/>\nDas Grundkonzept besteht hierbei aus einem Audio-Verst\u00e4rker nach Klasse-D Architektur sowie aus selbstentworfenen 2-Wege-Bassreflex-Lautsprechern. Das Klasse-D Verfahren basiert auf der sogenannten Puls-Weiten-Modulation, wodurch die Endstufe im Schaltbetrieb arbeiten kann und somit h\u00f6chste Effizienz m\u00f6glich ist.<\/p>\n<figure id=\"attachment_382\" aria-describedby=\"caption-attachment-382\" style=\"width: 640px\" class=\"wp-caption aligncenter\"><a href=\"http:\/\/service.projektlabor.tu-berlin.de\/wordpress\/meisterorgl\/wp-content\/uploads\/sites\/2\/2013\/04\/blockschaltbild_gruppe5.png\"><img loading=\"lazy\" src=\"http:\/\/service.projektlabor.tu-berlin.de\/wordpress\/meisterorgl\/wp-content\/uploads\/sites\/2\/2013\/04\/blockschaltbild_gruppe5.png\" alt=\"Blockschaltbild Gruppe 5\" width=\"640\" height=\"376\" class=\"size-full wp-image-382\" srcset=\"https:\/\/service.projektlabor.tu-berlin.de\/wordpress\/meisterorgl\/wp-content\/uploads\/sites\/2\/2013\/04\/blockschaltbild_gruppe5.png 960w, https:\/\/service.projektlabor.tu-berlin.de\/wordpress\/meisterorgl\/wp-content\/uploads\/sites\/2\/2013\/04\/blockschaltbild_gruppe5-300x176.png 300w\" sizes=\"(max-width: 640px) 100vw, 640px\" \/><\/a><figcaption id=\"caption-attachment-382\" class=\"wp-caption-text\">Blockschaltbild Gruppe 5<\/figcaption><\/figure>\n","protected":false},"excerpt":{"rendered":"<p>Die im Projekt &#8222;meisterOrgl&#8216; entworfene Lichtorgel verf\u00fcgt neben den eigentlichen Lichteffekten auch \u00fcber eine akustische Ausgabe. Aufgabe dieser Untergruppe ist es, das Audio-Signal der Eingangsgruppe zu verst\u00e4rken, um es nachfolgend \u00fcber Lautsprecher auszugeben. Das Grundkonzept besteht hierbei aus einem Audio-Verst\u00e4rker nach Klasse-D Architektur sowie aus selbstentworfenen 2-Wege-Bassreflex-Lautsprechern. Das Klasse-D Verfahren basiert auf der sogenannten Puls-Weiten-Modulation, [&hellip;]<\/p>\n","protected":false},"author":2,"featured_media":0,"parent":23,"menu_order":0,"comment_status":"closed","ping_status":"open","template":"","meta":[],"_links":{"self":[{"href":"https:\/\/service.projektlabor.tu-berlin.de\/wordpress\/meisterorgl\/wp-json\/wp\/v2\/pages\/33"}],"collection":[{"href":"https:\/\/service.projektlabor.tu-berlin.de\/wordpress\/meisterorgl\/wp-json\/wp\/v2\/pages"}],"about":[{"href":"https:\/\/service.projektlabor.tu-berlin.de\/wordpress\/meisterorgl\/wp-json\/wp\/v2\/types\/page"}],"author":[{"embeddable":true,"href":"https:\/\/service.projektlabor.tu-berlin.de\/wordpress\/meisterorgl\/wp-json\/wp\/v2\/users\/2"}],"replies":[{"embeddable":true,"href":"https:\/\/service.projektlabor.tu-berlin.de\/wordpress\/meisterorgl\/wp-json\/wp\/v2\/comments?post=33"}],"version-history":[{"count":17,"href":"https:\/\/service.projektlabor.tu-berlin.de\/wordpress\/meisterorgl\/wp-json\/wp\/v2\/pages\/33\/revisions"}],"predecessor-version":[{"id":174,"href":"https:\/\/service.projektlabor.tu-berlin.de\/wordpress\/meisterorgl\/wp-json\/wp\/v2\/pages\/33\/revisions\/174"}],"up":[{"embeddable":true,"href":"https:\/\/service.projektlabor.tu-berlin.de\/wordpress\/meisterorgl\/wp-json\/wp\/v2\/pages\/23"}],"wp:attachment":[{"href":"https:\/\/service.projektlabor.tu-berlin.de\/wordpress\/meisterorgl\/wp-json\/wp\/v2\/media?parent=33"}],"curies":[{"name":"wp","href":"https:\/\/api.w.org\/{rel}","templated":true}]}}