{"id":26,"date":"2013-04-28T16:52:27","date_gmt":"2013-04-28T14:52:27","guid":{"rendered":"http:\/\/service.projektlabor.tu-berlin.de\/wordpress\/meisterorgl\/?page_id=26"},"modified":"2013-06-27T17:14:29","modified_gmt":"2013-06-27T15:14:29","slug":"led-und-display","status":"publish","type":"page","link":"https:\/\/service.projektlabor.tu-berlin.de\/wordpress\/meisterorgl\/gruppen\/led-und-display\/","title":{"rendered":"LED und Display"},"content":{"rendered":"<figure id=\"attachment_351\" aria-describedby=\"caption-attachment-351\" style=\"width: 640px\" class=\"wp-caption aligncenter\"><a href=\"http:\/\/service.projektlabor.tu-berlin.de\/wordpress\/meisterorgl\/wp-content\/uploads\/sites\/2\/2013\/04\/Gruppenbild_LED.jpg\"><img loading=\"lazy\" class=\" wp-image-351 \" alt=\"v.l.n.r: Betreuer: Stephan; Johannes, Christiane, Frank, Magdalena, Pascal, Urs, Lukas\" src=\"http:\/\/service.projektlabor.tu-berlin.de\/wordpress\/meisterorgl\/wp-content\/uploads\/sites\/2\/2013\/04\/Gruppenbild_LED-1024x682.jpg\" width=\"640\" height=\"426\" srcset=\"https:\/\/service.projektlabor.tu-berlin.de\/wordpress\/meisterorgl\/wp-content\/uploads\/sites\/2\/2013\/04\/Gruppenbild_LED-1024x682.jpg 1024w, https:\/\/service.projektlabor.tu-berlin.de\/wordpress\/meisterorgl\/wp-content\/uploads\/sites\/2\/2013\/04\/Gruppenbild_LED-300x200.jpg 300w\" sizes=\"(max-width: 640px) 100vw, 640px\" \/><\/a><figcaption id=\"caption-attachment-351\" class=\"wp-caption-text\">v.l.n.r: Betreuer: Stephan; Johannes, Christiane, Frank, Magdalena, Pascal, Urs, Lukas<\/figcaption><\/figure>\n<p>&nbsp;<\/p>\n<p>Neben Scheinwerfern verf\u00fcgt die MeisterOrgl auch \u00fcber ein LED-Display, welches verschiedene Animationen und Text in Abh\u00e4ngigkeit der Musik darstellen kann. Au\u00dferdem k\u00f6nnen \u00fcber die DMX-Schnittstelle auch bis zu 32 externe Lichteffektger\u00e4te angesteuert werden. Somit ist die MeisterOrgl nicht nur eine Lichtorgel im klassischen Sinne, sondern auch ein Lichteffektsteuerungsger\u00e4t, an welches unproblematisch andere B\u00fchnen- und Veranstaltungstechnik angeschlossen werden k\u00f6nnen.<\/p>\n<p>Die Display- und DMX-Gruppe ordnet sich im Blockschlatbild des Gesamtprojektes nach der Effektegruppe ein und erh\u00e4lt von dieser eine Animations-ID und Geschwindigkeitsparameter, um die Animationen auf dem Display und den angeschlossenen externen DMX-f\u00e4higen Ger\u00e4ten zu steuern. Dazu werden 3 Mikrocontroller ben\u00f6tigt.<\/p>\n<p>&nbsp;<\/p>\n<figure id=\"attachment_365\" aria-describedby=\"caption-attachment-365\" style=\"width: 640px\" class=\"wp-caption aligncenter\"><a href=\"http:\/\/service.projektlabor.tu-berlin.de\/wordpress\/meisterorgl\/wp-content\/uploads\/sites\/2\/2013\/04\/blockschaltbild_led.png\"><img loading=\"lazy\" class=\"size-large wp-image-365\" alt=\"Blockschaltbild Gruppe 2\" src=\"http:\/\/service.projektlabor.tu-berlin.de\/wordpress\/meisterorgl\/wp-content\/uploads\/sites\/2\/2013\/04\/blockschaltbild_led-1024x305.png\" width=\"640\" height=\"190\" srcset=\"https:\/\/service.projektlabor.tu-berlin.de\/wordpress\/meisterorgl\/wp-content\/uploads\/sites\/2\/2013\/04\/blockschaltbild_led-1024x305.png 1024w, https:\/\/service.projektlabor.tu-berlin.de\/wordpress\/meisterorgl\/wp-content\/uploads\/sites\/2\/2013\/04\/blockschaltbild_led-300x89.png 300w, https:\/\/service.projektlabor.tu-berlin.de\/wordpress\/meisterorgl\/wp-content\/uploads\/sites\/2\/2013\/04\/blockschaltbild_led.png 1781w\" sizes=\"(max-width: 640px) 100vw, 640px\" \/><\/a><figcaption id=\"caption-attachment-365\" class=\"wp-caption-text\">Blockschaltbild Gruppe 2<\/figcaption><\/figure>\n","protected":false},"excerpt":{"rendered":"<p>&nbsp; Neben Scheinwerfern verf\u00fcgt die MeisterOrgl auch \u00fcber ein LED-Display, welches verschiedene Animationen und Text in Abh\u00e4ngigkeit der Musik darstellen kann. Au\u00dferdem k\u00f6nnen \u00fcber die DMX-Schnittstelle auch bis zu 32 externe Lichteffektger\u00e4te angesteuert werden. Somit ist die MeisterOrgl nicht nur eine Lichtorgel im klassischen Sinne, sondern auch ein Lichteffektsteuerungsger\u00e4t, an welches unproblematisch andere B\u00fchnen- und [&hellip;]<\/p>\n","protected":false},"author":2,"featured_media":0,"parent":23,"menu_order":0,"comment_status":"closed","ping_status":"open","template":"","meta":[],"_links":{"self":[{"href":"https:\/\/service.projektlabor.tu-berlin.de\/wordpress\/meisterorgl\/wp-json\/wp\/v2\/pages\/26"}],"collection":[{"href":"https:\/\/service.projektlabor.tu-berlin.de\/wordpress\/meisterorgl\/wp-json\/wp\/v2\/pages"}],"about":[{"href":"https:\/\/service.projektlabor.tu-berlin.de\/wordpress\/meisterorgl\/wp-json\/wp\/v2\/types\/page"}],"author":[{"embeddable":true,"href":"https:\/\/service.projektlabor.tu-berlin.de\/wordpress\/meisterorgl\/wp-json\/wp\/v2\/users\/2"}],"replies":[{"embeddable":true,"href":"https:\/\/service.projektlabor.tu-berlin.de\/wordpress\/meisterorgl\/wp-json\/wp\/v2\/comments?post=26"}],"version-history":[{"count":10,"href":"https:\/\/service.projektlabor.tu-berlin.de\/wordpress\/meisterorgl\/wp-json\/wp\/v2\/pages\/26\/revisions"}],"predecessor-version":[{"id":352,"href":"https:\/\/service.projektlabor.tu-berlin.de\/wordpress\/meisterorgl\/wp-json\/wp\/v2\/pages\/26\/revisions\/352"}],"up":[{"embeddable":true,"href":"https:\/\/service.projektlabor.tu-berlin.de\/wordpress\/meisterorgl\/wp-json\/wp\/v2\/pages\/23"}],"wp:attachment":[{"href":"https:\/\/service.projektlabor.tu-berlin.de\/wordpress\/meisterorgl\/wp-json\/wp\/v2\/media?parent=26"}],"curies":[{"name":"wp","href":"https:\/\/api.w.org\/{rel}","templated":true}]}}