{"id":24,"date":"2013-04-28T16:52:07","date_gmt":"2013-04-28T14:52:07","guid":{"rendered":"http:\/\/service.projektlabor.tu-berlin.de\/wordpress\/meisterorgl\/?page_id=24"},"modified":"2013-07-01T18:15:55","modified_gmt":"2013-07-01T16:15:55","slug":"eingang-und-bandpassfilter","status":"publish","type":"page","link":"https:\/\/service.projektlabor.tu-berlin.de\/wordpress\/meisterorgl\/gruppen\/eingang-und-bandpassfilter\/","title":{"rendered":"Eingang und Bandpassfilter"},"content":{"rendered":"<figure id=\"attachment_371\" aria-describedby=\"caption-attachment-371\" style=\"width: 640px\" class=\"wp-caption aligncenter\"><img loading=\"lazy\" class=\"size-large wp-image-371\" alt=\"v.l.n.r.: Tanja, Bernhard, Denis, Philipp, Pascal, Kais, Dennis, Nils, H\u00fcseyin; Betreuer: Max Rest (nicht auf dem Bild)\" src=\"http:\/\/service.projektlabor.tu-berlin.de\/wordpress\/meisterorgl\/wp-content\/uploads\/sites\/2\/2013\/04\/Gruppenbild_Gruppe1-1024x577.jpg\" width=\"640\" height=\"360\" srcset=\"https:\/\/service.projektlabor.tu-berlin.de\/wordpress\/meisterorgl\/wp-content\/uploads\/sites\/2\/2013\/04\/Gruppenbild_Gruppe1-1024x577.jpg 1024w, https:\/\/service.projektlabor.tu-berlin.de\/wordpress\/meisterorgl\/wp-content\/uploads\/sites\/2\/2013\/04\/Gruppenbild_Gruppe1-300x169.jpg 300w\" sizes=\"(max-width: 640px) 100vw, 640px\" \/><figcaption id=\"caption-attachment-371\" class=\"wp-caption-text\">v.l.n.r.: Tanja, Bernhard, Denis, Philipp, Pascal, Kais, Dennis, Nils, H\u00fcseyin; Betreuer: Max Rest (nicht auf dem Bild)<\/figcaption><\/figure>\n<p>Die Eingang und Bandpassfilter-Gruppe hat sich mit dem Signaleingang, sowie mit der ersten Verarbeitung des Signals besch\u00e4ftigt. Es wurden zwei Eing\u00e4nge realisiert. Den so genannten Line-In Eingang und einen Mikrofoneingang. Die erste Signalverarbeitung findet im Mischer statt, bei dem beide Signale zusammengefasst werden. Eine Pegelanzeige unterst\u00fctzt au\u00dferdem visuell die Aussteuerung des Signales. Das Herzst\u00fcck der Signalverarbeitung der Gruppe ist die Frequenzweiche, welche den Eingang einzelnen Frequenzb\u00e4nder aufspaltet. Durch analoge Filter werden so nur die gew\u00fcnschten Frequenzen an dem jeweiligen Band durchgelassen. Alle anderen Frequenzen werden gesperrt. Die Effektegruppe erh\u00e4lt somit 5 Ausg\u00e4nge der Eingang und Bandpassfilter-Gruppe mit den jeweiligen Signalen verschiedener Frequenzen.<\/p>\n<figure id=\"attachment_396\" aria-describedby=\"caption-attachment-396\" style=\"width: 640px\" class=\"wp-caption aligncenter\"><a href=\"http:\/\/service.projektlabor.tu-berlin.de\/wordpress\/meisterorgl\/wp-content\/uploads\/sites\/2\/2013\/04\/Blockschaltbild_gross_aktuell.png\"><img loading=\"lazy\" class=\"size-large wp-image-396\" alt=\"Blockschaltbild\" src=\"http:\/\/service.projektlabor.tu-berlin.de\/wordpress\/meisterorgl\/wp-content\/uploads\/sites\/2\/2013\/04\/Blockschaltbild_gross_aktuell-1024x545.png\" width=\"640\" height=\"340\" srcset=\"https:\/\/service.projektlabor.tu-berlin.de\/wordpress\/meisterorgl\/wp-content\/uploads\/sites\/2\/2013\/04\/Blockschaltbild_gross_aktuell-1024x545.png 1024w, https:\/\/service.projektlabor.tu-berlin.de\/wordpress\/meisterorgl\/wp-content\/uploads\/sites\/2\/2013\/04\/Blockschaltbild_gross_aktuell-300x159.png 300w\" sizes=\"(max-width: 640px) 100vw, 640px\" \/><\/a><figcaption id=\"caption-attachment-396\" class=\"wp-caption-text\">Blockschaltbild Gruppe 1<\/figcaption><\/figure>\n","protected":false},"excerpt":{"rendered":"<p>Die Eingang und Bandpassfilter-Gruppe hat sich mit dem Signaleingang, sowie mit der ersten Verarbeitung des Signals besch\u00e4ftigt. Es wurden zwei Eing\u00e4nge realisiert. Den so genannten Line-In Eingang und einen Mikrofoneingang. Die erste Signalverarbeitung findet im Mischer statt, bei dem beide Signale zusammengefasst werden. Eine Pegelanzeige unterst\u00fctzt au\u00dferdem visuell die Aussteuerung des Signales. Das Herzst\u00fcck der [&hellip;]<\/p>\n","protected":false},"author":2,"featured_media":0,"parent":23,"menu_order":0,"comment_status":"closed","ping_status":"open","template":"","meta":[],"_links":{"self":[{"href":"https:\/\/service.projektlabor.tu-berlin.de\/wordpress\/meisterorgl\/wp-json\/wp\/v2\/pages\/24"}],"collection":[{"href":"https:\/\/service.projektlabor.tu-berlin.de\/wordpress\/meisterorgl\/wp-json\/wp\/v2\/pages"}],"about":[{"href":"https:\/\/service.projektlabor.tu-berlin.de\/wordpress\/meisterorgl\/wp-json\/wp\/v2\/types\/page"}],"author":[{"embeddable":true,"href":"https:\/\/service.projektlabor.tu-berlin.de\/wordpress\/meisterorgl\/wp-json\/wp\/v2\/users\/2"}],"replies":[{"embeddable":true,"href":"https:\/\/service.projektlabor.tu-berlin.de\/wordpress\/meisterorgl\/wp-json\/wp\/v2\/comments?post=24"}],"version-history":[{"count":12,"href":"https:\/\/service.projektlabor.tu-berlin.de\/wordpress\/meisterorgl\/wp-json\/wp\/v2\/pages\/24\/revisions"}],"predecessor-version":[{"id":368,"href":"https:\/\/service.projektlabor.tu-berlin.de\/wordpress\/meisterorgl\/wp-json\/wp\/v2\/pages\/24\/revisions\/368"}],"up":[{"embeddable":true,"href":"https:\/\/service.projektlabor.tu-berlin.de\/wordpress\/meisterorgl\/wp-json\/wp\/v2\/pages\/23"}],"wp:attachment":[{"href":"https:\/\/service.projektlabor.tu-berlin.de\/wordpress\/meisterorgl\/wp-json\/wp\/v2\/media?parent=24"}],"curies":[{"name":"wp","href":"https:\/\/api.w.org\/{rel}","templated":true}]}}