{"id":54,"date":"2018-06-01T08:56:39","date_gmt":"2018-06-01T06:56:39","guid":{"rendered":"http:\/\/service.projektlabor.tu-berlin.de\/wordpress\/greenlab\/?page_id=54"},"modified":"2018-07-15T17:23:28","modified_gmt":"2018-07-15T15:23:28","slug":"interface","status":"publish","type":"page","link":"https:\/\/service.projektlabor.tu-berlin.de\/wordpress\/greenlab\/interface\/","title":{"rendered":"Gruppe 1: Interface"},"content":{"rendered":"<p>Die Gruppe Interface besch\u00e4ftigt sich mit der Steuerung und Regelung des gesamten Gew\u00e4chshauses, in dem unserer Hauptmicrocontroller von alle Sensoren und Mikrocontroller der anderen Gruppen st\u00e4ndig Daten bekommt, diese Daten interpretiert und entsprechende Signale aus- bzw. zur\u00fcckgibt. Die drei Untergruppen (LCD- , Daten- , Speicheruntergruppe) sind verantwortlich f\u00fcr diese 3 Teile von Steuerung :<\/p>\n<p>Ein LCD-Bildschirm erm\u00f6glicht den Benutzer Sollwerte f\u00fcr alle Parameter (z.B. pH-Wert, Pumptakt, etc.)\u00a0 einzugeben und dadurch optimale Bedingungen f\u00fcr das Wachstum der Pflanze zu schaffen. Die User k\u00f6nnen sich jeder Zeit die momentane Werte f\u00fcr folgende Parameter auf de, Display anzeigen lassen: EC-Wert, pH-Wert, Temperatur, Luftfeuchtigkeit, Lichtst\u00e4rke, Lichtfarbe, F\u00fcllstand des Wassertanks und\u00a0 Takt der Wasserpumpe.<\/p>\n<p>Einkommende Signale von aller Sensoren der anderen Gruppen werden von der Datengruppe bearbeitet und so umgeformt , sodass die LCD- und Speicheruntergruppen direkt mit den Daten arbeiten k\u00f6nnen.<\/p>\n<p>Die f\u00fcr alle Einstellungen n\u00f6tige Database mit Sollwerten bildet die Speichergruppe. Diese Untergruppe hat in ihre SD-Speicher vorher definierte Werte f\u00fcr die s\u00e4mtliche Komponente des Wachstums einer Pflanze. Gleichzeitig ist die Gruppe auch verantwortlich davon, dass die Messwerte von aller Sensoren gespeichert und jeder Zeit mittels LCD vom User zur\u00fcckgerufen werden k\u00f6nnen.Der Vergleich von Messwerte und Normwerte mit einem entsprechend erstellten Logik geh\u00f6rt auch zu der Aufgaben der Untergruppe.<\/p>\n<p><strong>Das Team:<\/strong><\/p>\n<ul>\n<li>Emirali Caferzade (Speicher)<\/li>\n<li>Feodora Jonack (Speicher)<\/li>\n<li>Chris Geldermann (Speicher)<\/li>\n<li>Alex L\u00e4hns (Daten)<\/li>\n<li>Mateusz Kulpa (Daten)<\/li>\n<li>Esther Gottschalk (LCD)<\/li>\n<li>Marco K\u00f6cher (LCD)<\/li>\n<\/ul>\n","protected":false},"excerpt":{"rendered":"<p>Die Gruppe Interface besch\u00e4ftigt sich mit der Steuerung und Regelung des gesamten Gew\u00e4chshauses, in dem unserer Hauptmicrocontroller von alle Sensoren und Mikrocontroller der anderen Gruppen st\u00e4ndig Daten bekommt, diese Daten interpretiert und entsprechende Signale aus- bzw. zur\u00fcckgibt. Die drei Untergruppen &hellip; <a href=\"https:\/\/service.projektlabor.tu-berlin.de\/wordpress\/greenlab\/interface\/\">Weiterlesen <span class=\"meta-nav\">&rarr;<\/span><\/a><\/p>\n","protected":false},"author":69,"featured_media":0,"parent":0,"menu_order":0,"comment_status":"closed","ping_status":"closed","template":"","meta":[],"_links":{"self":[{"href":"https:\/\/service.projektlabor.tu-berlin.de\/wordpress\/greenlab\/wp-json\/wp\/v2\/pages\/54"}],"collection":[{"href":"https:\/\/service.projektlabor.tu-berlin.de\/wordpress\/greenlab\/wp-json\/wp\/v2\/pages"}],"about":[{"href":"https:\/\/service.projektlabor.tu-berlin.de\/wordpress\/greenlab\/wp-json\/wp\/v2\/types\/page"}],"author":[{"embeddable":true,"href":"https:\/\/service.projektlabor.tu-berlin.de\/wordpress\/greenlab\/wp-json\/wp\/v2\/users\/69"}],"replies":[{"embeddable":true,"href":"https:\/\/service.projektlabor.tu-berlin.de\/wordpress\/greenlab\/wp-json\/wp\/v2\/comments?post=54"}],"version-history":[{"count":3,"href":"https:\/\/service.projektlabor.tu-berlin.de\/wordpress\/greenlab\/wp-json\/wp\/v2\/pages\/54\/revisions"}],"predecessor-version":[{"id":205,"href":"https:\/\/service.projektlabor.tu-berlin.de\/wordpress\/greenlab\/wp-json\/wp\/v2\/pages\/54\/revisions\/205"}],"wp:attachment":[{"href":"https:\/\/service.projektlabor.tu-berlin.de\/wordpress\/greenlab\/wp-json\/wp\/v2\/media?parent=54"}],"curies":[{"name":"wp","href":"https:\/\/api.w.org\/{rel}","templated":true}]}}