{"id":146,"date":"2018-07-11T18:00:20","date_gmt":"2018-07-11T16:00:20","guid":{"rendered":"http:\/\/service.projektlabor.tu-berlin.de\/wordpress\/greenlab\/?page_id=146"},"modified":"2018-07-16T10:39:56","modified_gmt":"2018-07-16T08:39:56","slug":"spannungsinvertierung","status":"publish","type":"page","link":"https:\/\/service.projektlabor.tu-berlin.de\/wordpress\/greenlab\/netzteil\/spannungsinvertierung\/","title":{"rendered":"Spannungsinvertierung"},"content":{"rendered":"<p><a href=\"http:\/\/service.projektlabor.tu-berlin.de\/wordpress\/greenlab\/wp-content\/uploads\/sites\/23\/2018\/07\/Invers.png\"><img loading=\"lazy\" class=\"alignnone size-full wp-image-238\" src=\"http:\/\/service.projektlabor.tu-berlin.de\/wordpress\/greenlab\/wp-content\/uploads\/sites\/23\/2018\/07\/Invers.png\" alt=\"Invers\" width=\"548\" height=\"186\" srcset=\"https:\/\/service.projektlabor.tu-berlin.de\/wordpress\/greenlab\/wp-content\/uploads\/sites\/23\/2018\/07\/Invers.png 548w, https:\/\/service.projektlabor.tu-berlin.de\/wordpress\/greenlab\/wp-content\/uploads\/sites\/23\/2018\/07\/Invers-300x102.png 300w\" sizes=\"(max-width: 548px) 100vw, 548px\" \/><\/a><\/p>\n<p>Die Spannunginvertierung wird mit einem Inverswandler realisiert, der das<br \/>\nHerzst\u00fcck der Schaltung bildet und die eigentliche Funktionalit\u00e4t bietet. Der Transistor links davon\u00a0dient als Schalter, um den Inverter ein und aus zu schalten, da ohne ihn keine<br \/>\nnegative Spannung induziert werden k\u00f6nnte. Die Schaltung funktioniert wie folgt:<br \/>\nW\u00e4hrend der On-Zeit (Schalter geschlossen) sperrt die Diode und die Eingangsspannung f\u00e4llt nur \u00fcber der Spule ab. Die Spannung \u00fcber dem Lastwiderstand (ganz rechts in der Abbildung) wird in dieser Zeit durch den Kondensator bereitgestellt, welcher auch zur Spannungsgl\u00e4ttung dient. Bei ge\u00f6ffneter Schalterstellung wird durch die Spule eine Spannung induziert, welche den Kondensator aufl\u00e4dt und den Spannungsabfall \u00fcber dem Lastwiderstand bereitstellt. Die Diode leitet zu dieser Zeit. Der Schalter wurde dabei mit Hilfe des IC`s NE555(s.u) und eines\u00a0 MOSFETs gebaut.<\/p>\n<p>&nbsp;<\/p>\n<p><a href=\"http:\/\/service.projektlabor.tu-berlin.de\/wordpress\/greenlab\/wp-content\/uploads\/sites\/23\/2018\/07\/Inverswandler.png\"><img loading=\"lazy\" class=\"alignnone size-full wp-image-226\" src=\"http:\/\/service.projektlabor.tu-berlin.de\/wordpress\/greenlab\/wp-content\/uploads\/sites\/23\/2018\/07\/Inverswandler.png\" alt=\"Inverswandler\" width=\"1035\" height=\"483\" srcset=\"https:\/\/service.projektlabor.tu-berlin.de\/wordpress\/greenlab\/wp-content\/uploads\/sites\/23\/2018\/07\/Inverswandler.png 1035w, https:\/\/service.projektlabor.tu-berlin.de\/wordpress\/greenlab\/wp-content\/uploads\/sites\/23\/2018\/07\/Inverswandler-300x140.png 300w, https:\/\/service.projektlabor.tu-berlin.de\/wordpress\/greenlab\/wp-content\/uploads\/sites\/23\/2018\/07\/Inverswandler-1024x478.png 1024w\" sizes=\"(max-width: 1035px) 100vw, 1035px\" \/><\/a><\/p>\n<p>In der obigen Grafik ist die Schaltung aufgebaut. Im linken Teil kann man den\u00a0 NE555 als astabile Kippstufe zur Ansteuerung eines MOSFETs sehen. Das<br \/>\nbedeutet, dass dieser Timer zwischen einem ,,High&#8220;-Signal und einem ,,Low&#8220;-Signal am<br \/>\nAusgang hin und her pendelt und dieses Signal an unserem MOSFET legt. Das Signal ist eine Rechteck-Funktion und besitzt als Low-Signal 0V und als High-Signal die Betriebsspannung. Die Schaltzeiten werden \u00fcber\u00a0Widerst\u00e4nde und einem Kondensator berechnet. Also kann man durch das Ver\u00e4ndern der Widerst\u00e4nde die Impulsdauer ver\u00e4ndern. Im rechten Teil sieht man den Spannunginvertierer.<\/p>\n<p>&nbsp;<\/p>\n","protected":false},"excerpt":{"rendered":"<p>Die Spannunginvertierung wird mit einem Inverswandler realisiert, der das Herzst\u00fcck der Schaltung bildet und die eigentliche Funktionalit\u00e4t bietet. Der Transistor links davon\u00a0dient als Schalter, um den Inverter ein und aus zu schalten, da ohne ihn keine negative Spannung induziert werden &hellip; <a href=\"https:\/\/service.projektlabor.tu-berlin.de\/wordpress\/greenlab\/netzteil\/spannungsinvertierung\/\">Weiterlesen <span class=\"meta-nav\">&rarr;<\/span><\/a><\/p>\n","protected":false},"author":69,"featured_media":0,"parent":12,"menu_order":2,"comment_status":"closed","ping_status":"closed","template":"","meta":[],"_links":{"self":[{"href":"https:\/\/service.projektlabor.tu-berlin.de\/wordpress\/greenlab\/wp-json\/wp\/v2\/pages\/146"}],"collection":[{"href":"https:\/\/service.projektlabor.tu-berlin.de\/wordpress\/greenlab\/wp-json\/wp\/v2\/pages"}],"about":[{"href":"https:\/\/service.projektlabor.tu-berlin.de\/wordpress\/greenlab\/wp-json\/wp\/v2\/types\/page"}],"author":[{"embeddable":true,"href":"https:\/\/service.projektlabor.tu-berlin.de\/wordpress\/greenlab\/wp-json\/wp\/v2\/users\/69"}],"replies":[{"embeddable":true,"href":"https:\/\/service.projektlabor.tu-berlin.de\/wordpress\/greenlab\/wp-json\/wp\/v2\/comments?post=146"}],"version-history":[{"count":7,"href":"https:\/\/service.projektlabor.tu-berlin.de\/wordpress\/greenlab\/wp-json\/wp\/v2\/pages\/146\/revisions"}],"predecessor-version":[{"id":241,"href":"https:\/\/service.projektlabor.tu-berlin.de\/wordpress\/greenlab\/wp-json\/wp\/v2\/pages\/146\/revisions\/241"}],"up":[{"embeddable":true,"href":"https:\/\/service.projektlabor.tu-berlin.de\/wordpress\/greenlab\/wp-json\/wp\/v2\/pages\/12"}],"wp:attachment":[{"href":"https:\/\/service.projektlabor.tu-berlin.de\/wordpress\/greenlab\/wp-json\/wp\/v2\/media?parent=146"}],"curies":[{"name":"wp","href":"https:\/\/api.w.org\/{rel}","templated":true}]}}