{"id":138,"date":"2018-07-11T14:47:11","date_gmt":"2018-07-11T12:47:11","guid":{"rendered":"http:\/\/service.projektlabor.tu-berlin.de\/wordpress\/greenlab\/?page_id=138"},"modified":"2018-07-17T00:33:06","modified_gmt":"2018-07-16T22:33:06","slug":"aussensensor","status":"publish","type":"page","link":"https:\/\/service.projektlabor.tu-berlin.de\/wordpress\/greenlab\/licht\/aussensensor\/","title":{"rendered":"4. Schaltplan"},"content":{"rendered":"<p><strong>4.1 Au\u00dfensensor<\/strong><\/p>\n<p>Die Aufgabe des ersten Sensors ist die \u00e4u\u00dfere Helligkeit zu messen und die Werte als Spannung an die Lampsteuerung zu \u00fcbermitteln.Der Au\u00dfensensor besteht aus zwei Teilen.Der erste Teil wird von einer Photodiode und einem widerstand gebaut.Die Aufgabe von dem ersten Teil ist die Helligkeit zu messen und die Ergebnisse mit einer Spannung an zweiten Teil weiterzuleiten.Der zweite Teil funktioniert mit einem Operationsverst\u00e4rker. Die Spannung wird im zweiten Teil verdoppeln.<\/p>\n<p style=\"text-align: right;\"><em>Haoda Wang<\/em><\/p>\n<p><strong>4.2 Innensensor<\/strong><\/p>\n<p>Die Aufgabe von dem zweiten Sensor(Innensensor) ist die innere Helligkeit zu messen und diese Werte als digitale Signal \u00a0an die Interface zu \u00fcbermitteln. Diesen Teil besteht aus den Sensor 1 und aus eine logische Schaltung mit Operation Verst\u00e4rkers und logische Gatter. Es werden insgesamt 7 Operation Verst\u00e4rker gebraucht. Mit dem Operation Verst\u00e4rker wird man die Spannungswerte aus dem Innensensor zuordnen und damit zu interpretieren. Mit dem logischen Gatter (AND, OR und Inverter) wird man der Ergebnis von die OPV als digitale Signale umwandeln und zwar in 3 Bits (von 0 bis 8) Die Die in LT-Spice \u00a0anhand des Schaltplans (Abb. \\ref{fig:Schaltplan_IS}) in Sektion 2.1 dargestellt.<\/p>\n<p style=\"text-align: right;\"><em>Pedro Lorenzo Camacho<\/em><\/p>\n<p><strong>4.3 Pulsweitenmodulation<\/strong><\/p>\n<p>Die Pulsweitenmodulation wird ben\u00f6tigt um LEDs dimmen zu k\u00f6nnen und sie trotzdem immer im optimalen Arbeitspunkt zu betreiben. Dazu wird ein Rechtecksignal mit variablerem Tastgrad erzeugt, indem ein generiertes Dreiecksignal mit einem Referenzsignal verglichen wird.<\/p>\n<p>f_g = \\frac{1}{2\\pi\\cdot R \\cdot C}<\/p>\n<p>Das Dreiecksignal wird erzeugt, indem ein Schmitt-Trigger und ein Integrator rekursiv verschaltet werden (Abbildung 2). Durch die Spannung V_4 kann der Mittelwert und \u00fcber den Widerstand Amp. die Amplitude des Dreiecksignals bestimmt werden.<\/p>\n<p>&nbsp;<\/p>\n<p><a href=\"http:\/\/service.projektlabor.tu-berlin.de\/wordpress\/greenlab\/wp-content\/uploads\/sites\/23\/2018\/07\/Abb.-2-PWM-Aufbau-mit-OPV.png\"><img loading=\"lazy\" class=\"alignnone size-full wp-image-179\" src=\"http:\/\/service.projektlabor.tu-berlin.de\/wordpress\/greenlab\/wp-content\/uploads\/sites\/23\/2018\/07\/Abb.-2-PWM-Aufbau-mit-OPV.png\" alt=\"Abb. 2 PWM Aufbau mit OPV\" width=\"1355\" height=\"870\" srcset=\"https:\/\/service.projektlabor.tu-berlin.de\/wordpress\/greenlab\/wp-content\/uploads\/sites\/23\/2018\/07\/Abb.-2-PWM-Aufbau-mit-OPV.png 1355w, https:\/\/service.projektlabor.tu-berlin.de\/wordpress\/greenlab\/wp-content\/uploads\/sites\/23\/2018\/07\/Abb.-2-PWM-Aufbau-mit-OPV-300x193.png 300w, https:\/\/service.projektlabor.tu-berlin.de\/wordpress\/greenlab\/wp-content\/uploads\/sites\/23\/2018\/07\/Abb.-2-PWM-Aufbau-mit-OPV-1024x657.png 1024w\" sizes=\"(max-width: 1355px) 100vw, 1355px\" \/><\/a><\/p>\n<p>Wenn das Referenzsignal gr\u00f6\u00dfer ist als das Dreiecksignal wird die Spannung auf 12 V angeschaltet und im inversen Fall ausgeschaltet vgl. Abbildung \\ref{fig:Spannungverlaufe}. Dadurch kann die \u00c4nderung des Referenzsignals direkt den Tastgrad und somit die effektive Ausgangsspannung gesteuert und die LEDs effektiv gedimmt werden.<\/p>\n<p style=\"text-align: right;\"><em>Matthias Schaale-Segeroth<\/em><\/p>\n","protected":false},"excerpt":{"rendered":"<p>4.1 Au\u00dfensensor Die Aufgabe des ersten Sensors ist die \u00e4u\u00dfere Helligkeit zu messen und die Werte als Spannung an die Lampsteuerung zu \u00fcbermitteln.Der Au\u00dfensensor besteht aus zwei Teilen.Der erste Teil wird von einer Photodiode und einem widerstand gebaut.Die Aufgabe von &hellip; <a href=\"https:\/\/service.projektlabor.tu-berlin.de\/wordpress\/greenlab\/licht\/aussensensor\/\">Weiterlesen <span class=\"meta-nav\">&rarr;<\/span><\/a><\/p>\n","protected":false},"author":63,"featured_media":0,"parent":9,"menu_order":4,"comment_status":"closed","ping_status":"closed","template":"","meta":[],"_links":{"self":[{"href":"https:\/\/service.projektlabor.tu-berlin.de\/wordpress\/greenlab\/wp-json\/wp\/v2\/pages\/138"}],"collection":[{"href":"https:\/\/service.projektlabor.tu-berlin.de\/wordpress\/greenlab\/wp-json\/wp\/v2\/pages"}],"about":[{"href":"https:\/\/service.projektlabor.tu-berlin.de\/wordpress\/greenlab\/wp-json\/wp\/v2\/types\/page"}],"author":[{"embeddable":true,"href":"https:\/\/service.projektlabor.tu-berlin.de\/wordpress\/greenlab\/wp-json\/wp\/v2\/users\/63"}],"replies":[{"embeddable":true,"href":"https:\/\/service.projektlabor.tu-berlin.de\/wordpress\/greenlab\/wp-json\/wp\/v2\/comments?post=138"}],"version-history":[{"count":7,"href":"https:\/\/service.projektlabor.tu-berlin.de\/wordpress\/greenlab\/wp-json\/wp\/v2\/pages\/138\/revisions"}],"predecessor-version":[{"id":191,"href":"https:\/\/service.projektlabor.tu-berlin.de\/wordpress\/greenlab\/wp-json\/wp\/v2\/pages\/138\/revisions\/191"}],"up":[{"embeddable":true,"href":"https:\/\/service.projektlabor.tu-berlin.de\/wordpress\/greenlab\/wp-json\/wp\/v2\/pages\/9"}],"wp:attachment":[{"href":"https:\/\/service.projektlabor.tu-berlin.de\/wordpress\/greenlab\/wp-json\/wp\/v2\/media?parent=138"}],"curies":[{"name":"wp","href":"https:\/\/api.w.org\/{rel}","templated":true}]}}