{"id":135,"date":"2018-07-11T14:46:23","date_gmt":"2018-07-11T12:46:23","guid":{"rendered":"http:\/\/service.projektlabor.tu-berlin.de\/wordpress\/greenlab\/?page_id=135"},"modified":"2018-07-17T00:30:01","modified_gmt":"2018-07-16T22:30:01","slug":"blockschaltbild","status":"publish","type":"page","link":"https:\/\/service.projektlabor.tu-berlin.de\/wordpress\/greenlab\/licht\/blockschaltbild\/","title":{"rendered":"3. Blockschaltbild"},"content":{"rendered":"<p>In Abb.1 ist das Blockschaltbild zu sehen. Es gibt zwei Sensoren, der Au\u00dfensensor und der Innensensor. Der Au\u00dfensensor misst die Helligkeit die von au\u00dfen in das Gew\u00e4chshaus reinkommt. Dieser Parameter wird an die Lampensteuerung \u00fcbergeben. Es werden zwei Signale aus dem Interface an die Lampensteuerung \u00fcbertragen.\u00a0Das Interface gibt der Lampensteuerung die Nennhelligkeit, ein Signal das die geeignete Helligkeit definiert. Au\u00dferdem \u00fcbertr\u00e4gt das Interface ein Farbsignal, welches ein Mischungsverh\u00e4ltnis von blauen und roten Licht definiert. Schlie\u00dflich wird in der Lampensteuerung, nach der Verarbeitung der drei Signale als Output an die LED-Platine jeweils an Pegel f\u00fcr Rot und f\u00fcr Blau ausgegeben. Die Kommunikation zwischen Beleuchtung und Interface wird durch den Innensensor stattfinden. Der Innensensor misst die absolute Helligkeit im Gew\u00e4chshaus als Statusanzeige f\u00fcr das Interface.<\/p>\n<p><img loading=\"lazy\" class=\"alignnone size-full wp-image-136\" src=\"http:\/\/service.projektlabor.tu-berlin.de\/wordpress\/greenlab\/wp-content\/uploads\/sites\/23\/2018\/07\/Licht_1Blockschaltbild.png\" alt=\"Licht_1Blockschaltbild\" width=\"1223\" height=\"622\" srcset=\"https:\/\/service.projektlabor.tu-berlin.de\/wordpress\/greenlab\/wp-content\/uploads\/sites\/23\/2018\/07\/Licht_1Blockschaltbild.png 1223w, https:\/\/service.projektlabor.tu-berlin.de\/wordpress\/greenlab\/wp-content\/uploads\/sites\/23\/2018\/07\/Licht_1Blockschaltbild-300x153.png 300w, https:\/\/service.projektlabor.tu-berlin.de\/wordpress\/greenlab\/wp-content\/uploads\/sites\/23\/2018\/07\/Licht_1Blockschaltbild-1024x521.png 1024w\" sizes=\"(max-width: 1223px) 100vw, 1223px\" \/><\/p>\n<p style=\"text-align: right;\"><em>Pedro Lorenzo<\/em><\/p>\n","protected":false},"excerpt":{"rendered":"<p>In Abb.1 ist das Blockschaltbild zu sehen. Es gibt zwei Sensoren, der Au\u00dfensensor und der Innensensor. Der Au\u00dfensensor misst die Helligkeit die von au\u00dfen in das Gew\u00e4chshaus reinkommt. Dieser Parameter wird an die Lampensteuerung \u00fcbergeben. Es werden zwei Signale aus &hellip; <a href=\"https:\/\/service.projektlabor.tu-berlin.de\/wordpress\/greenlab\/licht\/blockschaltbild\/\">Weiterlesen <span class=\"meta-nav\">&rarr;<\/span><\/a><\/p>\n","protected":false},"author":63,"featured_media":0,"parent":9,"menu_order":3,"comment_status":"closed","ping_status":"closed","template":"","meta":[],"_links":{"self":[{"href":"https:\/\/service.projektlabor.tu-berlin.de\/wordpress\/greenlab\/wp-json\/wp\/v2\/pages\/135"}],"collection":[{"href":"https:\/\/service.projektlabor.tu-berlin.de\/wordpress\/greenlab\/wp-json\/wp\/v2\/pages"}],"about":[{"href":"https:\/\/service.projektlabor.tu-berlin.de\/wordpress\/greenlab\/wp-json\/wp\/v2\/types\/page"}],"author":[{"embeddable":true,"href":"https:\/\/service.projektlabor.tu-berlin.de\/wordpress\/greenlab\/wp-json\/wp\/v2\/users\/63"}],"replies":[{"embeddable":true,"href":"https:\/\/service.projektlabor.tu-berlin.de\/wordpress\/greenlab\/wp-json\/wp\/v2\/comments?post=135"}],"version-history":[{"count":5,"href":"https:\/\/service.projektlabor.tu-berlin.de\/wordpress\/greenlab\/wp-json\/wp\/v2\/pages\/135\/revisions"}],"predecessor-version":[{"id":295,"href":"https:\/\/service.projektlabor.tu-berlin.de\/wordpress\/greenlab\/wp-json\/wp\/v2\/pages\/135\/revisions\/295"}],"up":[{"embeddable":true,"href":"https:\/\/service.projektlabor.tu-berlin.de\/wordpress\/greenlab\/wp-json\/wp\/v2\/pages\/9"}],"wp:attachment":[{"href":"https:\/\/service.projektlabor.tu-berlin.de\/wordpress\/greenlab\/wp-json\/wp\/v2\/media?parent=135"}],"curies":[{"name":"wp","href":"https:\/\/api.w.org\/{rel}","templated":true}]}}