{"id":12,"date":"2018-05-25T11:35:56","date_gmt":"2018-05-25T09:35:56","guid":{"rendered":"http:\/\/service.projektlabor.tu-berlin.de\/wordpress\/greenlab\/?page_id=12"},"modified":"2018-07-16T10:54:16","modified_gmt":"2018-07-16T08:54:16","slug":"netzteil","status":"publish","type":"page","link":"https:\/\/service.projektlabor.tu-berlin.de\/wordpress\/greenlab\/netzteil\/","title":{"rendered":"Gruppe 2: Netzteil"},"content":{"rendered":"<p>Wir entwerfen das Netzteil zur Energieversorgung des gesamten Gew\u00e4chshauses. Unsere Aufteilung der Untergruppen basiert auf dem zentralen Blockschaltbild f\u00fcr das Netzteil:<\/p>\n<p><a href=\"http:\/\/service.projektlabor.tu-berlin.de\/wordpress\/greenlab\/wp-content\/uploads\/sites\/23\/2018\/05\/BSB.jpeg\"><img loading=\"lazy\" class=\"alignnone size-full wp-image-192\" src=\"http:\/\/service.projektlabor.tu-berlin.de\/wordpress\/greenlab\/wp-content\/uploads\/sites\/23\/2018\/05\/BSB.jpeg\" alt=\"BSB\" width=\"905\" height=\"512\" srcset=\"https:\/\/service.projektlabor.tu-berlin.de\/wordpress\/greenlab\/wp-content\/uploads\/sites\/23\/2018\/05\/BSB.jpeg 905w, https:\/\/service.projektlabor.tu-berlin.de\/wordpress\/greenlab\/wp-content\/uploads\/sites\/23\/2018\/05\/BSB-300x170.jpeg 300w\" sizes=\"(max-width: 905px) 100vw, 905px\" \/><\/a><\/p>\n<p>&nbsp;<\/p>\n<p>Die erste Untergruppe sorgt daf\u00fcr, dass die Netzspannung in eine Gleichspannung von 15V umgewandelt wird (<a href=\"http:\/\/service.projektlabor.tu-berlin.de\/wordpress\/greenlab\/netzteil\/gleichrichtung\/\">&#8211;&gt; Gleichrichtung<\/a>), welche die zweite Untergruppe in die f\u00fcr das Gew\u00e4chshaus ben\u00f6tigten Spannungen aufteilt (<a href=\"http:\/\/service.projektlabor.tu-berlin.de\/wordpress\/greenlab\/netzteil\/tiefsetzsteller\/\">&#8211;&gt; Tiefsetzsteller)<\/a>. Die dritte Untergruppe sorgt daf\u00fcr, dass eine Spannungsinvertierung f\u00fcr den -12V Ausgang stattfindet, weil eine solche negative Spannung ben\u00f6tigt wird (<a href=\"http:\/\/service.projektlabor.tu-berlin.de\/wordpress\/greenlab\/netzteil\/spannungsinvertierung\/\">&#8211;&gt; Spannungsinvertierung<\/a>).<\/p>\n<p>Zur Absicherung des gesamten Gew\u00e4chshauses\u00a0sollen ein FI- und ein Leistungsschutzschalter verwendet werden.<\/p>\n<p>&nbsp;<\/p>\n<p><span style=\"text-decoration: underline\">Vortr\u00e4ge und Handouts<\/span><\/p>\n<p>Transformator:\u00a0 \u00a0 \u00a0 \u00a0\u00a0<a href=\"http:\/\/service.projektlabor.tu-berlin.de\/wordpress\/greenlab\/wp-content\/uploads\/sites\/23\/2018\/05\/Votrag-Transformator.pdf\">Vortrag Transformator<\/a>\u00a0 \u00a0 +\u00a0 <a href=\"http:\/\/service.projektlabor.tu-berlin.de\/wordpress\/greenlab\/wp-content\/uploads\/sites\/23\/2018\/05\/Handout-Transformator.pdf\">Handout Transformator<br \/>\n<\/a>Gleichrichter:\u00a0 \u00a0 \u00a0 \u00a0 \u00a0 \u00a0<a href=\"http:\/\/service.projektlabor.tu-berlin.de\/wordpress\/greenlab\/wp-content\/uploads\/sites\/23\/2018\/05\/Vortrag-Gleichrichter.pdf\">Vortrag Gleichrichter<\/a>\u00a0 \u00a0 \u00a0 \u00a0+\u00a0<a href=\"http:\/\/service.projektlabor.tu-berlin.de\/wordpress\/greenlab\/wp-content\/uploads\/sites\/23\/2018\/05\/Handout-Gleichrichter.pdf\">Handout Gleichrichter<\/a><br \/>\nSchutzschaltungen:\u00a0<a href=\"http:\/\/service.projektlabor.tu-berlin.de\/wordpress\/greenlab\/wp-content\/uploads\/sites\/23\/2018\/05\/Votrag-Schutzschaltung.pdf\">Vortrag Schutzschaltung<\/a>\u00a0+\u00a0<a href=\"http:\/\/service.projektlabor.tu-berlin.de\/wordpress\/greenlab\/wp-content\/uploads\/sites\/23\/2018\/05\/Handout-Schutzschaltung.pdf\">Handout Schutzschaltung<\/a><br \/>\nLadungspumpen:\u00a0 \u00a0\u00a0<a href=\"http:\/\/service.projektlabor.tu-berlin.de\/wordpress\/greenlab\/wp-content\/uploads\/sites\/23\/2018\/05\/Votrag-Ladungspumpen.pdf\">Vortrag Ladungspumpen<\/a>\u00a0+\u00a0<a href=\"http:\/\/service.projektlabor.tu-berlin.de\/wordpress\/greenlab\/wp-content\/uploads\/sites\/23\/2018\/05\/Handout-Ladungspumpen.pdf\">Handout Ladungspumpen<\/a><br \/>\nTiefpass-Filter:\u00a0 \u00a0 \u00a0 \u00a0\u00a0<a href=\"http:\/\/service.projektlabor.tu-berlin.de\/wordpress\/greenlab\/wp-content\/uploads\/sites\/23\/2018\/05\/Votrag-Tiefpass-Filter.pdf\">Vortrag Tiefpass Filter<\/a><\/p>\n<p>&nbsp;<\/p>\n<p><span style=\"text-decoration: underline\">Ver\u00e4nderung der Ziele im Projektverlauf<\/span><\/p>\n<p>Zu Beginn war es angedacht einen Frequenzumrichter vor dem Transformator einzusetzen, um diesen mit einer sehr hohen Frequenz betreiben zu k\u00f6nnen, was zu weitaus kleineren Abmessungen gef\u00fchrt h\u00e4tte. Die Umsetzung scheiterte aber daran, dass bereits vor dem Transformator Betriebsspannungen notwendig gewesen w\u00e4ren, die mit unserem Schaltungsaufbau nicht an dieser Stelle erzeugt werden k\u00f6nnen.<\/p>\n<p>Au\u00dferdem war zuerst eine Mittelpunktgleichrichtung angedacht, welche aber nicht umgesetzt wurde, weil nur eine negative Spannung ben\u00f6tigt wird. Entsprechend w\u00e4re der Gro\u00dfteil der Leistung\u00a0im\u00a0positiven Pfad der Schaltung vorhanden gewesen. Stattdessen haben wir uns f\u00fcr eine Spannungsinvertierung entschieden.<\/p>\n<p>&nbsp;<\/p>\n","protected":false},"excerpt":{"rendered":"<p>Wir entwerfen das Netzteil zur Energieversorgung des gesamten Gew\u00e4chshauses. Unsere Aufteilung der Untergruppen basiert auf dem zentralen Blockschaltbild f\u00fcr das Netzteil: &nbsp; Die erste Untergruppe sorgt daf\u00fcr, dass die Netzspannung in eine Gleichspannung von 15V umgewandelt wird (&#8211;&gt; Gleichrichtung), welche &hellip; <a href=\"https:\/\/service.projektlabor.tu-berlin.de\/wordpress\/greenlab\/netzteil\/\">Weiterlesen <span class=\"meta-nav\">&rarr;<\/span><\/a><\/p>\n","protected":false},"author":69,"featured_media":0,"parent":0,"menu_order":0,"comment_status":"closed","ping_status":"closed","template":"","meta":[],"_links":{"self":[{"href":"https:\/\/service.projektlabor.tu-berlin.de\/wordpress\/greenlab\/wp-json\/wp\/v2\/pages\/12"}],"collection":[{"href":"https:\/\/service.projektlabor.tu-berlin.de\/wordpress\/greenlab\/wp-json\/wp\/v2\/pages"}],"about":[{"href":"https:\/\/service.projektlabor.tu-berlin.de\/wordpress\/greenlab\/wp-json\/wp\/v2\/types\/page"}],"author":[{"embeddable":true,"href":"https:\/\/service.projektlabor.tu-berlin.de\/wordpress\/greenlab\/wp-json\/wp\/v2\/users\/69"}],"replies":[{"embeddable":true,"href":"https:\/\/service.projektlabor.tu-berlin.de\/wordpress\/greenlab\/wp-json\/wp\/v2\/comments?post=12"}],"version-history":[{"count":14,"href":"https:\/\/service.projektlabor.tu-berlin.de\/wordpress\/greenlab\/wp-json\/wp\/v2\/pages\/12\/revisions"}],"predecessor-version":[{"id":243,"href":"https:\/\/service.projektlabor.tu-berlin.de\/wordpress\/greenlab\/wp-json\/wp\/v2\/pages\/12\/revisions\/243"}],"wp:attachment":[{"href":"https:\/\/service.projektlabor.tu-berlin.de\/wordpress\/greenlab\/wp-json\/wp\/v2\/media?parent=12"}],"curies":[{"name":"wp","href":"https:\/\/api.w.org\/{rel}","templated":true}]}}