{"id":105,"date":"2018-06-19T22:46:06","date_gmt":"2018-06-19T20:46:06","guid":{"rendered":"http:\/\/service.projektlabor.tu-berlin.de\/wordpress\/greenlab\/?page_id=105"},"modified":"2018-06-19T22:51:50","modified_gmt":"2018-06-19T20:51:50","slug":"protokoll-naehrstoffgruppe-24-05-2018","status":"publish","type":"page","link":"https:\/\/service.projektlabor.tu-berlin.de\/wordpress\/greenlab\/naehrstoffe\/protokolle\/protokoll-naehrstoffgruppe-24-05-2018\/","title":{"rendered":"Protokoll N\u00e4hrstoffgruppe 24.05.2018"},"content":{"rendered":"<p style=\"text-align: center\">Protokoll<\/p>\n<p style=\"text-align: center\">Projektorientiertes Praktikum<\/p>\n<p style=\"text-align: center\">24.05.2018 (Schnittstellentermin)<\/p>\n<p>&nbsp;<\/p>\n<p><strong>Anwesenheit<\/strong>: Hendrik, Phillip, Momo, Yannick, Hannes, Aaron<\/p>\n<p><strong>Tagesordnung: <\/strong>1. Moderation der Wochenziele von Hendrik<\/p>\n<ol start=\"2\">\n<li>Vortrag \u00fcber Operationsverst\u00e4rker von Yannick<\/li>\n<li>Vortrag des Zwischenbilanzberichts zum Schnittstellentermin von Momo<\/li>\n<li>Ermittlung der ben\u00f6tigten Spannungsversorgungen f\u00fcr unsere Bauteile<\/li>\n<li>Pr\u00e4sentation der Zwischenbilanzen der Gruppen des gesammten Projekts bei der Schnittstelleversammlung<\/li>\n<li>Ermittlung der Strom- und Spannungsversorgung aller Projektgruppen<\/li>\n<li>Ermittlung der auzutauschenden Daten zwischen den Projektteilen und deren Formate<\/li>\n<\/ol>\n<p><strong>Zusammenfassung: <\/strong>Hendrik teilte uns mit das er von uns bis zur n\u00e4chsten Woche Zwischenberichte \u00fcber unsere bisherige Arbeit ben\u00f6tigt. Die Bauteile ben\u00f6tigen circa eine Woche zum liefern, daher sollten diese rechtzeitig bestellt werden. Yannick (Schnittstellen-Gruppe) teilte mit das die Interface-Gruppe alle Daten in digitaler Form ben\u00f6tigt, daher m\u00fcssen wir die analogen Daten der Sensoren erst \u00fcber den Microcontroller leiten.<\/p>\n<p>Dann Erfolgte der Vortrag \u00fcber Operationsverst\u00e4rker von Yannick, und im Anschluss die vorl\u00e4ufige Pr\u00e4sentation der Zwischenbilanz von Momo. Anschlie\u00dfend wurden die Spannungsversorgungen der Untergruppen ermittelt.<\/p>\n<p>Die Pr\u00e4sentation der Zwischenbilanzen der 5 Untergruppen erfolgte nun in Anwesenheit des gesammten GreenLab-Projekts im Raum E 020.<\/p>\n<p>Dabei wurden die Ben\u00f6tigten Spannungs und Stromwerte der Untergruppen pr\u00e4sentiert. Ebenso einigte man sich \u00fcber die auszutauschenden Daten und deren Formate, um eine reibungslose Kommunikation der Bauggruppen untereinander zu Gew\u00e4hrleisten. Die Daten wurden in einer Tabelle erfasst und protokolliert.<\/p>\n<p>Folien des Vortrags zu Operationsverst\u00e4rkern von Yannick: <a href=\"http:\/\/service.projektlabor.tu-berlin.de\/wordpress\/greenlab\/wp-content\/uploads\/sites\/23\/2018\/05\/Operationsversta\u0308rker-PDF.pdf\">OPV Folien<\/a><br \/>\nHandout des Vortrags zu Operationsverst\u00e4rkern von Yannick: <a href=\"http:\/\/service.projektlabor.tu-berlin.de\/wordpress\/greenlab\/wp-content\/uploads\/sites\/23\/2018\/05\/Handout-Projektlabor.pdf\">OPV Handout<\/a><\/p>\n<p><strong>Aufgaben bis zum n\u00e4chsten Termin: <\/strong>Erstellung von Zwischenberichten der einzelnen Untergruppen bis zum n\u00e4chsten Termin, in schriftlicher Form.<\/p>\n<p>Die EC-Gruppe will die Simulation des Sensors zum funktionieren bringen. Die PH-Gruppe ebenso. Die Microcontrollergruppe will die Regulieren der Clock bew\u00e4ltigen.<\/p>\n<p><strong>N\u00e4chster Termin: <\/strong>31.05.2018<\/p>\n<p><strong>Anmerkungen: <\/strong>1 Referat wurde an Aaron \u00fcbergeben f\u00fcr den n\u00e4chsten Termin.<\/p>\n","protected":false},"excerpt":{"rendered":"<p>Protokoll Projektorientiertes Praktikum 24.05.2018 (Schnittstellentermin) &nbsp; Anwesenheit: Hendrik, Phillip, Momo, Yannick, Hannes, Aaron Tagesordnung: 1. Moderation der Wochenziele von Hendrik Vortrag \u00fcber Operationsverst\u00e4rker von Yannick Vortrag des Zwischenbilanzberichts zum Schnittstellentermin von Momo Ermittlung der ben\u00f6tigten Spannungsversorgungen f\u00fcr unsere Bauteile Pr\u00e4sentation &hellip; <a href=\"https:\/\/service.projektlabor.tu-berlin.de\/wordpress\/greenlab\/naehrstoffe\/protokolle\/protokoll-naehrstoffgruppe-24-05-2018\/\">Weiterlesen <span class=\"meta-nav\">&rarr;<\/span><\/a><\/p>\n","protected":false},"author":67,"featured_media":0,"parent":112,"menu_order":0,"comment_status":"closed","ping_status":"closed","template":"","meta":[],"_links":{"self":[{"href":"https:\/\/service.projektlabor.tu-berlin.de\/wordpress\/greenlab\/wp-json\/wp\/v2\/pages\/105"}],"collection":[{"href":"https:\/\/service.projektlabor.tu-berlin.de\/wordpress\/greenlab\/wp-json\/wp\/v2\/pages"}],"about":[{"href":"https:\/\/service.projektlabor.tu-berlin.de\/wordpress\/greenlab\/wp-json\/wp\/v2\/types\/page"}],"author":[{"embeddable":true,"href":"https:\/\/service.projektlabor.tu-berlin.de\/wordpress\/greenlab\/wp-json\/wp\/v2\/users\/67"}],"replies":[{"embeddable":true,"href":"https:\/\/service.projektlabor.tu-berlin.de\/wordpress\/greenlab\/wp-json\/wp\/v2\/comments?post=105"}],"version-history":[{"count":1,"href":"https:\/\/service.projektlabor.tu-berlin.de\/wordpress\/greenlab\/wp-json\/wp\/v2\/pages\/105\/revisions"}],"predecessor-version":[{"id":106,"href":"https:\/\/service.projektlabor.tu-berlin.de\/wordpress\/greenlab\/wp-json\/wp\/v2\/pages\/105\/revisions\/106"}],"up":[{"embeddable":true,"href":"https:\/\/service.projektlabor.tu-berlin.de\/wordpress\/greenlab\/wp-json\/wp\/v2\/pages\/112"}],"wp:attachment":[{"href":"https:\/\/service.projektlabor.tu-berlin.de\/wordpress\/greenlab\/wp-json\/wp\/v2\/media?parent=105"}],"curies":[{"name":"wp","href":"https:\/\/api.w.org\/{rel}","templated":true}]}}