{"id":217,"date":"2013-05-09T10:30:33","date_gmt":"2013-05-09T08:30:33","guid":{"rendered":"http:\/\/service.projektlabor.tu-berlin.de\/wordpress\/fear\/?page_id=217"},"modified":"2013-07-01T15:37:23","modified_gmt":"2013-07-01T13:37:23","slug":"gruppe-4","status":"publish","type":"page","link":"https:\/\/service.projektlabor.tu-berlin.de\/wordpress\/fear\/gruppen-3\/gruppe-4\/","title":{"rendered":"Gruppe 5: Audio"},"content":{"rendered":"<p>Zun\u00e4chst erfolgte wie in dem Blockschaltbild hervorgeht eine weitere Unterteilung der Gruppe Audio in die Aufgabenbereiche Tonerzeugung und Tonsteuerung. W\u00e4hrend sich genannte Teilgruppe mit den Entwerfen und Dimensionieren von 8 Schwingkreisen mitjeweils festgelegter Eigenfrequenz besch\u00e4ftigte und somit 8 verschiedene T\u00f6ne generierte, die anschlie\u00dfend \u00fcber Verst\u00e4rker und Lautsprecher ausgegeben werden sollten, war letztere daf\u00fcr zust\u00e4ndig, \u00fcber einen Schaltwerksentwurf diese in einer bestimmten\u00a0 zeitlichen Sequenz anzusteuern, mit dem Ziel, letztlich passende Melodien zu erzeugen. Hierbei sollte nach M\u00f6glichkeit jedoch auch das parallele Einschalten mehrerer Schwingkreise erreicht werden, um auch Dreikl\u00e4nge und Kadenzen realisieren zu k\u00f6nnen. Ferner sollte der f\u00fcr die Funktion der im Schaltwerk verbauten Flipflops ben\u00f6tigte Takt, von einem weiteren von der Tonerzeugungsteilgruppe aufgebauten Schwingkreis mit wesentlich geringerer Eigenfrequenz erzeugt werden.<\/p>\n<p>[nggallery id=6]<\/p>\n<p><strong>Referate und Handouts :<\/strong><\/p>\n<table border=\"0\">\n<tbody>\n<tr>\n<td><strong>Name<\/strong><\/td>\n<td><strong>Referat<\/strong><\/td>\n<td><strong>Handout<\/strong><\/td>\n<\/tr>\n<tr>\n<td>Gamil<\/td>\n<td><\/td>\n<td>Download<\/td>\n<\/tr>\n<tr>\n<td>Kamal<\/td>\n<td>Wien-Robinson-Oszillator<\/td>\n<td><a title=\"Wien-Robinson\" href=\"http:\/\/service.projektlabor.tu-berlin.de\/wordpress\/fear\/wp-content\/uploads\/sites\/3\/2013\/06\/Handout-Wien-Robinson.pdf\" target=\"_blank\">Download<\/a><\/td>\n<\/tr>\n<tr>\n<td>Sascha<\/td>\n<td>Schwingkreis<\/td>\n<td><a href=\"http:\/\/service.projektlabor.tu-berlin.de\/wordpress\/fear\/wp-content\/uploads\/sites\/3\/2013\/05\/Handout-Schwingkreis.pdf\">Download<\/a><\/td>\n<\/tr>\n<tr>\n<td>Ali<\/td>\n<td><a title=\"Flipflop\" href=\"http:\/\/service.projektlabor.tu-berlin.de\/wordpress\/fear\/wp-content\/uploads\/sites\/3\/2013\/06\/referat.pdf\" target=\"_blank\">Flip Flops<\/a><\/td>\n<td>Download<\/td>\n<\/tr>\n<tr>\n<td>Ahmed<\/td>\n<td><a href=\"http:\/\/service.projektlabor.tu-berlin.de\/wordpress\/fear\/wp-content\/uploads\/sites\/3\/2013\/05\/Herstellen-von-Platinen_Ahmed_B.pdf\">Herstellen von Platinen<\/a><\/td>\n<td><a href=\"http:\/\/service.projektlabor.tu-berlin.de\/wordpress\/fear\/wp-content\/uploads\/sites\/3\/2013\/05\/Herstellen-Von-Platinen_handout_boukhit.pdf\">Download<\/a><\/td>\n<\/tr>\n<tr>\n<td>Patrick<\/td>\n<td>\u00a0Musiktheorie<\/td>\n<td><a title=\"Musiktheorie\" href=\"http:\/\/service.projektlabor.tu-berlin.de\/wordpress\/fear\/wp-content\/uploads\/sites\/3\/2013\/07\/Musiktheorie.pdf\" target=\"_blank\">Download<\/a><\/td>\n<\/tr>\n<tr>\n<td>Jan<\/td>\n<td><\/td>\n<td>Download<\/td>\n<\/tr>\n<tr>\n<td>Louis<\/td>\n<td><\/td>\n<td>Download<\/td>\n<\/tr>\n<tr>\n<td>Roland<\/td>\n<td>\u00a0<a title=\"Projektmanagement_Beamer\" href=\"http:\/\/service.projektlabor.tu-berlin.de\/wordpress\/fear\/wp-content\/uploads\/sites\/3\/2013\/07\/Projektmanagement_Beamer.pdf\" target=\"_blank\">Projektmanagement<\/a><\/td>\n<td><a title=\"Projektmanagement_Handout\" href=\"http:\/\/service.projektlabor.tu-berlin.de\/wordpress\/fear\/wp-content\/uploads\/sites\/3\/2013\/07\/Projektmanagement_Handout.pdf\" target=\"_blank\">Download<\/a><\/td>\n<\/tr>\n<\/tbody>\n<\/table>\n","protected":false},"excerpt":{"rendered":"<p>Zun\u00e4chst erfolgte wie in dem Blockschaltbild hervorgeht eine weitere Unterteilung der Gruppe Audio in die Aufgabenbereiche Tonerzeugung und Tonsteuerung. W\u00e4hrend sich genannte Teilgruppe mit den Entwerfen und Dimensionieren von 8 Schwingkreisen mitjeweils festgelegter Eigenfrequenz besch\u00e4ftigte und somit 8 verschiedene T\u00f6ne &hellip;<\/p>\n<p class=\"read-more\"> <a class=\"more-link\" href=\"https:\/\/service.projektlabor.tu-berlin.de\/wordpress\/fear\/gruppen-3\/gruppe-4\/\"> <span class=\"screen-reader-text\">Gruppe 5: Audio<\/span> Read More &raquo;<\/a><\/p>\n","protected":false},"author":8,"featured_media":0,"parent":285,"menu_order":0,"comment_status":"closed","ping_status":"closed","template":"","meta":[],"_links":{"self":[{"href":"https:\/\/service.projektlabor.tu-berlin.de\/wordpress\/fear\/wp-json\/wp\/v2\/pages\/217"}],"collection":[{"href":"https:\/\/service.projektlabor.tu-berlin.de\/wordpress\/fear\/wp-json\/wp\/v2\/pages"}],"about":[{"href":"https:\/\/service.projektlabor.tu-berlin.de\/wordpress\/fear\/wp-json\/wp\/v2\/types\/page"}],"author":[{"embeddable":true,"href":"https:\/\/service.projektlabor.tu-berlin.de\/wordpress\/fear\/wp-json\/wp\/v2\/users\/8"}],"replies":[{"embeddable":true,"href":"https:\/\/service.projektlabor.tu-berlin.de\/wordpress\/fear\/wp-json\/wp\/v2\/comments?post=217"}],"version-history":[{"count":47,"href":"https:\/\/service.projektlabor.tu-berlin.de\/wordpress\/fear\/wp-json\/wp\/v2\/pages\/217\/revisions"}],"predecessor-version":[{"id":351,"href":"https:\/\/service.projektlabor.tu-berlin.de\/wordpress\/fear\/wp-json\/wp\/v2\/pages\/217\/revisions\/351"}],"up":[{"embeddable":true,"href":"https:\/\/service.projektlabor.tu-berlin.de\/wordpress\/fear\/wp-json\/wp\/v2\/pages\/285"}],"wp:attachment":[{"href":"https:\/\/service.projektlabor.tu-berlin.de\/wordpress\/fear\/wp-json\/wp\/v2\/media?parent=217"}],"curies":[{"name":"wp","href":"https:\/\/api.w.org\/{rel}","templated":true}]}}