{"id":214,"date":"2013-05-09T10:30:10","date_gmt":"2013-05-09T08:30:10","guid":{"rendered":"http:\/\/service.projektlabor.tu-berlin.de\/wordpress\/fear\/?page_id=214"},"modified":"2013-07-01T15:56:07","modified_gmt":"2013-07-01T13:56:07","slug":"gruppe-1","status":"publish","type":"page","link":"https:\/\/service.projektlabor.tu-berlin.de\/wordpress\/fear\/gruppen-3\/gruppe-1\/","title":{"rendered":"Gruppe 1: Netzteil"},"content":{"rendered":"<p>Um die Akkuzustand zu zeigen, wird die Spannungsteiler mit 4 OPV &#8211; Komparator geschaltet.<br \/>\nDie Stufe von Akku wird mit 4 LEDs (gr\u00fcn, gelb, orange und rot) dargestellt. Die Akku kann maximal 5V liefern, daf\u00fcr wird Spannungsintervall f\u00fcr Stufe, also wann welche LED leuchten soll , \u00fcber Entladekurve von Akku bestimmt. Erreicht die Spannung der jeweiligen Stufe die untere Schwelle , so schaltet sich die LED aus.<\/p>\n<p>&nbsp;<\/p>\n<p>[nggallery id=3]<\/p>\n<p><strong><strong>Referate und Handouts :<\/strong><\/strong><\/p>\n<table border=\"0\" rules=\"rows\" align=\"left\">\n<thead>\n<tr>\n<td><strong>Name<\/strong><\/td>\n<td><strong>Referat<\/strong><\/td>\n<td><strong>Handout<\/strong><\/td>\n<\/tr>\n<\/thead>\n<tbody>\n<tr>\n<td>Georg<\/td>\n<td><a href=\"http:\/\/service.projektlabor.tu-berlin.de\/wordpress\/fear\/wp-content\/uploads\/sites\/3\/2013\/05\/Akkumulator-Referat.pdf\">Akkumulator<\/a><\/td>\n<td><a href=\"http:\/\/service.projektlabor.tu-berlin.de\/wordpress\/fear\/wp-content\/uploads\/sites\/3\/2013\/05\/Akkumulator-Handout.pdf\">Download<\/a><\/td>\n<\/tr>\n<tr>\n<td>Marius<\/td>\n<td><\/td>\n<td>Download<\/td>\n<\/tr>\n<tr>\n<td>Andreas<\/td>\n<td><a title=\"OPV\" href=\"http:\/\/service.projektlabor.tu-berlin.de\/wordpress\/fear\/wp-content\/uploads\/sites\/3\/2013\/05\/g01_andreas_k_Operationsverst\u00e4rker.pdf\" target=\"_blank\">OPV<\/a><\/td>\n<td><a title=\"OPV_Handout\" href=\"http:\/\/service.projektlabor.tu-berlin.de\/wordpress\/fear\/wp-content\/uploads\/sites\/3\/2013\/05\/g1_andreas_kopv_handout.pdfhttp:\/\/\" target=\"_blank\">Download<\/a><\/td>\n<\/tr>\n<tr>\n<td>Julius<\/td>\n<td><a href=\"http:\/\/service.projektlabor.tu-berlin.de\/wordpress\/fear\/wp-content\/uploads\/sites\/3\/2013\/05\/Relais_JuliusRichter_Referat.pdf\">Relais<\/a><\/td>\n<td><a href=\"http:\/\/service.projektlabor.tu-berlin.de\/wordpress\/fear\/wp-content\/uploads\/sites\/3\/2013\/05\/Relais_JuliusRichter_Handout.pdf\">Download<\/a><\/td>\n<\/tr>\n<tr>\n<td>Mauriel<\/td>\n<td><\/td>\n<td>Download<\/td>\n<\/tr>\n<tr>\n<td>Patrick<\/td>\n<td><a title=\"Gleichrichter\" href=\"http:\/\/service.projektlabor.tu-berlin.de\/wordpress\/fear\/wp-content\/uploads\/sites\/3\/2013\/06\/Gleichrichter-Referat_Patrick-Schall.pdf\" target=\"_blank\">Gleichrichter<\/a><\/td>\n<td><a title=\"Gleichrichter_Handout\" href=\"http:\/\/service.projektlabor.tu-berlin.de\/wordpress\/fear\/wp-content\/uploads\/sites\/3\/2013\/06\/Gleichrichter-Handout_Patrick-Schall.pdf\" target=\"_blank\">Download<\/a><\/td>\n<\/tr>\n<tr>\n<td>David<\/td>\n<td><a href=\"http:\/\/service.projektlabor.tu-berlin.de\/wordpress\/fear\/wp-content\/uploads\/sites\/3\/2013\/05\/Schutzma\u00dfnahmen.pdf\">Schutzma\u00dfnahmen<\/a><\/td>\n<td><a href=\"http:\/\/service.projektlabor.tu-berlin.de\/wordpress\/fear\/wp-content\/uploads\/sites\/3\/2013\/05\/schutz-Handout.pdf\">Download<\/a><\/td>\n<\/tr>\n<tr>\n<td>\u00dcm\u00fct<\/td>\n<td><a href=\"http:\/\/service.projektlabor.tu-berlin.de\/wordpress\/fear\/wp-content\/uploads\/sites\/3\/2013\/05\/Solarzelle-refg.pdf\">Solarzelle<\/a><\/td>\n<td><a href=\"http:\/\/service.projektlabor.tu-berlin.de\/wordpress\/fear\/wp-content\/uploads\/sites\/3\/2013\/05\/solarzelle-hand.pdf\">Download<\/a><\/td>\n<\/tr>\n<tr>\n<td>Muhammed<\/td>\n<td><\/td>\n<td>Download<\/td>\n<\/tr>\n<tr>\n<td>Adam<\/td>\n<td><a href=\"http:\/\/service.projektlabor.tu-berlin.de\/wordpress\/fear\/wp-content\/uploads\/sites\/3\/2013\/05\/Der-Transformator.pdf\">Transformator<\/a><\/td>\n<td><a href=\"http:\/\/service.projektlabor.tu-berlin.de\/wordpress\/fear\/wp-content\/uploads\/sites\/3\/2013\/05\/Hanout-Trnasfomator.pdf\">Download<\/a><\/td>\n<\/tr>\n<tr>\n<td>Khaled<\/td>\n<td><\/td>\n<td>Download<\/td>\n<\/tr>\n<tr>\n<td>Cam<\/td>\n<td><a href=\"http:\/\/service.projektlabor.tu-berlin.de\/wordpress\/fear\/wp-content\/uploads\/sites\/3\/2013\/07\/Laderegler-referat.pdf\">Laderegler<\/a><\/td>\n<td>Download<\/td>\n<\/tr>\n<\/tbody>\n<\/table>\n","protected":false},"excerpt":{"rendered":"<p>Um die Akkuzustand zu zeigen, wird die Spannungsteiler mit 4 OPV &#8211; Komparator geschaltet. Die Stufe von Akku wird mit 4 LEDs (gr\u00fcn, gelb, orange und rot) dargestellt. Die Akku kann maximal 5V liefern, daf\u00fcr wird Spannungsintervall f\u00fcr Stufe, also &hellip;<\/p>\n<p class=\"read-more\"> <a class=\"more-link\" href=\"https:\/\/service.projektlabor.tu-berlin.de\/wordpress\/fear\/gruppen-3\/gruppe-1\/\"> <span class=\"screen-reader-text\">Gruppe 1: Netzteil<\/span> Read More &raquo;<\/a><\/p>\n","protected":false},"author":8,"featured_media":0,"parent":285,"menu_order":0,"comment_status":"closed","ping_status":"closed","template":"","meta":[],"_links":{"self":[{"href":"https:\/\/service.projektlabor.tu-berlin.de\/wordpress\/fear\/wp-json\/wp\/v2\/pages\/214"}],"collection":[{"href":"https:\/\/service.projektlabor.tu-berlin.de\/wordpress\/fear\/wp-json\/wp\/v2\/pages"}],"about":[{"href":"https:\/\/service.projektlabor.tu-berlin.de\/wordpress\/fear\/wp-json\/wp\/v2\/types\/page"}],"author":[{"embeddable":true,"href":"https:\/\/service.projektlabor.tu-berlin.de\/wordpress\/fear\/wp-json\/wp\/v2\/users\/8"}],"replies":[{"embeddable":true,"href":"https:\/\/service.projektlabor.tu-berlin.de\/wordpress\/fear\/wp-json\/wp\/v2\/comments?post=214"}],"version-history":[{"count":45,"href":"https:\/\/service.projektlabor.tu-berlin.de\/wordpress\/fear\/wp-json\/wp\/v2\/pages\/214\/revisions"}],"predecessor-version":[{"id":642,"href":"https:\/\/service.projektlabor.tu-berlin.de\/wordpress\/fear\/wp-json\/wp\/v2\/pages\/214\/revisions\/642"}],"up":[{"embeddable":true,"href":"https:\/\/service.projektlabor.tu-berlin.de\/wordpress\/fear\/wp-json\/wp\/v2\/pages\/285"}],"wp:attachment":[{"href":"https:\/\/service.projektlabor.tu-berlin.de\/wordpress\/fear\/wp-json\/wp\/v2\/media?parent=214"}],"curies":[{"name":"wp","href":"https:\/\/api.w.org\/{rel}","templated":true}]}}