{"id":81,"date":"2014-12-17T11:20:00","date_gmt":"2014-12-17T10:20:00","guid":{"rendered":"http:\/\/service.projektlabor.tu-berlin.de\/wordpress\/bob\/?page_id=81"},"modified":"2015-02-03T13:21:54","modified_gmt":"2015-02-03T12:21:54","slug":"gruppe-wuerfel","status":"publish","type":"page","link":"https:\/\/service.projektlabor.tu-berlin.de\/wordpress\/bob\/gruppe-wuerfel\/","title":{"rendered":"Gruppe W\u00fcrfel"},"content":{"rendered":"<p>Die Gruppe W\u00fcrfel besch\u00e4ftigt sich mit dem W\u00fcrfel des Spieles Bob. Aufgeteilt wurde die<br \/>\nArbeit an dem W\u00fcrfel in zwei Untergruppen. Die erste besch\u00e4ftigt sich mit der Aufgabe eine<br \/>\nzuf\u00e4llige Zahl zu generieren, wenn der Spieler w\u00fcrfelt. Aufgabe der zweiten Gruppe ist es<br \/>\ndiese gew\u00fcrfelte Zahl m\u00f6glichst \u00e4sthetisch darzustellen. Teil dieser Gruppe sind: J\u00f6rn K.,<br \/>\nUgur Sahin, Axel Sch\u00f6nau, Jongsik Choi, Marcel Urban, Omid Chahardehinejad und Dario<br \/>\nSchmock. Betreut wird unsere Gruppe von Thomas M\u00f6ller.<\/p>\n","protected":false},"excerpt":{"rendered":"<p>Die Gruppe W\u00fcrfel besch\u00e4ftigt sich mit dem W\u00fcrfel des Spieles Bob. Aufgeteilt wurde die Arbeit an dem W\u00fcrfel in zwei Untergruppen. Die erste besch\u00e4ftigt sich mit der Aufgabe eine zuf\u00e4llige Zahl zu generieren, wenn der Spieler w\u00fcrfelt. Aufgabe der zweiten Gruppe ist es diese gew\u00fcrfelte Zahl m\u00f6glichst \u00e4sthetisch darzustellen. Teil dieser Gruppe sind: J\u00f6rn K., [&hellip;]<\/p>\n","protected":false},"author":15,"featured_media":431,"parent":0,"menu_order":0,"comment_status":"closed","ping_status":"closed","template":"","meta":[],"_links":{"self":[{"href":"https:\/\/service.projektlabor.tu-berlin.de\/wordpress\/bob\/wp-json\/wp\/v2\/pages\/81"}],"collection":[{"href":"https:\/\/service.projektlabor.tu-berlin.de\/wordpress\/bob\/wp-json\/wp\/v2\/pages"}],"about":[{"href":"https:\/\/service.projektlabor.tu-berlin.de\/wordpress\/bob\/wp-json\/wp\/v2\/types\/page"}],"author":[{"embeddable":true,"href":"https:\/\/service.projektlabor.tu-berlin.de\/wordpress\/bob\/wp-json\/wp\/v2\/users\/15"}],"replies":[{"embeddable":true,"href":"https:\/\/service.projektlabor.tu-berlin.de\/wordpress\/bob\/wp-json\/wp\/v2\/comments?post=81"}],"version-history":[{"count":3,"href":"https:\/\/service.projektlabor.tu-berlin.de\/wordpress\/bob\/wp-json\/wp\/v2\/pages\/81\/revisions"}],"predecessor-version":[{"id":430,"href":"https:\/\/service.projektlabor.tu-berlin.de\/wordpress\/bob\/wp-json\/wp\/v2\/pages\/81\/revisions\/430"}],"wp:featuredmedia":[{"embeddable":true,"href":"https:\/\/service.projektlabor.tu-berlin.de\/wordpress\/bob\/wp-json\/wp\/v2\/media\/431"}],"wp:attachment":[{"href":"https:\/\/service.projektlabor.tu-berlin.de\/wordpress\/bob\/wp-json\/wp\/v2\/media?parent=81"}],"curies":[{"name":"wp","href":"https:\/\/api.w.org\/{rel}","templated":true}]}}