{"id":79,"date":"2014-12-17T11:18:33","date_gmt":"2014-12-17T10:18:33","guid":{"rendered":"http:\/\/service.projektlabor.tu-berlin.de\/wordpress\/bob\/?page_id=79"},"modified":"2015-02-03T13:15:49","modified_gmt":"2015-02-03T12:15:49","slug":"gruppe-logik","status":"publish","type":"page","link":"https:\/\/service.projektlabor.tu-berlin.de\/wordpress\/bob\/gruppe-logik\/","title":{"rendered":"Gruppe Sound"},"content":{"rendered":"<p>Die Aufgabe der Gruppe Sound ist es bei bestimmte Ereignisse wie beim Gewinn des Spiels<br \/>\neinen Sound ab zuspielen. Dazu wird ein Signal f\u00fcr ein Ereignis von der Gruppen Logik oder<br \/>\nW\u00fcrfel gesendet. Diese Signale sind bin\u00e4r codiert und zwar bei einer logischen 1 ist es 5V<br \/>\nund f\u00fcr eine logische 0 ist es 0V . Um die Aufgabe zu erf\u00fcllen sind 3 Gruppen gebildet wurden.<\/p>\n<div id=\"attachment_369\" style=\"width: 310px\" class=\"wp-caption alignright\"><a href=\"http:\/\/service.projektlabor.tu-berlin.de\/wordpress\/bob\/wp-content\/uploads\/sites\/9\/2014\/12\/Sound_DAU_TP_Test.jpg\"><img aria-describedby=\"caption-attachment-369\" loading=\"lazy\" class=\"size-medium wp-image-369 \" alt=\"Es wurde flei\u00dfig getestet.\" src=\"http:\/\/service.projektlabor.tu-berlin.de\/wordpress\/bob\/wp-content\/uploads\/sites\/9\/2014\/12\/Sound_DAU_TP_Test-300x225.jpg\" width=\"300\" height=\"225\" srcset=\"https:\/\/service.projektlabor.tu-berlin.de\/wordpress\/bob\/wp-content\/uploads\/sites\/9\/2014\/12\/Sound_DAU_TP_Test-300x225.jpg 300w, https:\/\/service.projektlabor.tu-berlin.de\/wordpress\/bob\/wp-content\/uploads\/sites\/9\/2014\/12\/Sound_DAU_TP_Test-1024x768.jpg 1024w, https:\/\/service.projektlabor.tu-berlin.de\/wordpress\/bob\/wp-content\/uploads\/sites\/9\/2014\/12\/Sound_DAU_TP_Test-624x467.jpg 624w\" sizes=\"(max-width: 300px) 100vw, 300px\" \/><\/a><p id=\"caption-attachment-369\" class=\"wp-caption-text\">Es wurde flei\u00dfig getestet.<\/p><\/div>\n<p>Die erste Gruppe Logik und Steuerung ist daf\u00fcr zust\u00e4ndig die Signale, die von den Gruppen\u00a0Logik und W\u00fcrfel kommen, auszuwerten und die entsprechende Soundfile f\u00fcr das Ereignis\u00a0auszugeben. Die Logik und Steuerungs Gruppe besteht aus folgenden Mitgliedern: Noor A., Afef K., Artur Bohun und Michael Sch\u00e4fer. Die n\u00e4chste Gruppe Digital-Analog-\u00a0Umsetzer und Tiefpass setzt das digitale Signal des Mikrocontrollers in ein entsprechendes\u00a0Analoges um. Die Gruppe Digital-Analog-Umsetzer und Tiefpass hat folgende Mitglieder:<br \/>\nHendrik Pietzsch und Daniel Ziebell. Zum Schluss wird das analoge Signal noch verst\u00e4rkt,<br \/>\ndazu ist die Gruppe Verst\u00e4rker verantwortlich. Die Gruppe Verst\u00e4rker setzt sich aus folgenden<br \/>\nMitgliedern zusammen: Mihriban A. und Mohammed Alanazi.<\/p>\n<div id=\"attachment_374\" style=\"width: 782px\" class=\"wp-caption alignnone\"><a href=\"http:\/\/service.projektlabor.tu-berlin.de\/wordpress\/bob\/wp-content\/uploads\/sites\/9\/2014\/12\/Sound_Blockschaltbild1.png\"><img aria-describedby=\"caption-attachment-374\" loading=\"lazy\" class=\" wp-image-374 \" alt=\"Das Blockschaltbild der Gruppe Sound\" src=\"http:\/\/service.projektlabor.tu-berlin.de\/wordpress\/bob\/wp-content\/uploads\/sites\/9\/2014\/12\/Sound_Blockschaltbild1.png\" width=\"772\" height=\"337\" srcset=\"https:\/\/service.projektlabor.tu-berlin.de\/wordpress\/bob\/wp-content\/uploads\/sites\/9\/2014\/12\/Sound_Blockschaltbild1.png 1287w, https:\/\/service.projektlabor.tu-berlin.de\/wordpress\/bob\/wp-content\/uploads\/sites\/9\/2014\/12\/Sound_Blockschaltbild1-300x131.png 300w, https:\/\/service.projektlabor.tu-berlin.de\/wordpress\/bob\/wp-content\/uploads\/sites\/9\/2014\/12\/Sound_Blockschaltbild1-1024x447.png 1024w, https:\/\/service.projektlabor.tu-berlin.de\/wordpress\/bob\/wp-content\/uploads\/sites\/9\/2014\/12\/Sound_Blockschaltbild1-624x272.png 624w\" sizes=\"(max-width: 772px) 100vw, 772px\" \/><\/a><p id=\"caption-attachment-374\" class=\"wp-caption-text\">Das Blockschaltbild der Gruppe Sound<\/p><\/div>\n","protected":false},"excerpt":{"rendered":"<p>Die Aufgabe der Gruppe Sound ist es bei bestimmte Ereignisse wie beim Gewinn des Spiels einen Sound ab zuspielen. Dazu wird ein Signal f\u00fcr ein Ereignis von der Gruppen Logik oder W\u00fcrfel gesendet. Diese Signale sind bin\u00e4r codiert und zwar bei einer logischen 1 ist es 5V und f\u00fcr eine logische 0 ist es 0V [&hellip;]<\/p>\n","protected":false},"author":15,"featured_media":0,"parent":0,"menu_order":0,"comment_status":"closed","ping_status":"closed","template":"","meta":[],"_links":{"self":[{"href":"https:\/\/service.projektlabor.tu-berlin.de\/wordpress\/bob\/wp-json\/wp\/v2\/pages\/79"}],"collection":[{"href":"https:\/\/service.projektlabor.tu-berlin.de\/wordpress\/bob\/wp-json\/wp\/v2\/pages"}],"about":[{"href":"https:\/\/service.projektlabor.tu-berlin.de\/wordpress\/bob\/wp-json\/wp\/v2\/types\/page"}],"author":[{"embeddable":true,"href":"https:\/\/service.projektlabor.tu-berlin.de\/wordpress\/bob\/wp-json\/wp\/v2\/users\/15"}],"replies":[{"embeddable":true,"href":"https:\/\/service.projektlabor.tu-berlin.de\/wordpress\/bob\/wp-json\/wp\/v2\/comments?post=79"}],"version-history":[{"count":11,"href":"https:\/\/service.projektlabor.tu-berlin.de\/wordpress\/bob\/wp-json\/wp\/v2\/pages\/79\/revisions"}],"predecessor-version":[{"id":428,"href":"https:\/\/service.projektlabor.tu-berlin.de\/wordpress\/bob\/wp-json\/wp\/v2\/pages\/79\/revisions\/428"}],"wp:attachment":[{"href":"https:\/\/service.projektlabor.tu-berlin.de\/wordpress\/bob\/wp-json\/wp\/v2\/media?parent=79"}],"curies":[{"name":"wp","href":"https:\/\/api.w.org\/{rel}","templated":true}]}}