{"id":73,"date":"2014-12-16T15:45:51","date_gmt":"2014-12-16T14:45:51","guid":{"rendered":"http:\/\/service.projektlabor.tu-berlin.de\/wordpress\/bob\/?page_id=73"},"modified":"2015-02-03T14:08:38","modified_gmt":"2015-02-03T13:08:38","slug":"gruppe-spielfeld","status":"publish","type":"page","link":"https:\/\/service.projektlabor.tu-berlin.de\/wordpress\/bob\/gruppe-spielfeld\/","title":{"rendered":"Gruppe Spielfeld"},"content":{"rendered":"<div id=\"attachment_201\" style=\"width: 310px\" class=\"wp-caption alignright\"><a href=\"http:\/\/service.projektlabor.tu-berlin.de\/wordpress\/bob\/wp-content\/uploads\/sites\/9\/2014\/12\/20150113_175033.jpg\"><img aria-describedby=\"caption-attachment-201\" loading=\"lazy\" class=\"size-medium wp-image-201 \" alt=\"20150113_175033\" src=\"http:\/\/service.projektlabor.tu-berlin.de\/wordpress\/bob\/wp-content\/uploads\/sites\/9\/2014\/12\/20150113_175033-300x225.jpg\" width=\"300\" height=\"225\" srcset=\"https:\/\/service.projektlabor.tu-berlin.de\/wordpress\/bob\/wp-content\/uploads\/sites\/9\/2014\/12\/20150113_175033-300x225.jpg 300w, https:\/\/service.projektlabor.tu-berlin.de\/wordpress\/bob\/wp-content\/uploads\/sites\/9\/2014\/12\/20150113_175033-1024x768.jpg 1024w, https:\/\/service.projektlabor.tu-berlin.de\/wordpress\/bob\/wp-content\/uploads\/sites\/9\/2014\/12\/20150113_175033-624x467.jpg 624w\" sizes=\"(max-width: 300px) 100vw, 300px\" \/><\/a><p id=\"caption-attachment-201\" class=\"wp-caption-text\">Der erste Test der Schnittstelle Mikrocontroller-Spielbrett fiel ein wenig bunter aus als erwartet.<\/p><\/div>\n<p>Was ist das Erste, was einem bei einem Brettspiel ins Auge f\u00e4llt? Richtig! Das Spielfeld!<br \/>\nAn eben diesem Spielfeld f\u00fcr das Projekt Bob, dessen Namen nicht unbedingt auf eine Variante<br \/>\ndes altbekannten Mensch-\u00c4rgere-Dich-Nicht-Spiels schlie\u00dfen l\u00e4sst, arbeiteten folgende<br \/>\nMitglieder:<\/p>\n<ul>\n<li>Angelika Jezierska<\/li>\n<li>Paul Meyer-Rachner<\/li>\n<li>Luise Moritz<\/li>\n<li>Nicolas Napp<\/li>\n<li>Jastin Panfil<\/li>\n<li>Max Rauchenecker<\/li>\n<li>Michael Bunk<\/li>\n<li>Daniel Casares<\/li>\n<\/ul>\n<p><span style=\"line-height: 1.714285714;font-size: 1rem\">Die Aufgabe der Gruppe lag darin, das Spielfeld zu layouten und mit LEDs auszustatten,<\/span><\/p>\n<p>sowie die Signale des Mikrocontrollers zu decodieren, um die LEDs ansteuern zu k\u00f6nnen.<br \/>\nZus\u00e4tzlich gibt es noch Taster, mit denen die Spielfiguren ausgew\u00e4hlt werden sollen. Daf\u00fcr<br \/>\nwurden drei Gruppen gebildet:<\/p>\n<ol>\n<li>LED-Matrix Hier wurde das Spielfeld-Layout entworfen, das dann sp\u00e4ter als Grundlage\u00a0f\u00fcr die LED-Matrix, sowie f\u00fcr die Anordnung der W\u00fcrfel und Taster dient.<\/li>\n<li>Taster Mit den beiden Taster wird die Spielfigur ausgew\u00e4hlt und best\u00e4tigt, die bewegt\u00a0werden soll. Die Logik dahinter wurde in dieser Gruppe erarbeitet.<\/li>\n<li>LED-Ansteuerung Ohne eine geeignete Ansteuerung, die Signale des Mikrocontrollers\u00a0verwertet, ist keine LED-Matrix nutzbar. F\u00fcr das richtige Blinken der LEDs sorgt\u00a0die LED-Ansteuerungsgruppe. Sie bildet eine wichtige Schnittstelle zwischen dem Mikrocontroller\u00a0und der Matrix.<a style=\"color: #0f3647\" href=\"http:\/\/service.projektlabor.tu-berlin.de\/wordpress\/bob\/wp-content\/uploads\/sites\/9\/2014\/12\/20141216_144255.jpg\"><img loading=\"lazy\" class=\"alignright\" alt=\"20141216_144255\" src=\"http:\/\/service.projektlabor.tu-berlin.de\/wordpress\/bob\/wp-content\/uploads\/sites\/9\/2014\/12\/20141216_144255-300x225.jpg\" width=\"300\" height=\"225\" \/><\/a><\/li>\n<\/ol>\n<p>Desweiteren bestand noch die Option einen Demomodus f\u00fcr die LED-Matrix, der einen m\u00f6glichen<br \/>\nSpielablauf mithilfe eines zus\u00e4tzlichen Mikrocontrollers simuliert, zu erstellen. Allerdings<br \/>\nwurde dessen Realisierung zur\u00fcckgestellt, da es sich hier um ein Bonusfeature handelt.<br \/>\nDie Kleingruppen und ihre Kommunikation untereinander mit den dazugeh\u00f6rigen ankommenden<br \/>\nbzw. abgehenden Signalen sind noch einmal im Blockschaltbild visualisiert. Genauere<br \/>\nAngaben zu den Signalen befinden sich in den Unterkapiteln \u201eSchnittstellen \u201cder Untergruppen.<\/p>\n<div id=\"attachment_382\" style=\"width: 952px\" class=\"wp-caption aligncenter\"><a href=\"http:\/\/service.projektlabor.tu-berlin.de\/wordpress\/bob\/wp-content\/uploads\/sites\/9\/2015\/01\/BSB-Spielbrett.png\"><img aria-describedby=\"caption-attachment-382\" loading=\"lazy\" class=\" wp-image-382 \" alt=\"Blockschaltbild der Gruppe Spielfeld\" src=\"http:\/\/service.projektlabor.tu-berlin.de\/wordpress\/bob\/wp-content\/uploads\/sites\/9\/2015\/01\/BSB-Spielbrett.png\" width=\"942\" height=\"502\" srcset=\"https:\/\/service.projektlabor.tu-berlin.de\/wordpress\/bob\/wp-content\/uploads\/sites\/9\/2015\/01\/BSB-Spielbrett.png 1570w, https:\/\/service.projektlabor.tu-berlin.de\/wordpress\/bob\/wp-content\/uploads\/sites\/9\/2015\/01\/BSB-Spielbrett-300x159.png 300w, https:\/\/service.projektlabor.tu-berlin.de\/wordpress\/bob\/wp-content\/uploads\/sites\/9\/2015\/01\/BSB-Spielbrett-1024x545.png 1024w, https:\/\/service.projektlabor.tu-berlin.de\/wordpress\/bob\/wp-content\/uploads\/sites\/9\/2015\/01\/BSB-Spielbrett-624x332.png 624w\" sizes=\"(max-width: 942px) 100vw, 942px\" \/><\/a><p id=\"caption-attachment-382\" class=\"wp-caption-text\">Blockschaltbild der Gruppe Spielfeld<\/p><\/div>\n<p><span style=\"line-height: 1.714285714;font-size: 1rem\">\u00a0<\/span><\/p>\n","protected":false},"excerpt":{"rendered":"<p>Was ist das Erste, was einem bei einem Brettspiel ins Auge f\u00e4llt? Richtig! Das Spielfeld! An eben diesem Spielfeld f\u00fcr das Projekt Bob, dessen Namen nicht unbedingt auf eine Variante des altbekannten Mensch-\u00c4rgere-Dich-Nicht-Spiels schlie\u00dfen l\u00e4sst, arbeiteten folgende Mitglieder: Angelika Jezierska Paul Meyer-Rachner Luise Moritz Nicolas Napp Jastin Panfil Max Rauchenecker Michael Bunk Daniel Casares Die [&hellip;]<\/p>\n","protected":false},"author":16,"featured_media":0,"parent":0,"menu_order":0,"comment_status":"closed","ping_status":"closed","template":"page-templates\/full-width.php","meta":[],"_links":{"self":[{"href":"https:\/\/service.projektlabor.tu-berlin.de\/wordpress\/bob\/wp-json\/wp\/v2\/pages\/73"}],"collection":[{"href":"https:\/\/service.projektlabor.tu-berlin.de\/wordpress\/bob\/wp-json\/wp\/v2\/pages"}],"about":[{"href":"https:\/\/service.projektlabor.tu-berlin.de\/wordpress\/bob\/wp-json\/wp\/v2\/types\/page"}],"author":[{"embeddable":true,"href":"https:\/\/service.projektlabor.tu-berlin.de\/wordpress\/bob\/wp-json\/wp\/v2\/users\/16"}],"replies":[{"embeddable":true,"href":"https:\/\/service.projektlabor.tu-berlin.de\/wordpress\/bob\/wp-json\/wp\/v2\/comments?post=73"}],"version-history":[{"count":12,"href":"https:\/\/service.projektlabor.tu-berlin.de\/wordpress\/bob\/wp-json\/wp\/v2\/pages\/73\/revisions"}],"predecessor-version":[{"id":443,"href":"https:\/\/service.projektlabor.tu-berlin.de\/wordpress\/bob\/wp-json\/wp\/v2\/pages\/73\/revisions\/443"}],"wp:attachment":[{"href":"https:\/\/service.projektlabor.tu-berlin.de\/wordpress\/bob\/wp-json\/wp\/v2\/media?parent=73"}],"curies":[{"name":"wp","href":"https:\/\/api.w.org\/{rel}","templated":true}]}}