{"id":62,"date":"2017-05-30T14:53:48","date_gmt":"2017-05-30T12:53:48","guid":{"rendered":"http:\/\/service.projektlabor.tu-berlin.de\/wordpress\/absynth\/?page_id=62"},"modified":"2017-07-17T18:55:00","modified_gmt":"2017-07-17T16:55:00","slug":"1-3-spannungsregelung","status":"publish","type":"page","link":"https:\/\/service.projektlabor.tu-berlin.de\/wordpress\/absynth\/gruppen\/gruppe-1-netzteil\/1-3-spannungsregelung\/","title":{"rendered":"1.3: Spannungsregelung"},"content":{"rendered":"<p>Die Spannungsregelung stellt die Ausgangsspannung (DC) des Netzteils auf 12V, -12V,<br \/>\nbzw. 5V. Die herabzusetzende Spannung, die vom Trafo (gegl\u00e4ttet) oder der Batterie<br \/>\nbereitgestellt wird, betr\u00e4gt ca. 25V. F\u00fcr das Herabsetzen auf 12V, -12V und 5V wird ein<br \/>\nStep-Down-Regler verwendet, um Verluste gering zu halten.<\/p>\n<p><a href=\"http:\/\/service.projektlabor.tu-berlin.de\/wordpress\/absynth\/wp-content\/uploads\/sites\/19\/2017\/05\/Blockschaltbild_G13.jpg\"><img loading=\"lazy\" class=\"wp-image-82  aligncenter\" src=\"http:\/\/service.projektlabor.tu-berlin.de\/wordpress\/absynth\/wp-content\/uploads\/sites\/19\/2017\/05\/Blockschaltbild_G13.jpg\" alt=\"Blockschaltbild_G13\" width=\"337\" height=\"373\" srcset=\"https:\/\/service.projektlabor.tu-berlin.de\/wordpress\/absynth\/wp-content\/uploads\/sites\/19\/2017\/05\/Blockschaltbild_G13.jpg 474w, https:\/\/service.projektlabor.tu-berlin.de\/wordpress\/absynth\/wp-content\/uploads\/sites\/19\/2017\/05\/Blockschaltbild_G13-271x300.jpg 271w\" sizes=\"(max-width: 337px) 100vw, 337px\" \/><\/a><\/p>\n<p>F\u00fcr den -12V-Ausgang wird der Step-Down-Regler in Inverter Schaltung verwendet.<br \/>\nDer Step-Down-Regler w\u00fcrde sich mit einem LTC1624 realisieren lassen, der nach<br \/>\nDatenblatt f\u00fcr eine Ausgangsspannung von 12V und 10A wie in folgender Abb dimensioniert<br \/>\nist. Die Schaltung wurde in LTspice erstellt und mit realen Bauteilen simuliert.<\/p>\n<p><a href=\"http:\/\/service.projektlabor.tu-berlin.de\/wordpress\/absynth\/wp-content\/uploads\/sites\/19\/2017\/05\/Datasheet_LTC1624_12V_10A.jpg\"><img loading=\"lazy\" class=\"aligncenter wp-image-83 size-full\" src=\"http:\/\/service.projektlabor.tu-berlin.de\/wordpress\/absynth\/wp-content\/uploads\/sites\/19\/2017\/05\/Datasheet_LTC1624_12V_10A.jpg\" alt=\"Datasheet_LTC1624_12V_10A\" width=\"1113\" height=\"660\" srcset=\"https:\/\/service.projektlabor.tu-berlin.de\/wordpress\/absynth\/wp-content\/uploads\/sites\/19\/2017\/05\/Datasheet_LTC1624_12V_10A.jpg 1113w, https:\/\/service.projektlabor.tu-berlin.de\/wordpress\/absynth\/wp-content\/uploads\/sites\/19\/2017\/05\/Datasheet_LTC1624_12V_10A-300x178.jpg 300w, https:\/\/service.projektlabor.tu-berlin.de\/wordpress\/absynth\/wp-content\/uploads\/sites\/19\/2017\/05\/Datasheet_LTC1624_12V_10A-1024x607.jpg 1024w, https:\/\/service.projektlabor.tu-berlin.de\/wordpress\/absynth\/wp-content\/uploads\/sites\/19\/2017\/05\/Datasheet_LTC1624_12V_10A-624x370.jpg 624w\" sizes=\"(max-width: 1113px) 100vw, 1113px\" \/><\/a><\/p>\n<p><a href=\"http:\/\/service.projektlabor.tu-berlin.de\/wordpress\/absynth\/wp-content\/uploads\/sites\/19\/2017\/05\/LTC1624_12V_10A.jpg\"><img loading=\"lazy\" class=\"aligncenter wp-image-80 size-full\" src=\"http:\/\/service.projektlabor.tu-berlin.de\/wordpress\/absynth\/wp-content\/uploads\/sites\/19\/2017\/05\/LTC1624_12V_10A.jpg\" alt=\"LTC1624_12V_10A\" width=\"985\" height=\"429\" srcset=\"https:\/\/service.projektlabor.tu-berlin.de\/wordpress\/absynth\/wp-content\/uploads\/sites\/19\/2017\/05\/LTC1624_12V_10A.jpg 985w, https:\/\/service.projektlabor.tu-berlin.de\/wordpress\/absynth\/wp-content\/uploads\/sites\/19\/2017\/05\/LTC1624_12V_10A-300x131.jpg 300w, https:\/\/service.projektlabor.tu-berlin.de\/wordpress\/absynth\/wp-content\/uploads\/sites\/19\/2017\/05\/LTC1624_12V_10A-624x272.jpg 624w\" sizes=\"(max-width: 985px) 100vw, 985px\" \/><\/a><\/p>\n<p><a href=\"http:\/\/service.projektlabor.tu-berlin.de\/wordpress\/absynth\/wp-content\/uploads\/sites\/19\/2017\/05\/LTC1624_Simulation.jpg\"><img loading=\"lazy\" class=\"alignnone size-full wp-image-81\" src=\"http:\/\/service.projektlabor.tu-berlin.de\/wordpress\/absynth\/wp-content\/uploads\/sites\/19\/2017\/05\/LTC1624_Simulation.jpg\" alt=\"LTC1624_Simulation\" width=\"1030\" height=\"332\" srcset=\"https:\/\/service.projektlabor.tu-berlin.de\/wordpress\/absynth\/wp-content\/uploads\/sites\/19\/2017\/05\/LTC1624_Simulation.jpg 1030w, https:\/\/service.projektlabor.tu-berlin.de\/wordpress\/absynth\/wp-content\/uploads\/sites\/19\/2017\/05\/LTC1624_Simulation-300x97.jpg 300w, https:\/\/service.projektlabor.tu-berlin.de\/wordpress\/absynth\/wp-content\/uploads\/sites\/19\/2017\/05\/LTC1624_Simulation-1024x330.jpg 1024w, https:\/\/service.projektlabor.tu-berlin.de\/wordpress\/absynth\/wp-content\/uploads\/sites\/19\/2017\/05\/LTC1624_Simulation-624x201.jpg 624w\" sizes=\"(max-width: 1030px) 100vw, 1030px\" \/><\/a><\/p>\n<p>Da der LTC1624 mit 5 Euro vergleichsweise teuer ist und nicht fristgerecht lieferbar<br \/>\nwar, wurde auf den den LM2596 gewechselt. Entsprechend wurde die Schaltung f\u00fcr den<br \/>\nLM2596 neu dimensioniert und mit LTspice simuliert. Hierbei wird die Ausgangsspannung<br \/>\ndurch einen Spannungsteiler in der externen Beschaltung des LM2596 realisiert.<\/p>\n<p>Das f\u00fcr die jeweilige Ausgangsspannung ben\u00f6tigte Verh\u00e4ltnis der Widerst\u00e4nde\u00a0bestimmt. Anschlie\u00dfend werden ebenso der Ein- und Ausgangskondensator<br \/>\nsowie die Spule im Ausgang nach dem Datenblatt dimensioniert. Der Aufbau<br \/>\nder externen Beschaltung ist in folgender Abb. dargestellt.<\/p>\n<p><a href=\"http:\/\/service.projektlabor.tu-berlin.de\/wordpress\/absynth\/wp-content\/uploads\/sites\/19\/2017\/05\/g1k3lm2596.jpg\"><img loading=\"lazy\" class=\" wp-image-467 aligncenter\" src=\"http:\/\/service.projektlabor.tu-berlin.de\/wordpress\/absynth\/wp-content\/uploads\/sites\/19\/2017\/05\/g1k3lm2596.jpg\" alt=\"g1k3lm2596\" width=\"481\" height=\"228\" srcset=\"https:\/\/service.projektlabor.tu-berlin.de\/wordpress\/absynth\/wp-content\/uploads\/sites\/19\/2017\/05\/g1k3lm2596.jpg 2498w, https:\/\/service.projektlabor.tu-berlin.de\/wordpress\/absynth\/wp-content\/uploads\/sites\/19\/2017\/05\/g1k3lm2596-300x142.jpg 300w, https:\/\/service.projektlabor.tu-berlin.de\/wordpress\/absynth\/wp-content\/uploads\/sites\/19\/2017\/05\/g1k3lm2596-1024x485.jpg 1024w, https:\/\/service.projektlabor.tu-berlin.de\/wordpress\/absynth\/wp-content\/uploads\/sites\/19\/2017\/05\/g1k3lm2596-624x295.jpg 624w\" sizes=\"(max-width: 481px) 100vw, 481px\" \/><\/a><\/p>\n<p>Zun\u00e4chst wurden die einzelnen Tiefsetzer mit LTspice simuliert, ehe alle vier Tiefsetzer in<br \/>\neiner Schaltung zusammen simuliert wurden. Das Simulationsergebnis des 12V- und 5V-Ausgangs sind in folgender Abb. dargestellt. Der gesamte Schaltungsaufbau der vier Tiefsetzer<br \/>\naus der schematischen Darstellung in EGALE ist nach dieser zu sehen.<\/p>\n<p><a href=\"http:\/\/service.projektlabor.tu-berlin.de\/wordpress\/absynth\/wp-content\/uploads\/sites\/19\/2017\/05\/g1k3LM1205parallelSimulation.jpg\"><img loading=\"lazy\" class=\"alignnone size-full wp-image-466\" src=\"http:\/\/service.projektlabor.tu-berlin.de\/wordpress\/absynth\/wp-content\/uploads\/sites\/19\/2017\/05\/g1k3LM1205parallelSimulation.jpg\" alt=\"g1k3LM1205parallelSimulation\" width=\"957\" height=\"726\" srcset=\"https:\/\/service.projektlabor.tu-berlin.de\/wordpress\/absynth\/wp-content\/uploads\/sites\/19\/2017\/05\/g1k3LM1205parallelSimulation.jpg 957w, https:\/\/service.projektlabor.tu-berlin.de\/wordpress\/absynth\/wp-content\/uploads\/sites\/19\/2017\/05\/g1k3LM1205parallelSimulation-300x228.jpg 300w, https:\/\/service.projektlabor.tu-berlin.de\/wordpress\/absynth\/wp-content\/uploads\/sites\/19\/2017\/05\/g1k3LM1205parallelSimulation-624x473.jpg 624w\" sizes=\"(max-width: 957px) 100vw, 957px\" \/><\/a><\/p>\n<p><a href=\"http:\/\/service.projektlabor.tu-berlin.de\/wordpress\/absynth\/wp-content\/uploads\/sites\/19\/2017\/05\/g1k3alles.jpg\"><img loading=\"lazy\" class=\"alignnone size-full wp-image-460\" src=\"http:\/\/service.projektlabor.tu-berlin.de\/wordpress\/absynth\/wp-content\/uploads\/sites\/19\/2017\/05\/g1k3alles.jpg\" alt=\"g1k3alles\" width=\"754\" height=\"677\" srcset=\"https:\/\/service.projektlabor.tu-berlin.de\/wordpress\/absynth\/wp-content\/uploads\/sites\/19\/2017\/05\/g1k3alles.jpg 754w, https:\/\/service.projektlabor.tu-berlin.de\/wordpress\/absynth\/wp-content\/uploads\/sites\/19\/2017\/05\/g1k3alles-300x269.jpg 300w, https:\/\/service.projektlabor.tu-berlin.de\/wordpress\/absynth\/wp-content\/uploads\/sites\/19\/2017\/05\/g1k3alles-624x560.jpg 624w\" sizes=\"(max-width: 754px) 100vw, 754px\" \/><\/a><\/p>\n<p>Nachdem die Schaltung mit Hilfe der Simulation hinreichend dimensioniert wurde, wurden<br \/>\ndie entsprechenden Bauteile angeschafft und die Schaltung auf Steckbrettern zum<br \/>\nTest aufgebaut. Hierbei stellten sich gro\u00dfe Unregelm\u00e4\u00dfigkeiten bez\u00fcglich der Funktionsweise<br \/>\nder Schaltungen heraus. Nach mehrfachem \u00dcberpr\u00fcfen und der Verwendung<br \/>\nunterschiedlicher Steckbretter, stellte sich jedoch heraus, das die Unregelm\u00e4\u00dfigkeiten auf<br \/>\ndie Steckbretter zur\u00fcckzuf\u00fchren waren.<br \/>\nSomit wurde die Schaltung als Schematic in EAGLE erstellt. Diese wurde anschlie\u00dfend<br \/>\nmit denen der anderen Teilgruppen zusammengef\u00fcgt, um diese auf zwei Platinen zusammen<br \/>\nzu verlegen.<br \/>\nHierbei wurde auch die noch ben\u00f6tigte K\u00fchlung ber\u00fccksichtigt. Entgegen der anf\u00e4nglichen<br \/>\n\u00dcberlegung einen gemeinsamen K\u00fchlk\u00f6rper zu verwenden, fiel die Entscheidung jedem<br \/>\nLM2596 einen eigenen kleineren K\u00fchlk\u00f6rper zu geben. Dies erm\u00f6glichte ein kompakteres<br \/>\nLayout der Platinen, da die Step-Down-Regler nicht alle an einer gemeinsamen Kante<br \/>\naneinander angebracht werden m\u00fcssen.<\/p>\n","protected":false},"excerpt":{"rendered":"<p>Die Spannungsregelung stellt die Ausgangsspannung (DC) des Netzteils auf 12V, -12V, bzw. 5V. Die herabzusetzende Spannung, die vom Trafo (gegl\u00e4ttet) oder der Batterie bereitgestellt wird, betr\u00e4gt ca. 25V. F\u00fcr das Herabsetzen auf 12V, -12V und 5V wird ein Step-Down-Regler verwendet, um Verluste gering zu halten. F\u00fcr den -12V-Ausgang wird der Step-Down-Regler in Inverter Schaltung verwendet. [&hellip;]<\/p>\n","protected":false},"author":55,"featured_media":0,"parent":32,"menu_order":0,"comment_status":"closed","ping_status":"closed","template":"","meta":[],"_links":{"self":[{"href":"https:\/\/service.projektlabor.tu-berlin.de\/wordpress\/absynth\/wp-json\/wp\/v2\/pages\/62"}],"collection":[{"href":"https:\/\/service.projektlabor.tu-berlin.de\/wordpress\/absynth\/wp-json\/wp\/v2\/pages"}],"about":[{"href":"https:\/\/service.projektlabor.tu-berlin.de\/wordpress\/absynth\/wp-json\/wp\/v2\/types\/page"}],"author":[{"embeddable":true,"href":"https:\/\/service.projektlabor.tu-berlin.de\/wordpress\/absynth\/wp-json\/wp\/v2\/users\/55"}],"replies":[{"embeddable":true,"href":"https:\/\/service.projektlabor.tu-berlin.de\/wordpress\/absynth\/wp-json\/wp\/v2\/comments?post=62"}],"version-history":[{"count":4,"href":"https:\/\/service.projektlabor.tu-berlin.de\/wordpress\/absynth\/wp-json\/wp\/v2\/pages\/62\/revisions"}],"predecessor-version":[{"id":494,"href":"https:\/\/service.projektlabor.tu-berlin.de\/wordpress\/absynth\/wp-json\/wp\/v2\/pages\/62\/revisions\/494"}],"up":[{"embeddable":true,"href":"https:\/\/service.projektlabor.tu-berlin.de\/wordpress\/absynth\/wp-json\/wp\/v2\/pages\/32"}],"wp:attachment":[{"href":"https:\/\/service.projektlabor.tu-berlin.de\/wordpress\/absynth\/wp-json\/wp\/v2\/media?parent=62"}],"curies":[{"name":"wp","href":"https:\/\/api.w.org\/{rel}","templated":true}]}}