{"id":431,"date":"2017-07-17T00:21:41","date_gmt":"2017-07-16T22:21:41","guid":{"rendered":"http:\/\/service.projektlabor.tu-berlin.de\/wordpress\/absynth\/?page_id=431"},"modified":"2017-07-17T00:42:39","modified_gmt":"2017-07-16T22:42:39","slug":"bau-der-led-quader","status":"publish","type":"page","link":"https:\/\/service.projektlabor.tu-berlin.de\/wordpress\/absynth\/gruppen\/gruppe-2-interface\/2-3-led-anzeige\/bau-der-led-quader\/","title":{"rendered":"Bau der LED Quader"},"content":{"rendered":"<p>Im folgenden Abschnitt wird erkl\u00e4rt, wie der LED Quader gebaut wurde. Allgemein<br \/>\nwerden die LEDs von jeder Ebene in einer Holzplatte gesteckt und die Kathoden<br \/>\nzusammen gel\u00f6tet. Ebenen werden dann zusammen gel\u00f6tet zu dem Quader , wobei<br \/>\njede S\u00e4ule aus zusammengel\u00f6teten Anoden besteht.<\/p>\n<ul>\n<li><span style=\"text-decoration: underline\">Die Holzplatte:<\/span> \u00a0<span style=\"font-size: 1rem\">Um viele Messungen zu vermeiden, wurde die Holzplatte hier\u00a0<\/span>durch eine Lochrasterkarte ersetzt. Da der Abstand zwischen den L\u00f6chern in einer<br \/>\nLochrasterkarte \u00fcberall gleich ist erspart man sich die Messung von dem Abstand<br \/>\nzwischen den LEDs in dem man jeder Abstand in einem Vielfachen vom dem<br \/>\nRasterma\u00df umrechnet . Man benutzt folgende Formel :<br \/>\nAnzahl der L\u00f6chern zwischen 2 LEDs= Abstand zwischen 2 LEDs \/ Raster-mass=2.54 mm .<br \/>\nEs wird entsprechend die Position von jeder LED markiert und die L\u00f6cher f\u00fcr die<br \/>\nLEDs gebohrt.<\/li>\n<li><span style=\"text-decoration: underline\">Vorbereiten von LEDs<\/span> : Bevor die LEDs in der Lochrasterkarte gesteckt werden.<br \/>\nM\u00fcssen die Kathoden und Anoden gebogen werden. Es muss beachtet werden dass<br \/>\nalle Kathode und Anoden der LEDs in die gleiche Richtung gebogen werden sollen.<br \/>\nAls erstes sollen die Kathoden um 90\u00b0 gebogen werden. Dann werden die Anoden<br \/>\nmit einem Doppelknick um 90\u00b0 gebogen.<\/li>\n<li><span style=\"text-decoration: underline\">Ebenen:<\/span> Die LEDs werden in der Lochrasterkarte gesteckt und die Kathoden<br \/>\nzusammengel\u00f6tet. Das Ende von jeder Kathode von einer LED wird mit dem<br \/>\nAnfang der Kathode von der n\u00e4chsten LED gel\u00f6tet. Es m\u00fcssen am Ende alle<br \/>\nKathoden zusammengel\u00f6tet werden und so entsteht eine Ebene. Es wird die gleiche<br \/>\nVorgehensweise mit den anderen Ebenen wiederholt. Nach dem Zusammenl\u00f6ten<br \/>\nm\u00fcssen die Dioden nochmal mit einem Diodetester getestet werden.<\/li>\n<li><span style=\"text-decoration: underline\">S\u00e4ulen :<\/span> Nachdem die Ebenen fertig sind, werden die S\u00e4ulen zusammen gel\u00f6tet.<br \/>\nDas Ende von jeder Anode von einer LED wird mit dem Anfang der Anode von<br \/>\nder in der n\u00e4chsten Ebene liegende LED gel\u00f6tet. In dem Unteren Ebene bleiben die<br \/>\nAnoden frei f\u00fcr die Platine. Nach dem Zusammenl\u00f6ten m\u00fcssen die Dioden nochmal<br \/>\nmit einem Diodetester getestet werden<\/li>\n<li><span style=\"text-decoration: underline\">Erkl\u00e4rung:<\/span> Durch das Zusammenl\u00f6ten von den Kathoden von jeder Ebene zu<br \/>\neiner gemeinsamen Kathode und die Anoden von jeder S\u00e4ule zu einer gemeinsamen<br \/>\nAnode, kann man jede LED einzeln steuern. Um eine LED zum leuchten zu bringen<br \/>\nmuss die S\u00e4ule(=Anode) ausgeschaltet sein und die Ebene (=Kathode) eingeschaltet<br \/>\nsein.<\/p>\n<p><div id=\"attachment_434\" style=\"width: 171px\" class=\"wp-caption alignleft\"><a href=\"http:\/\/service.projektlabor.tu-berlin.de\/wordpress\/absynth\/wp-content\/uploads\/sites\/19\/2017\/07\/LED3.png\"><img aria-describedby=\"caption-attachment-434\" loading=\"lazy\" class=\"wp-image-434\" src=\"http:\/\/service.projektlabor.tu-berlin.de\/wordpress\/absynth\/wp-content\/uploads\/sites\/19\/2017\/07\/LED3-169x300.png\" alt=\"LED3\" width=\"161\" height=\"286\" srcset=\"https:\/\/service.projektlabor.tu-berlin.de\/wordpress\/absynth\/wp-content\/uploads\/sites\/19\/2017\/07\/LED3-169x300.png 169w, https:\/\/service.projektlabor.tu-berlin.de\/wordpress\/absynth\/wp-content\/uploads\/sites\/19\/2017\/07\/LED3.png 274w\" sizes=\"(max-width: 161px) 100vw, 161px\" \/><\/a><p id=\"caption-attachment-434\" class=\"wp-caption-text\">2 Ebenen<\/p><\/div><\/li>\n<\/ul>\n<div id=\"attachment_433\" style=\"width: 165px\" class=\"wp-caption alignleft\"><a href=\"http:\/\/service.projektlabor.tu-berlin.de\/wordpress\/absynth\/wp-content\/uploads\/sites\/19\/2017\/07\/LED2.png\"><img aria-describedby=\"caption-attachment-433\" loading=\"lazy\" class=\"wp-image-433\" src=\"http:\/\/service.projektlabor.tu-berlin.de\/wordpress\/absynth\/wp-content\/uploads\/sites\/19\/2017\/07\/LED2-171x300.png\" alt=\"LED2\" width=\"155\" height=\"271\" srcset=\"https:\/\/service.projektlabor.tu-berlin.de\/wordpress\/absynth\/wp-content\/uploads\/sites\/19\/2017\/07\/LED2-171x300.png 171w, https:\/\/service.projektlabor.tu-berlin.de\/wordpress\/absynth\/wp-content\/uploads\/sites\/19\/2017\/07\/LED2.png 277w\" sizes=\"(max-width: 155px) 100vw, 155px\" \/><\/a><p id=\"caption-attachment-433\" class=\"wp-caption-text\">LEDs in einer Ebene<\/p><\/div>\n<div id=\"attachment_432\" style=\"width: 159px\" class=\"wp-caption alignleft\"><a href=\"http:\/\/service.projektlabor.tu-berlin.de\/wordpress\/absynth\/wp-content\/uploads\/sites\/19\/2017\/07\/LED1.png\"><img aria-describedby=\"caption-attachment-432\" loading=\"lazy\" class=\"wp-image-432 size-full\" src=\"http:\/\/service.projektlabor.tu-berlin.de\/wordpress\/absynth\/wp-content\/uploads\/sites\/19\/2017\/07\/LED1.png\" alt=\"LED1\" width=\"149\" height=\"266\" \/><\/a><p id=\"caption-attachment-432\" class=\"wp-caption-text\">Umbiegen von Kathoden und Anoden<\/p><\/div>\n","protected":false},"excerpt":{"rendered":"<p>Im folgenden Abschnitt wird erkl\u00e4rt, wie der LED Quader gebaut wurde. Allgemein werden die LEDs von jeder Ebene in einer Holzplatte gesteckt und die Kathoden zusammen gel\u00f6tet. Ebenen werden dann zusammen gel\u00f6tet zu dem Quader , wobei jede S\u00e4ule aus zusammengel\u00f6teten Anoden besteht. Die Holzplatte: \u00a0Um viele Messungen zu vermeiden, wurde die Holzplatte hier\u00a0durch eine [&hellip;]<\/p>\n","protected":false},"author":58,"featured_media":0,"parent":130,"menu_order":0,"comment_status":"closed","ping_status":"closed","template":"","meta":[],"_links":{"self":[{"href":"https:\/\/service.projektlabor.tu-berlin.de\/wordpress\/absynth\/wp-json\/wp\/v2\/pages\/431"}],"collection":[{"href":"https:\/\/service.projektlabor.tu-berlin.de\/wordpress\/absynth\/wp-json\/wp\/v2\/pages"}],"about":[{"href":"https:\/\/service.projektlabor.tu-berlin.de\/wordpress\/absynth\/wp-json\/wp\/v2\/types\/page"}],"author":[{"embeddable":true,"href":"https:\/\/service.projektlabor.tu-berlin.de\/wordpress\/absynth\/wp-json\/wp\/v2\/users\/58"}],"replies":[{"embeddable":true,"href":"https:\/\/service.projektlabor.tu-berlin.de\/wordpress\/absynth\/wp-json\/wp\/v2\/comments?post=431"}],"version-history":[{"count":4,"href":"https:\/\/service.projektlabor.tu-berlin.de\/wordpress\/absynth\/wp-json\/wp\/v2\/pages\/431\/revisions"}],"predecessor-version":[{"id":444,"href":"https:\/\/service.projektlabor.tu-berlin.de\/wordpress\/absynth\/wp-json\/wp\/v2\/pages\/431\/revisions\/444"}],"up":[{"embeddable":true,"href":"https:\/\/service.projektlabor.tu-berlin.de\/wordpress\/absynth\/wp-json\/wp\/v2\/pages\/130"}],"wp:attachment":[{"href":"https:\/\/service.projektlabor.tu-berlin.de\/wordpress\/absynth\/wp-json\/wp\/v2\/media?parent=431"}],"curies":[{"name":"wp","href":"https:\/\/api.w.org\/{rel}","templated":true}]}}