{"id":423,"date":"2017-07-17T00:04:54","date_gmt":"2017-07-16T22:04:54","guid":{"rendered":"http:\/\/service.projektlabor.tu-berlin.de\/wordpress\/absynth\/?page_id=423"},"modified":"2017-07-17T00:11:02","modified_gmt":"2017-07-16T22:11:02","slug":"layout","status":"publish","type":"page","link":"https:\/\/service.projektlabor.tu-berlin.de\/wordpress\/absynth\/gruppen\/gruppe-2-interface\/2-3-led-anzeige\/layout\/","title":{"rendered":"Layout"},"content":{"rendered":"<p><a href=\"http:\/\/service.projektlabor.tu-berlin.de\/wordpress\/absynth\/wp-content\/uploads\/sites\/19\/2017\/07\/layout.png\"><img loading=\"lazy\" class=\"size-medium wp-image-427 alignright\" src=\"http:\/\/service.projektlabor.tu-berlin.de\/wordpress\/absynth\/wp-content\/uploads\/sites\/19\/2017\/07\/layout-126x300.png\" alt=\"layout\" width=\"126\" height=\"300\" srcset=\"https:\/\/service.projektlabor.tu-berlin.de\/wordpress\/absynth\/wp-content\/uploads\/sites\/19\/2017\/07\/layout-126x300.png 126w, https:\/\/service.projektlabor.tu-berlin.de\/wordpress\/absynth\/wp-content\/uploads\/sites\/19\/2017\/07\/layout.png 202w\" sizes=\"(max-width: 126px) 100vw, 126px\" \/><\/a>Beim Layouten m\u00fcsste die Abst\u00e4nde zwischen den Anoden beachtet werden, daf\u00fcr<br \/>\nwurde den Rasterma\u00df auf 2,54mm eingestellt.<br \/>\nDa die Platine nicht industriell gefertigt wird, sonder in der Werkstatt an der TU,<br \/>\nm\u00fcssen alle Bauteile an der TOP Seite und die Leiterbahnen auf der R\u00fcckseite<br \/>\nplatziert werden, damit es zu wenigen Durchkontaktierung kommt.<br \/>\nBeim Layouten wurde immer parallel an Board und Schaltplan ge\u00e4ndert. Die<br \/>\nZuweisungen der Pins zu den Anoden erfolgte erst sp\u00e4ter nach der Platzierung der<br \/>\nBauteilen. In dem Schritt wurde \u00fcberlegt, wie die Leiterbahnen vom Mikrocontroller<br \/>\nan den Anoden Bauschnitte mit wenigen Kreuzungen zu kommen, um ein sch\u00f6nes<br \/>\nLayout zu bekommen.<br \/>\nDie Leiterbahnen m\u00fcssen sch\u00f6n parallel aneinander sein und keine rechteckigen<br \/>\nsondern 45\u00b0 Verbiegungen zuweisen.<\/p>\n<p>Um Zeit nicht zu verlieren, wurde immer beim Layouten ein DRC durchgef\u00fchrt.<br \/>\nDas Projekt Labor LOGO , Datei Name und die Namen von den Teilgruppenmit-gliedern wurden auf dem TOP Layer und nicht auf den Namen Layer gelegt, weil<br \/>\ndieses Layer in der Werkstatt nicht ausgedruckt werden kann.<\/p>\n<p><a href=\"http:\/\/service.projektlabor.tu-berlin.de\/wordpress\/absynth\/wp-content\/uploads\/sites\/19\/2017\/07\/layout2.png\"><img loading=\"lazy\" class=\"wp-image-428 alignleft\" src=\"http:\/\/service.projektlabor.tu-berlin.de\/wordpress\/absynth\/wp-content\/uploads\/sites\/19\/2017\/07\/layout2-124x300.png\" alt=\"layout2\" width=\"116\" height=\"281\" srcset=\"https:\/\/service.projektlabor.tu-berlin.de\/wordpress\/absynth\/wp-content\/uploads\/sites\/19\/2017\/07\/layout2-124x300.png 124w, https:\/\/service.projektlabor.tu-berlin.de\/wordpress\/absynth\/wp-content\/uploads\/sites\/19\/2017\/07\/layout2.png 200w\" sizes=\"(max-width: 116px) 100vw, 116px\" \/><\/a><\/p>\n","protected":false},"excerpt":{"rendered":"<p>Beim Layouten m\u00fcsste die Abst\u00e4nde zwischen den Anoden beachtet werden, daf\u00fcr wurde den Rasterma\u00df auf 2,54mm eingestellt. Da die Platine nicht industriell gefertigt wird, sonder in der Werkstatt an der TU, m\u00fcssen alle Bauteile an der TOP Seite und die Leiterbahnen auf der R\u00fcckseite platziert werden, damit es zu wenigen Durchkontaktierung kommt. Beim Layouten wurde [&hellip;]<\/p>\n","protected":false},"author":58,"featured_media":0,"parent":130,"menu_order":0,"comment_status":"closed","ping_status":"closed","template":"","meta":[],"_links":{"self":[{"href":"https:\/\/service.projektlabor.tu-berlin.de\/wordpress\/absynth\/wp-json\/wp\/v2\/pages\/423"}],"collection":[{"href":"https:\/\/service.projektlabor.tu-berlin.de\/wordpress\/absynth\/wp-json\/wp\/v2\/pages"}],"about":[{"href":"https:\/\/service.projektlabor.tu-berlin.de\/wordpress\/absynth\/wp-json\/wp\/v2\/types\/page"}],"author":[{"embeddable":true,"href":"https:\/\/service.projektlabor.tu-berlin.de\/wordpress\/absynth\/wp-json\/wp\/v2\/users\/58"}],"replies":[{"embeddable":true,"href":"https:\/\/service.projektlabor.tu-berlin.de\/wordpress\/absynth\/wp-json\/wp\/v2\/comments?post=423"}],"version-history":[{"count":3,"href":"https:\/\/service.projektlabor.tu-berlin.de\/wordpress\/absynth\/wp-json\/wp\/v2\/pages\/423\/revisions"}],"predecessor-version":[{"id":430,"href":"https:\/\/service.projektlabor.tu-berlin.de\/wordpress\/absynth\/wp-json\/wp\/v2\/pages\/423\/revisions\/430"}],"up":[{"embeddable":true,"href":"https:\/\/service.projektlabor.tu-berlin.de\/wordpress\/absynth\/wp-json\/wp\/v2\/pages\/130"}],"wp:attachment":[{"href":"https:\/\/service.projektlabor.tu-berlin.de\/wordpress\/absynth\/wp-json\/wp\/v2\/media?parent=423"}],"curies":[{"name":"wp","href":"https:\/\/api.w.org\/{rel}","templated":true}]}}