{"id":37,"date":"2017-05-28T13:20:54","date_gmt":"2017-05-28T11:20:54","guid":{"rendered":"http:\/\/service.projektlabor.tu-berlin.de\/wordpress\/absynth\/?page_id=37"},"modified":"2017-07-12T16:43:09","modified_gmt":"2017-07-12T14:43:09","slug":"downloads","status":"publish","type":"page","link":"https:\/\/service.projektlabor.tu-berlin.de\/wordpress\/absynth\/downloads\/","title":{"rendered":"Downloads"},"content":{"rendered":"<p>HINWEIS: Es kann sein, dass sich Fehler, in den hier zum Download freigegebenen Dateien befinden.<\/p>\n<p>Vortr\u00e4ge:<\/p>\n<ul>\n<li><a href=\"http:\/\/service.projektlabor.tu-berlin.de\/wordpress\/absynth\/wp-content\/uploads\/sites\/19\/2017\/07\/Operationsverst\u00e4rker.zip\">Operationsverst\u00e4rker<\/a><\/li>\n<li><a href=\"http:\/\/service.projektlabor.tu-berlin.de\/wordpress\/absynth\/wp-content\/uploads\/sites\/19\/2017\/07\/Oszilloskop.zip\">Oszilloskop<\/a><\/li>\n<li><a href=\"http:\/\/service.projektlabor.tu-berlin.de\/wordpress\/absynth\/wp-content\/uploads\/sites\/19\/2017\/07\/Exponenzierer.zip\">Exponenzierer<\/a><\/li>\n<li><a href=\"http:\/\/service.projektlabor.tu-berlin.de\/wordpress\/absynth\/wp-content\/uploads\/sites\/19\/2017\/07\/Sinusnetzwerke.zip\">Sinusnetzwerke<\/a><\/li>\n<li><a href=\"http:\/\/service.projektlabor.tu-berlin.de\/wordpress\/absynth\/wp-content\/uploads\/sites\/19\/2017\/07\/systematische-Fehlersuche.zip\">systematische Fehlersuche<\/a><\/li>\n<li><a href=\"http:\/\/service.projektlabor.tu-berlin.de\/wordpress\/absynth\/wp-content\/uploads\/sites\/19\/2017\/07\/PCB-Herstellung.zip\">PCB-Herstellung<\/a><\/li>\n<li><a href=\"http:\/\/service.projektlabor.tu-berlin.de\/wordpress\/absynth\/wp-content\/uploads\/sites\/19\/2017\/07\/Phasenregelschleife.zip\">Phasenregelschleife<\/a><\/li>\n<\/ul>\n<p>\u00c4tzvorlagen:<\/p>\n<ul>\n<li><a href=\"http:\/\/service.projektlabor.tu-berlin.de\/wordpress\/absynth\/wp-content\/uploads\/sites\/19\/2017\/05\/WS_aetz_top.pdf\">WS_aetz_top<\/a><\/li>\n<li><a href=\"http:\/\/service.projektlabor.tu-berlin.de\/wordpress\/absynth\/wp-content\/uploads\/sites\/19\/2017\/05\/WS_aetz_bottom.pdf\">WS_aetz_bottom<\/a><\/li>\n<li><a href=\"http:\/\/service.projektlabor.tu-berlin.de\/wordpress\/absynth\/wp-content\/uploads\/sites\/19\/2017\/05\/VCO_aetz_top.pdf\">VCO_aetz_top<\/a><\/li>\n<li><a href=\"http:\/\/service.projektlabor.tu-berlin.de\/wordpress\/absynth\/wp-content\/uploads\/sites\/19\/2017\/05\/VCO_aetz_bottom.pdf\">VCO_aetz_bottom<\/a><\/li>\n<li><a href=\"http:\/\/service.projektlabor.tu-berlin.de\/wordpress\/absynth\/wp-content\/uploads\/sites\/19\/2017\/05\/LFO_aetz_top.pdf\">LFO_aetz_top<\/a><\/li>\n<li><a href=\"http:\/\/service.projektlabor.tu-berlin.de\/wordpress\/absynth\/wp-content\/uploads\/sites\/19\/2017\/05\/LFO_aetz_bot.pdf\">LFO_aetz_bot<\/a><\/li>\n<\/ul>\n<p>&nbsp;<\/p>\n","protected":false},"excerpt":{"rendered":"<p>HINWEIS: Es kann sein, dass sich Fehler, in den hier zum Download freigegebenen Dateien befinden. Vortr\u00e4ge: Operationsverst\u00e4rker Oszilloskop Exponenzierer Sinusnetzwerke systematische Fehlersuche PCB-Herstellung Phasenregelschleife \u00c4tzvorlagen: WS_aetz_top WS_aetz_bottom VCO_aetz_top VCO_aetz_bottom LFO_aetz_top LFO_aetz_bot &nbsp;<\/p>\n","protected":false},"author":55,"featured_media":0,"parent":0,"menu_order":2,"comment_status":"closed","ping_status":"closed","template":"","meta":[],"_links":{"self":[{"href":"https:\/\/service.projektlabor.tu-berlin.de\/wordpress\/absynth\/wp-json\/wp\/v2\/pages\/37"}],"collection":[{"href":"https:\/\/service.projektlabor.tu-berlin.de\/wordpress\/absynth\/wp-json\/wp\/v2\/pages"}],"about":[{"href":"https:\/\/service.projektlabor.tu-berlin.de\/wordpress\/absynth\/wp-json\/wp\/v2\/types\/page"}],"author":[{"embeddable":true,"href":"https:\/\/service.projektlabor.tu-berlin.de\/wordpress\/absynth\/wp-json\/wp\/v2\/users\/55"}],"replies":[{"embeddable":true,"href":"https:\/\/service.projektlabor.tu-berlin.de\/wordpress\/absynth\/wp-json\/wp\/v2\/comments?post=37"}],"version-history":[{"count":4,"href":"https:\/\/service.projektlabor.tu-berlin.de\/wordpress\/absynth\/wp-json\/wp\/v2\/pages\/37\/revisions"}],"predecessor-version":[{"id":391,"href":"https:\/\/service.projektlabor.tu-berlin.de\/wordpress\/absynth\/wp-json\/wp\/v2\/pages\/37\/revisions\/391"}],"wp:attachment":[{"href":"https:\/\/service.projektlabor.tu-berlin.de\/wordpress\/absynth\/wp-json\/wp\/v2\/media?parent=37"}],"curies":[{"name":"wp","href":"https:\/\/api.w.org\/{rel}","templated":true}]}}