{"id":339,"date":"2017-07-11T15:08:54","date_gmt":"2017-07-11T13:08:54","guid":{"rendered":"http:\/\/service.projektlabor.tu-berlin.de\/wordpress\/absynth\/?page_id=339"},"modified":"2017-07-16T22:41:22","modified_gmt":"2017-07-16T20:41:22","slug":"multiplexer","status":"publish","type":"page","link":"https:\/\/service.projektlabor.tu-berlin.de\/wordpress\/absynth\/gruppen\/gruppe-2-interface\/2-2-step-sequencer\/beschreibung-von-schaltungskonzepten\/multiplexer\/","title":{"rendered":"Multiplexer"},"content":{"rendered":"<p>Als Eingang hat der Multiplexer alle acht Ausg\u00e4nge der IC 4017. Der angeschlossene<br \/>\nSchalter bietet die M\u00f6glichkeit bei einem bestimmten Schritt die Sequenz wieder<br \/>\nvon vorne anzufangen. Z.B wenn der Schalter die Stellung A=1, B=0, C=0 h\u00e4tte,w\u00fcrde der Sequenzer beim f\u00fcnften Schritt zur\u00fcckspringen, bei A=1, B=1, C=1<br \/>\nbeim achten (da 0, 0, 0 = 1). Es ist also ein bin\u00e4rer Schalter.<\/p>\n","protected":false},"excerpt":{"rendered":"<p>Als Eingang hat der Multiplexer alle acht Ausg\u00e4nge der IC 4017. Der angeschlossene Schalter bietet die M\u00f6glichkeit bei einem bestimmten Schritt die Sequenz wieder von vorne anzufangen. Z.B wenn der Schalter die Stellung A=1, B=0, C=0 h\u00e4tte,w\u00fcrde der Sequenzer beim f\u00fcnften Schritt zur\u00fcckspringen, bei A=1, B=1, C=1 beim achten (da 0, 0, 0 = 1). [&hellip;]<\/p>\n","protected":false},"author":58,"featured_media":0,"parent":406,"menu_order":0,"comment_status":"closed","ping_status":"closed","template":"","meta":[],"_links":{"self":[{"href":"https:\/\/service.projektlabor.tu-berlin.de\/wordpress\/absynth\/wp-json\/wp\/v2\/pages\/339"}],"collection":[{"href":"https:\/\/service.projektlabor.tu-berlin.de\/wordpress\/absynth\/wp-json\/wp\/v2\/pages"}],"about":[{"href":"https:\/\/service.projektlabor.tu-berlin.de\/wordpress\/absynth\/wp-json\/wp\/v2\/types\/page"}],"author":[{"embeddable":true,"href":"https:\/\/service.projektlabor.tu-berlin.de\/wordpress\/absynth\/wp-json\/wp\/v2\/users\/58"}],"replies":[{"embeddable":true,"href":"https:\/\/service.projektlabor.tu-berlin.de\/wordpress\/absynth\/wp-json\/wp\/v2\/comments?post=339"}],"version-history":[{"count":2,"href":"https:\/\/service.projektlabor.tu-berlin.de\/wordpress\/absynth\/wp-json\/wp\/v2\/pages\/339\/revisions"}],"predecessor-version":[{"id":346,"href":"https:\/\/service.projektlabor.tu-berlin.de\/wordpress\/absynth\/wp-json\/wp\/v2\/pages\/339\/revisions\/346"}],"up":[{"embeddable":true,"href":"https:\/\/service.projektlabor.tu-berlin.de\/wordpress\/absynth\/wp-json\/wp\/v2\/pages\/406"}],"wp:attachment":[{"href":"https:\/\/service.projektlabor.tu-berlin.de\/wordpress\/absynth\/wp-json\/wp\/v2\/media?parent=339"}],"curies":[{"name":"wp","href":"https:\/\/api.w.org\/{rel}","templated":true}]}}