{"id":335,"date":"2017-07-11T15:08:20","date_gmt":"2017-07-11T13:08:20","guid":{"rendered":"http:\/\/service.projektlabor.tu-berlin.de\/wordpress\/absynth\/?page_id=335"},"modified":"2017-07-16T22:40:44","modified_gmt":"2017-07-16T20:40:44","slug":"cv-spannung","status":"publish","type":"page","link":"https:\/\/service.projektlabor.tu-berlin.de\/wordpress\/absynth\/gruppen\/gruppe-2-interface\/2-2-step-sequencer\/beschreibung-von-schaltungskonzepten\/cv-spannung\/","title":{"rendered":"CV-Spannung"},"content":{"rendered":"<p>Der Timer NE555 generiert einen Clock-Input f\u00fcr das IC 4017 an einer bestimmten<br \/>\nFrequenz. Diese Frequenz wurde durch Dimensionierung der Widerst\u00e4nde und<br \/>\nKapazit\u00e4ten in der astabilen Schaltung festgelegt. Diese bestimmt wie schnell der<br \/>\nZ\u00e4hler inkrementiert und dadurch wie schnell die einzelnen Ausg\u00e4nge des ICs<br \/>\naktiviert werden und folglich die Schnelligkeit der Tonfolge die am Ende generiert<br \/>\nwird. Der Timer hat eine untere Frequenz von 0,5 Hz und eine obere Frequenz von<br \/>\n12 Hz.<br \/>\nFormel zur Berechnung der Frequenz: f = 1\/T = 1, 44\/(R1 + 2R2) \u00b7 C1<\/p>\n","protected":false},"excerpt":{"rendered":"<p>Der Timer NE555 generiert einen Clock-Input f\u00fcr das IC 4017 an einer bestimmten Frequenz. Diese Frequenz wurde durch Dimensionierung der Widerst\u00e4nde und Kapazit\u00e4ten in der astabilen Schaltung festgelegt. Diese bestimmt wie schnell der Z\u00e4hler inkrementiert und dadurch wie schnell die einzelnen Ausg\u00e4nge des ICs aktiviert werden und folglich die Schnelligkeit der Tonfolge die am Ende [&hellip;]<\/p>\n","protected":false},"author":58,"featured_media":0,"parent":406,"menu_order":0,"comment_status":"closed","ping_status":"closed","template":"","meta":[],"_links":{"self":[{"href":"https:\/\/service.projektlabor.tu-berlin.de\/wordpress\/absynth\/wp-json\/wp\/v2\/pages\/335"}],"collection":[{"href":"https:\/\/service.projektlabor.tu-berlin.de\/wordpress\/absynth\/wp-json\/wp\/v2\/pages"}],"about":[{"href":"https:\/\/service.projektlabor.tu-berlin.de\/wordpress\/absynth\/wp-json\/wp\/v2\/types\/page"}],"author":[{"embeddable":true,"href":"https:\/\/service.projektlabor.tu-berlin.de\/wordpress\/absynth\/wp-json\/wp\/v2\/users\/58"}],"replies":[{"embeddable":true,"href":"https:\/\/service.projektlabor.tu-berlin.de\/wordpress\/absynth\/wp-json\/wp\/v2\/comments?post=335"}],"version-history":[{"count":2,"href":"https:\/\/service.projektlabor.tu-berlin.de\/wordpress\/absynth\/wp-json\/wp\/v2\/pages\/335\/revisions"}],"predecessor-version":[{"id":344,"href":"https:\/\/service.projektlabor.tu-berlin.de\/wordpress\/absynth\/wp-json\/wp\/v2\/pages\/335\/revisions\/344"}],"up":[{"embeddable":true,"href":"https:\/\/service.projektlabor.tu-berlin.de\/wordpress\/absynth\/wp-json\/wp\/v2\/pages\/406"}],"wp:attachment":[{"href":"https:\/\/service.projektlabor.tu-berlin.de\/wordpress\/absynth\/wp-json\/wp\/v2\/media?parent=335"}],"curies":[{"name":"wp","href":"https:\/\/api.w.org\/{rel}","templated":true}]}}