{"id":333,"date":"2017-07-11T15:07:55","date_gmt":"2017-07-11T13:07:55","guid":{"rendered":"http:\/\/service.projektlabor.tu-berlin.de\/wordpress\/absynth\/?page_id=333"},"modified":"2017-07-16T22:42:47","modified_gmt":"2017-07-16T20:42:47","slug":"zaehler","status":"publish","type":"page","link":"https:\/\/service.projektlabor.tu-berlin.de\/wordpress\/absynth\/gruppen\/gruppe-2-interface\/2-2-step-sequencer\/beschreibung-von-schaltungskonzepten\/zaehler\/","title":{"rendered":"Z\u00e4hler"},"content":{"rendered":"<p>Ein Signal am Eingang des IC 4017 inkrementiert den Ausgang um eins. Ist der<br \/>\nZ\u00e4hler bei 8 angekommen springt er beim darauffolgenden Signal wieder zum ersten<br \/>\nAusgang zur\u00fcck. Die acht Ausg\u00e4nge des ICs werden auch \u00fcber einen Multiplexer<br \/>\ngeleitet der ausw\u00e4hlen kann, welcher Ausgang resettet wird. Dies erm\u00f6glicht eine<br \/>\nAusgabe von T\u00f6nen in 8-ter Schritten bzw. in einer beliebigen Anzahl von Schritten.<br \/>\nDie Spannungen am Ausgang des ICs k\u00f6nnen anhand von 100k Potentiometern<br \/>\ngeregelt werden damit jeder Schritt eine unterschiedliche Frequenz erzeugt. Die<br \/>\nAusgangssignale flie\u00dfen auch durch LEDs damit man sehen kann in welchem Schritt<br \/>\nsich die Schaltung gerade befindet.<\/p>\n","protected":false},"excerpt":{"rendered":"<p>Ein Signal am Eingang des IC 4017 inkrementiert den Ausgang um eins. Ist der Z\u00e4hler bei 8 angekommen springt er beim darauffolgenden Signal wieder zum ersten Ausgang zur\u00fcck. Die acht Ausg\u00e4nge des ICs werden auch \u00fcber einen Multiplexer geleitet der ausw\u00e4hlen kann, welcher Ausgang resettet wird. Dies erm\u00f6glicht eine Ausgabe von T\u00f6nen in 8-ter Schritten [&hellip;]<\/p>\n","protected":false},"author":58,"featured_media":0,"parent":406,"menu_order":0,"comment_status":"closed","ping_status":"closed","template":"","meta":[],"_links":{"self":[{"href":"https:\/\/service.projektlabor.tu-berlin.de\/wordpress\/absynth\/wp-json\/wp\/v2\/pages\/333"}],"collection":[{"href":"https:\/\/service.projektlabor.tu-berlin.de\/wordpress\/absynth\/wp-json\/wp\/v2\/pages"}],"about":[{"href":"https:\/\/service.projektlabor.tu-berlin.de\/wordpress\/absynth\/wp-json\/wp\/v2\/types\/page"}],"author":[{"embeddable":true,"href":"https:\/\/service.projektlabor.tu-berlin.de\/wordpress\/absynth\/wp-json\/wp\/v2\/users\/58"}],"replies":[{"embeddable":true,"href":"https:\/\/service.projektlabor.tu-berlin.de\/wordpress\/absynth\/wp-json\/wp\/v2\/comments?post=333"}],"version-history":[{"count":2,"href":"https:\/\/service.projektlabor.tu-berlin.de\/wordpress\/absynth\/wp-json\/wp\/v2\/pages\/333\/revisions"}],"predecessor-version":[{"id":343,"href":"https:\/\/service.projektlabor.tu-berlin.de\/wordpress\/absynth\/wp-json\/wp\/v2\/pages\/333\/revisions\/343"}],"up":[{"embeddable":true,"href":"https:\/\/service.projektlabor.tu-berlin.de\/wordpress\/absynth\/wp-json\/wp\/v2\/pages\/406"}],"wp:attachment":[{"href":"https:\/\/service.projektlabor.tu-berlin.de\/wordpress\/absynth\/wp-json\/wp\/v2\/media?parent=333"}],"curies":[{"name":"wp","href":"https:\/\/api.w.org\/{rel}","templated":true}]}}