{"id":268,"date":"2017-07-11T01:03:26","date_gmt":"2017-07-10T23:03:26","guid":{"rendered":"http:\/\/service.projektlabor.tu-berlin.de\/wordpress\/absynth\/?page_id=268"},"modified":"2017-07-11T01:38:46","modified_gmt":"2017-07-10T23:38:46","slug":"stufe-2","status":"publish","type":"page","link":"https:\/\/service.projektlabor.tu-berlin.de\/wordpress\/absynth\/gruppen\/gruppe-2-interface\/_-_-2-1-midi-cv\/stufe-2\/","title":{"rendered":"Stufe 2"},"content":{"rendered":"<p>Zun\u00e4chst m\u00fcssen die Data bei dem Mikrocontroller gelessen werden, daf\u00fcr wird die UART von dem Mikrocontroller genutzt, indem der Ausgang der MIDI-IN Schaltung an dem RX Pin verschaltet. UART ist eine elektronische Schaltung, die zum Senden und Empfangen von Daten \u00fcber eine Datenleitung dient, und bildet den Standard der seriellen Schnittstellen an PCs und Mikrocontrollern.<\/p>\n<p>Als n\u00e4chstes wird der Mikrocontroller so programmiert, damit aus den Midi-signale Steuersignale und Gate wird. Das Programm soll nach dem Motto 1V\/Octave funktionieren. Netzteil-Gruppe leitet zu Midi 12 V f\u00fcr den Operationsverst\u00e4rker (als Impedanzwandler) sowie 5 V Versorgungspannung und Masse f\u00fcr die gesamte Schaltung, d.h das Programm kann nur 5 Octaven bearbeiten. Eine Octave ist 12 Noten, daraus folgt dass das Programm 60 verschiedene Noten erzeugen kann. Mit 12 Bit DAU ist die Auf\u00f6sung von 4096 verschiedene M\u00f6glichkeiten, d.h jede Stufe betr\u00e4gt 1,22mv und f\u00fcr jede Ton wird 68 aufl\u00f6sung ben\u00f6tigt, darau\u00df kann man schlie\u00dfen,dass die erste Ton wird im Bereich von 0V bis 83mV erzeugt, und die n\u00e4chste Ton wird von Bereich 83mV bis 1,66mV und weiter bis letzter Ton. Die Steuersignale aus dem Mikrocontroller sind digital, aber um Musick zu machen, kommt nur analoge signale in frage, und aus diesem Grund ist der n\u00e4chste Aufgabe in Stufe 3 die Steuersignale in analoge Signale umzuwandeln.<a href=\"http:\/\/service.projektlabor.tu-berlin.de\/wordpress\/absynth\/wp-content\/uploads\/sites\/19\/2017\/07\/Mikrocontroller.png\"><img loading=\"lazy\" class=\" wp-image-269 alignright\" src=\"http:\/\/service.projektlabor.tu-berlin.de\/wordpress\/absynth\/wp-content\/uploads\/sites\/19\/2017\/07\/Mikrocontroller-300x224.png\" alt=\"Mikrocontroller\" width=\"401\" height=\"300\" srcset=\"https:\/\/service.projektlabor.tu-berlin.de\/wordpress\/absynth\/wp-content\/uploads\/sites\/19\/2017\/07\/Mikrocontroller-300x224.png 300w, https:\/\/service.projektlabor.tu-berlin.de\/wordpress\/absynth\/wp-content\/uploads\/sites\/19\/2017\/07\/Mikrocontroller.png 537w\" sizes=\"(max-width: 401px) 100vw, 401px\" \/><\/a><\/p>\n","protected":false},"excerpt":{"rendered":"<p>Zun\u00e4chst m\u00fcssen die Data bei dem Mikrocontroller gelessen werden, daf\u00fcr wird die UART von dem Mikrocontroller genutzt, indem der Ausgang der MIDI-IN Schaltung an dem RX Pin verschaltet. UART ist eine elektronische Schaltung, die zum Senden und Empfangen von Daten \u00fcber eine Datenleitung dient, und bildet den Standard der seriellen Schnittstellen an PCs und Mikrocontrollern. [&hellip;]<\/p>\n","protected":false},"author":58,"featured_media":0,"parent":121,"menu_order":0,"comment_status":"closed","ping_status":"closed","template":"","meta":[],"_links":{"self":[{"href":"https:\/\/service.projektlabor.tu-berlin.de\/wordpress\/absynth\/wp-json\/wp\/v2\/pages\/268"}],"collection":[{"href":"https:\/\/service.projektlabor.tu-berlin.de\/wordpress\/absynth\/wp-json\/wp\/v2\/pages"}],"about":[{"href":"https:\/\/service.projektlabor.tu-berlin.de\/wordpress\/absynth\/wp-json\/wp\/v2\/types\/page"}],"author":[{"embeddable":true,"href":"https:\/\/service.projektlabor.tu-berlin.de\/wordpress\/absynth\/wp-json\/wp\/v2\/users\/58"}],"replies":[{"embeddable":true,"href":"https:\/\/service.projektlabor.tu-berlin.de\/wordpress\/absynth\/wp-json\/wp\/v2\/comments?post=268"}],"version-history":[{"count":1,"href":"https:\/\/service.projektlabor.tu-berlin.de\/wordpress\/absynth\/wp-json\/wp\/v2\/pages\/268\/revisions"}],"predecessor-version":[{"id":270,"href":"https:\/\/service.projektlabor.tu-berlin.de\/wordpress\/absynth\/wp-json\/wp\/v2\/pages\/268\/revisions\/270"}],"up":[{"embeddable":true,"href":"https:\/\/service.projektlabor.tu-berlin.de\/wordpress\/absynth\/wp-json\/wp\/v2\/pages\/121"}],"wp:attachment":[{"href":"https:\/\/service.projektlabor.tu-berlin.de\/wordpress\/absynth\/wp-json\/wp\/v2\/media?parent=268"}],"curies":[{"name":"wp","href":"https:\/\/api.w.org\/{rel}","templated":true}]}}