{"id":265,"date":"2017-07-11T00:38:51","date_gmt":"2017-07-10T22:38:51","guid":{"rendered":"http:\/\/service.projektlabor.tu-berlin.de\/wordpress\/absynth\/?page_id=265"},"modified":"2017-07-11T01:38:19","modified_gmt":"2017-07-10T23:38:19","slug":"stufe-1","status":"publish","type":"page","link":"https:\/\/service.projektlabor.tu-berlin.de\/wordpress\/absynth\/gruppen\/gruppe-2-interface\/_-_-2-1-midi-cv\/stufe-1\/","title":{"rendered":"Stufe 1"},"content":{"rendered":"<p><a href=\"http:\/\/service.projektlabor.tu-berlin.de\/wordpress\/absynth\/wp-content\/uploads\/sites\/19\/2017\/07\/MIDIIN.png\"><img loading=\"lazy\" class=\"alignright size-medium wp-image-271\" src=\"http:\/\/service.projektlabor.tu-berlin.de\/wordpress\/absynth\/wp-content\/uploads\/sites\/19\/2017\/07\/MIDIIN-300x141.png\" alt=\"MIDIIN\" width=\"300\" height=\"141\" srcset=\"https:\/\/service.projektlabor.tu-berlin.de\/wordpress\/absynth\/wp-content\/uploads\/sites\/19\/2017\/07\/MIDIIN-300x141.png 300w, https:\/\/service.projektlabor.tu-berlin.de\/wordpress\/absynth\/wp-content\/uploads\/sites\/19\/2017\/07\/MIDIIN-624x293.png 624w, https:\/\/service.projektlabor.tu-berlin.de\/wordpress\/absynth\/wp-content\/uploads\/sites\/19\/2017\/07\/MIDIIN.png 641w\" sizes=\"(max-width: 300px) 100vw, 300px\" \/><\/a>Die MIDI-IN Schaltung wird gebraucht, f\u00fcr das Lesen der Signale von dem Midi Ger\u00e4t. Der haupt Bauteil dieser Schaltung ist der Optokoppler. Ein Optokoppler ist ein Bauelement der Optoelektronik und, dient zur \u00dcbertragung eines Signals zwischen zwei galvanisch getrennten Stromkreisen. Er besteht \u00fcblicherweise aus einer Leuchtdiode (LED) als optischem Sender und einer Photodiode als optischem Empf\u00e4nger. Das Sendeund das Empf\u00e4ngerbauelement sind untereinander optisch gekoppelt in einem von au\u00dfen lichtundurchl\u00e4ssigen Geh\u00e4use untergebracht. Aus dem Optokoppler werden die gelesene Signale dann an dem Mikrocontroller weitergeleitet.<\/p>\n","protected":false},"excerpt":{"rendered":"<p>Die MIDI-IN Schaltung wird gebraucht, f\u00fcr das Lesen der Signale von dem Midi Ger\u00e4t. Der haupt Bauteil dieser Schaltung ist der Optokoppler. Ein Optokoppler ist ein Bauelement der Optoelektronik und, dient zur \u00dcbertragung eines Signals zwischen zwei galvanisch getrennten Stromkreisen. Er besteht \u00fcblicherweise aus einer Leuchtdiode (LED) als optischem Sender und einer Photodiode als optischem [&hellip;]<\/p>\n","protected":false},"author":58,"featured_media":0,"parent":121,"menu_order":0,"comment_status":"closed","ping_status":"closed","template":"","meta":[],"_links":{"self":[{"href":"https:\/\/service.projektlabor.tu-berlin.de\/wordpress\/absynth\/wp-json\/wp\/v2\/pages\/265"}],"collection":[{"href":"https:\/\/service.projektlabor.tu-berlin.de\/wordpress\/absynth\/wp-json\/wp\/v2\/pages"}],"about":[{"href":"https:\/\/service.projektlabor.tu-berlin.de\/wordpress\/absynth\/wp-json\/wp\/v2\/types\/page"}],"author":[{"embeddable":true,"href":"https:\/\/service.projektlabor.tu-berlin.de\/wordpress\/absynth\/wp-json\/wp\/v2\/users\/58"}],"replies":[{"embeddable":true,"href":"https:\/\/service.projektlabor.tu-berlin.de\/wordpress\/absynth\/wp-json\/wp\/v2\/comments?post=265"}],"version-history":[{"count":2,"href":"https:\/\/service.projektlabor.tu-berlin.de\/wordpress\/absynth\/wp-json\/wp\/v2\/pages\/265\/revisions"}],"predecessor-version":[{"id":272,"href":"https:\/\/service.projektlabor.tu-berlin.de\/wordpress\/absynth\/wp-json\/wp\/v2\/pages\/265\/revisions\/272"}],"up":[{"embeddable":true,"href":"https:\/\/service.projektlabor.tu-berlin.de\/wordpress\/absynth\/wp-json\/wp\/v2\/pages\/121"}],"wp:attachment":[{"href":"https:\/\/service.projektlabor.tu-berlin.de\/wordpress\/absynth\/wp-json\/wp\/v2\/media?parent=265"}],"curies":[{"name":"wp","href":"https:\/\/api.w.org\/{rel}","templated":true}]}}