{"id":19,"date":"2017-05-23T18:21:30","date_gmt":"2017-05-23T16:21:30","guid":{"rendered":"http:\/\/service.projektlabor.tu-berlin.de\/wordpress\/absynth\/?page_id=19"},"modified":"2017-06-19T18:56:28","modified_gmt":"2017-06-19T16:56:28","slug":"gruppe-3-lfovco","status":"publish","type":"page","link":"https:\/\/service.projektlabor.tu-berlin.de\/wordpress\/absynth\/gruppen\/gruppe-3-lfovco\/","title":{"rendered":"3: LFO &amp; VCO"},"content":{"rendered":"<p><a href=\"http:\/\/service.projektlabor.tu-berlin.de\/wordpress\/absynth\/wp-content\/uploads\/sites\/19\/2017\/05\/DSC00708.jpg\"><img loading=\"lazy\" class=\"alignnone size-medium wp-image-140 aligncenter\" src=\"http:\/\/service.projektlabor.tu-berlin.de\/wordpress\/absynth\/wp-content\/uploads\/sites\/19\/2017\/05\/DSC00708-300x225.jpg\" alt=\"DSC00708\" width=\"300\" height=\"225\" srcset=\"https:\/\/service.projektlabor.tu-berlin.de\/wordpress\/absynth\/wp-content\/uploads\/sites\/19\/2017\/05\/DSC00708-300x225.jpg 300w, https:\/\/service.projektlabor.tu-berlin.de\/wordpress\/absynth\/wp-content\/uploads\/sites\/19\/2017\/05\/DSC00708-1024x768.jpg 1024w, https:\/\/service.projektlabor.tu-berlin.de\/wordpress\/absynth\/wp-content\/uploads\/sites\/19\/2017\/05\/DSC00708-624x468.jpg 624w, https:\/\/service.projektlabor.tu-berlin.de\/wordpress\/absynth\/wp-content\/uploads\/sites\/19\/2017\/05\/DSC00708.jpg 1600w\" sizes=\"(max-width: 300px) 100vw, 300px\" \/><\/a><\/p>\n<p>Hallo!<\/p>\n<p>Wir sind Gruppe drei und besch\u00e4ftigen uns mit dem Herz des Synthesizers, der Tonerzeugung. Wir haben uns in drei Teilgruppen aufgeteilt, die sich mit unterschiedlichen Modulen besch\u00e4ftigen, um sp\u00e4ter eine gro\u00dfe Vielfalt von T\u00f6nen erzeugen zu k\u00f6nnen.<\/p>\n<p>Einen kleinen \u00dcberblick liefert das Blockschaltbild.<\/p>\n<p><a href=\"http:\/\/service.projektlabor.tu-berlin.de\/wordpress\/absynth\/wp-content\/uploads\/sites\/19\/2017\/05\/BSB_Gruppe3_VCO_LFO_v2.jpg\"><img loading=\"lazy\" class=\"size-medium wp-image-183 aligncenter\" src=\"http:\/\/service.projektlabor.tu-berlin.de\/wordpress\/absynth\/wp-content\/uploads\/sites\/19\/2017\/05\/BSB_Gruppe3_VCO_LFO_v2-300x130.jpg\" alt=\"BSB_Gruppe3_VCO_LFO_v2\" width=\"300\" height=\"130\" srcset=\"https:\/\/service.projektlabor.tu-berlin.de\/wordpress\/absynth\/wp-content\/uploads\/sites\/19\/2017\/05\/BSB_Gruppe3_VCO_LFO_v2-300x130.jpg 300w, https:\/\/service.projektlabor.tu-berlin.de\/wordpress\/absynth\/wp-content\/uploads\/sites\/19\/2017\/05\/BSB_Gruppe3_VCO_LFO_v2-1024x445.jpg 1024w, https:\/\/service.projektlabor.tu-berlin.de\/wordpress\/absynth\/wp-content\/uploads\/sites\/19\/2017\/05\/BSB_Gruppe3_VCO_LFO_v2-624x271.jpg 624w, https:\/\/service.projektlabor.tu-berlin.de\/wordpress\/absynth\/wp-content\/uploads\/sites\/19\/2017\/05\/BSB_Gruppe3_VCO_LFO_v2.jpg 1600w\" sizes=\"(max-width: 300px) 100vw, 300px\" \/><\/a><\/p>\n<p style=\"text-align: center\">Blockschaltbild der Gruppe 3<\/p>\n<p>Weitere Informationen zu den drei Teilgruppen sind im Untermen\u00fc zu finden.<\/p>\n","protected":false},"excerpt":{"rendered":"<p>Hallo! Wir sind Gruppe drei und besch\u00e4ftigen uns mit dem Herz des Synthesizers, der Tonerzeugung. Wir haben uns in drei Teilgruppen aufgeteilt, die sich mit unterschiedlichen Modulen besch\u00e4ftigen, um sp\u00e4ter eine gro\u00dfe Vielfalt von T\u00f6nen erzeugen zu k\u00f6nnen. Einen kleinen \u00dcberblick liefert das Blockschaltbild. Blockschaltbild der Gruppe 3 Weitere Informationen zu den drei Teilgruppen sind [&hellip;]<\/p>\n","protected":false},"author":56,"featured_media":0,"parent":35,"menu_order":0,"comment_status":"closed","ping_status":"closed","template":"","meta":[],"_links":{"self":[{"href":"https:\/\/service.projektlabor.tu-berlin.de\/wordpress\/absynth\/wp-json\/wp\/v2\/pages\/19"}],"collection":[{"href":"https:\/\/service.projektlabor.tu-berlin.de\/wordpress\/absynth\/wp-json\/wp\/v2\/pages"}],"about":[{"href":"https:\/\/service.projektlabor.tu-berlin.de\/wordpress\/absynth\/wp-json\/wp\/v2\/types\/page"}],"author":[{"embeddable":true,"href":"https:\/\/service.projektlabor.tu-berlin.de\/wordpress\/absynth\/wp-json\/wp\/v2\/users\/56"}],"replies":[{"embeddable":true,"href":"https:\/\/service.projektlabor.tu-berlin.de\/wordpress\/absynth\/wp-json\/wp\/v2\/comments?post=19"}],"version-history":[{"count":10,"href":"https:\/\/service.projektlabor.tu-berlin.de\/wordpress\/absynth\/wp-json\/wp\/v2\/pages\/19\/revisions"}],"predecessor-version":[{"id":184,"href":"https:\/\/service.projektlabor.tu-berlin.de\/wordpress\/absynth\/wp-json\/wp\/v2\/pages\/19\/revisions\/184"}],"up":[{"embeddable":true,"href":"https:\/\/service.projektlabor.tu-berlin.de\/wordpress\/absynth\/wp-json\/wp\/v2\/pages\/35"}],"wp:attachment":[{"href":"https:\/\/service.projektlabor.tu-berlin.de\/wordpress\/absynth\/wp-json\/wp\/v2\/media?parent=19"}],"curies":[{"name":"wp","href":"https:\/\/api.w.org\/{rel}","templated":true}]}}