{"id":130,"date":"2017-06-06T14:22:02","date_gmt":"2017-06-06T12:22:02","guid":{"rendered":"http:\/\/service.projektlabor.tu-berlin.de\/wordpress\/absynth\/?page_id=130"},"modified":"2017-07-16T23:56:07","modified_gmt":"2017-07-16T21:56:07","slug":"2-3-led-anzeige","status":"publish","type":"page","link":"https:\/\/service.projektlabor.tu-berlin.de\/wordpress\/absynth\/gruppen\/gruppe-2-interface\/2-3-led-anzeige\/","title":{"rendered":"2.3: LED Anzeige"},"content":{"rendered":"<ul>\n<li>\n<h4>Einleitung:<\/h4>\n<p>Das Teilprojekt besteht darin eine drei dimensionale LED Anzeige zu bauen und<br \/>\nprogrammieren. Die LED Anzeige ist in Form eines Quaders, von dem die S\u00e4ulen<br \/>\nund die Ebenen mit dem Mikrokontroller verbunden und gesteuert werden .<br \/>\nF\u00fcr den Quader werden verschiedene Anzeigemodi gedacht. Das wechseln zwischen<br \/>\nden Modi erfolgt \u00fcber einen Knopf. Die Anzeige gibt die Lautst\u00e4rke bzw. die H\u00f6he<br \/>\nder CV Spannung in verschiedenen Formen an .<\/li>\n<\/ul>\n<ol>\n<li>LEDs Quader<\/li>\n<li>Schaltung<\/li>\n<li>Layout<\/li>\n<li>Bau der LED Quader<\/li>\n<li>Die Platine<\/li>\n<\/ol>\n<p>&nbsp;<\/p>\n","protected":false},"excerpt":{"rendered":"<p>Einleitung: Das Teilprojekt besteht darin eine drei dimensionale LED Anzeige zu bauen und programmieren. Die LED Anzeige ist in Form eines Quaders, von dem die S\u00e4ulen und die Ebenen mit dem Mikrokontroller verbunden und gesteuert werden . F\u00fcr den Quader werden verschiedene Anzeigemodi gedacht. Das wechseln zwischen den Modi erfolgt \u00fcber einen Knopf. Die Anzeige [&hellip;]<\/p>\n","protected":false},"author":58,"featured_media":0,"parent":26,"menu_order":0,"comment_status":"closed","ping_status":"closed","template":"","meta":[],"_links":{"self":[{"href":"https:\/\/service.projektlabor.tu-berlin.de\/wordpress\/absynth\/wp-json\/wp\/v2\/pages\/130"}],"collection":[{"href":"https:\/\/service.projektlabor.tu-berlin.de\/wordpress\/absynth\/wp-json\/wp\/v2\/pages"}],"about":[{"href":"https:\/\/service.projektlabor.tu-berlin.de\/wordpress\/absynth\/wp-json\/wp\/v2\/types\/page"}],"author":[{"embeddable":true,"href":"https:\/\/service.projektlabor.tu-berlin.de\/wordpress\/absynth\/wp-json\/wp\/v2\/users\/58"}],"replies":[{"embeddable":true,"href":"https:\/\/service.projektlabor.tu-berlin.de\/wordpress\/absynth\/wp-json\/wp\/v2\/comments?post=130"}],"version-history":[{"count":5,"href":"https:\/\/service.projektlabor.tu-berlin.de\/wordpress\/absynth\/wp-json\/wp\/v2\/pages\/130\/revisions"}],"predecessor-version":[{"id":419,"href":"https:\/\/service.projektlabor.tu-berlin.de\/wordpress\/absynth\/wp-json\/wp\/v2\/pages\/130\/revisions\/419"}],"up":[{"embeddable":true,"href":"https:\/\/service.projektlabor.tu-berlin.de\/wordpress\/absynth\/wp-json\/wp\/v2\/pages\/26"}],"wp:attachment":[{"href":"https:\/\/service.projektlabor.tu-berlin.de\/wordpress\/absynth\/wp-json\/wp\/v2\/media?parent=130"}],"curies":[{"name":"wp","href":"https:\/\/api.w.org\/{rel}","templated":true}]}}