{"id":13,"date":"2017-05-23T18:18:23","date_gmt":"2017-05-23T16:18:23","guid":{"rendered":"http:\/\/service.projektlabor.tu-berlin.de\/wordpress\/absynth\/?page_id=13"},"modified":"2017-07-11T12:59:17","modified_gmt":"2017-07-11T10:59:17","slug":"gruppe-5-vca-adsr-endstufe","status":"publish","type":"page","link":"https:\/\/service.projektlabor.tu-berlin.de\/wordpress\/absynth\/gruppen\/gruppe-5-vca-adsr-endstufe\/","title":{"rendered":"5: VCA, ADSR, Endstufe"},"content":{"rendered":"<h1><strong>Das Team VCA, ADSR &amp; Endstufe<\/strong><\/h1>\n<p><em>Wer wir sind und was unsere Aufgabe ist<\/em><\/p>\n<p><img loading=\"lazy\" class=\"alignnone wp-image-241 size-large\" src=\"http:\/\/service.projektlabor.tu-berlin.de\/wordpress\/absynth\/wp-content\/uploads\/sites\/19\/2017\/05\/gruppenfoto_vca-1024x584.jpg\" alt=\"gruppenfoto_vca\" width=\"625\" height=\"356\" srcset=\"https:\/\/service.projektlabor.tu-berlin.de\/wordpress\/absynth\/wp-content\/uploads\/sites\/19\/2017\/05\/gruppenfoto_vca-1024x584.jpg 1024w, https:\/\/service.projektlabor.tu-berlin.de\/wordpress\/absynth\/wp-content\/uploads\/sites\/19\/2017\/05\/gruppenfoto_vca-300x171.jpg 300w, https:\/\/service.projektlabor.tu-berlin.de\/wordpress\/absynth\/wp-content\/uploads\/sites\/19\/2017\/05\/gruppenfoto_vca-624x356.jpg 624w, https:\/\/service.projektlabor.tu-berlin.de\/wordpress\/absynth\/wp-content\/uploads\/sites\/19\/2017\/05\/gruppenfoto_vca.jpg 2000w\" sizes=\"(max-width: 625px) 100vw, 625px\" \/><\/p>\n<p><strong>Abbildung:<\/strong>\u00a0<em>Team VCA, ADSR, Endstufe. Von links nach rechts:\u00a0Luise, Sebastian, Marten, Frank, Noah, Katharina, Jonas, Teoman, Leo<\/em><i><\/i><\/p>\n<p style=\"text-align: justify\">Die f\u00fcnfte Gruppe des Projekts &#8218;Absynth&#8216; besch\u00e4ftigt sich mit dem Bau des &#8222;<strong>V<\/strong>oltage <strong>C<\/strong>ontrolled <strong>A<\/strong>mplifier&#8220; (spannungsgesteuerter Verst\u00e4rker), kurz <strong>VCA<\/strong>, wobei auch ein <strong>ADSR<\/strong> und eine <strong>Endstufe<\/strong> entwickelt werden. Diese Komponenten \u00fcbernehmen in einem Synthesizer die Steuerung des Klanges, indem sie Signale sowohl verst\u00e4rken als auch d\u00e4mpfen k\u00f6nnen.<\/p>\n<p style=\"text-align: justify\"><a href=\"http:\/\/service.projektlabor.tu-berlin.de\/wordpress\/absynth\/wp-content\/uploads\/sites\/19\/2017\/05\/1.jpg\"><img loading=\"lazy\" class=\"aligncenter wp-image-46 size-large\" src=\"http:\/\/service.projektlabor.tu-berlin.de\/wordpress\/absynth\/wp-content\/uploads\/sites\/19\/2017\/05\/1-1024x649.jpg\" alt=\"VCA In A Nutshell\" width=\"625\" height=\"396\" srcset=\"https:\/\/service.projektlabor.tu-berlin.de\/wordpress\/absynth\/wp-content\/uploads\/sites\/19\/2017\/05\/1.jpg 1024w, https:\/\/service.projektlabor.tu-berlin.de\/wordpress\/absynth\/wp-content\/uploads\/sites\/19\/2017\/05\/1-300x190.jpg 300w, https:\/\/service.projektlabor.tu-berlin.de\/wordpress\/absynth\/wp-content\/uploads\/sites\/19\/2017\/05\/1-624x395.jpg 624w\" sizes=\"(max-width: 625px) 100vw, 625px\" \/><\/a><\/p>\n<p style=\"text-align: justify\"><strong>Abbildung:<\/strong><i> VCA in a nutshell. Das Quell-Audiosignal wird vom VCF bereitgestellt; die H\u00fcllkurve wird vom ADSR generiert. Im VCA werden beide Signale multiplikativ verkn\u00fcpft.<\/i><\/p>\n<p>&nbsp;<\/p>\n<h1><strong>ADSR (Attack, Decay, Sustain, Release)<\/strong><\/h1>\n<p><a href=\"http:\/\/service.projektlabor.tu-berlin.de\/wordpress\/absynth\/gruppen\/gruppe-5-vca-adsr-endstufe\/adsr\/\"><img loading=\"lazy\" class=\"alignnone wp-image-244 size-large\" src=\"http:\/\/service.projektlabor.tu-berlin.de\/wordpress\/absynth\/wp-content\/uploads\/sites\/19\/2017\/05\/adsr-1024x556.png\" alt=\"adsr\" width=\"625\" height=\"339\" srcset=\"https:\/\/service.projektlabor.tu-berlin.de\/wordpress\/absynth\/wp-content\/uploads\/sites\/19\/2017\/05\/adsr-1024x556.png 1024w, https:\/\/service.projektlabor.tu-berlin.de\/wordpress\/absynth\/wp-content\/uploads\/sites\/19\/2017\/05\/adsr-300x163.png 300w, https:\/\/service.projektlabor.tu-berlin.de\/wordpress\/absynth\/wp-content\/uploads\/sites\/19\/2017\/05\/adsr-624x339.png 624w, https:\/\/service.projektlabor.tu-berlin.de\/wordpress\/absynth\/wp-content\/uploads\/sites\/19\/2017\/05\/adsr.png 1506w\" sizes=\"(max-width: 625px) 100vw, 625px\" \/><\/a><\/p>\n<p><strong>Abbildung:<\/strong><i>\u00a0ADSR Leiterplattenlayout (Top) in EAGLE<\/i><\/p>\n<p style=\"text-align: justify\"><strong>ADSR<\/strong> (<strong>A<\/strong>ttack, <strong>D<\/strong>ecay, <strong>S<\/strong>ustain, <strong>R<\/strong>elease) beschreibt die vier Phasen einer H\u00fcllkurve eines Klangs erzeugt durch ein reales Musikinstrument. Die gleichnamige Schaltung hat die Funktion eine solche H\u00fcllkurve zu generieren und dem VCA bereitzustellen in Form eines Lautst\u00e4rkereglers. <a href=\"http:\/\/service.projektlabor.tu-berlin.de\/wordpress\/absynth\/gruppen\/gruppe-5-vca-adsr-endstufe\/adsr\/\">Erfahre mehr \u00fcber den ADSR &gt;<\/a><\/p>\n<p>&nbsp;<\/p>\n<h1><strong>VCA\u00a0(Voltage Controlled Amplifier)<\/strong><\/h1>\n<p><a href=\"http:\/\/service.projektlabor.tu-berlin.de\/wordpress\/absynth\/gruppen\/gruppe-5-vca-adsr-endstufe\/vca\/\"><img loading=\"lazy\" class=\"alignnone wp-image-245 size-full\" src=\"http:\/\/service.projektlabor.tu-berlin.de\/wordpress\/absynth\/wp-content\/uploads\/sites\/19\/2017\/05\/vca.jpg\" alt=\"vca\" width=\"1000\" height=\"571\" srcset=\"https:\/\/service.projektlabor.tu-berlin.de\/wordpress\/absynth\/wp-content\/uploads\/sites\/19\/2017\/05\/vca.jpg 1000w, https:\/\/service.projektlabor.tu-berlin.de\/wordpress\/absynth\/wp-content\/uploads\/sites\/19\/2017\/05\/vca-300x171.jpg 300w, https:\/\/service.projektlabor.tu-berlin.de\/wordpress\/absynth\/wp-content\/uploads\/sites\/19\/2017\/05\/vca-624x356.jpg 624w\" sizes=\"(max-width: 1000px) 100vw, 1000px\" \/><\/a><\/p>\n<p><strong>Abbildung:<\/strong><i>\u00a0Die fertige Platine des VCA<\/i><\/p>\n<p style=\"text-align: justify\">Im <strong>VCA<\/strong> (dt.: Spannungsgesteuerter Verst\u00e4rker) wird das Audiosignal\u00a0vom <a href=\"http:\/\/service.projektlabor.tu-berlin.de\/wordpress\/absynth\/gruppen\/gruppe-4-vcf\/\">VCF<\/a> durch die vom\u00a0ADSR generierte\u00a0H\u00fcllkurve wie ein gesteuerter Lautst\u00e4rkeregler\u00a0geregelt. Mathematisch l\u00e4sst sich dieser Vorgang auf eine Multiplikation zur\u00fcckf\u00fchren, weshalb die Kernkomponente des VCA aus einem\u00a0Multiplizierer besteht. <a href=\"http:\/\/service.projektlabor.tu-berlin.de\/wordpress\/absynth\/gruppen\/gruppe-5-vca-adsr-endstufe\/vca\/\">Erfahre mehr \u00fcber den VCA &gt;<\/a><\/p>\n<p>&nbsp;<\/p>\n<h1><strong>Endstufe<\/strong><\/h1>\n<p><a href=\"http:\/\/service.projektlabor.tu-berlin.de\/wordpress\/absynth\/gruppen\/gruppe-5-vca-adsr-endstufe\/endstufe\/\"><img loading=\"lazy\" class=\"alignnone wp-image-247 size-large\" src=\"http:\/\/service.projektlabor.tu-berlin.de\/wordpress\/absynth\/wp-content\/uploads\/sites\/19\/2017\/05\/11-1024x706.jpg\" alt=\"Class D Verst\u00e4rker.sch\" width=\"625\" height=\"431\" srcset=\"https:\/\/service.projektlabor.tu-berlin.de\/wordpress\/absynth\/wp-content\/uploads\/sites\/19\/2017\/05\/11-1024x706.jpg 1024w, https:\/\/service.projektlabor.tu-berlin.de\/wordpress\/absynth\/wp-content\/uploads\/sites\/19\/2017\/05\/11-300x207.jpg 300w, https:\/\/service.projektlabor.tu-berlin.de\/wordpress\/absynth\/wp-content\/uploads\/sites\/19\/2017\/05\/11-624x430.jpg 624w\" sizes=\"(max-width: 625px) 100vw, 625px\" \/><\/a><\/p>\n<p><strong>Abbildung:<\/strong><i>\u00a0Schaltplan der Endstufe in EAGLE<\/i><\/p>\n<p>In der Endstufe wird das finale Audiosignal leistungsverst\u00e4rkt. Dies erm\u00f6glicht das Anschlie\u00dfen eines Lautsprechers. Die hohe Effizienz der Schaltung (Klasse D-Verst\u00e4rker) wird durch Feldeffekttransistoren erreicht. <a href=\"http:\/\/service.projektlabor.tu-berlin.de\/wordpress\/absynth\/gruppen\/gruppe-5-vca-adsr-endstufe\/endstufe\/\">Erfahre mehr \u00fcber die Endstufe &gt;<\/a><\/p>\n<p>&nbsp;<\/p>\n<h1><strong>Download-Bereich<\/strong><\/h1>\n<p><strong>Pr\u00e4sentationen:<\/strong><\/p>\n<ul>\n<li>Differenzverst\u00e4rker (Katharina) &#8211;\u00a0<a href=\"http:\/\/service.projektlabor.tu-berlin.de\/wordpress\/absynth\/wp-content\/uploads\/sites\/19\/2017\/05\/7672-Differenzverst\u00e4rker-pdf.pdf\">PDF Folien<\/a>\u00a0&#8211;\u00a0<a href=\"http:\/\/service.projektlabor.tu-berlin.de\/wordpress\/absynth\/wp-content\/uploads\/sites\/19\/2017\/05\/7673-Differenzverst\u00e4rkerHandout-pdf.pdf\">PDF Handout<\/a><\/li>\n<li>Operationsverst\u00e4rker (Jonas) &#8211; <a href=\"http:\/\/service.projektlabor.tu-berlin.de\/wordpress\/absynth\/wp-content\/uploads\/sites\/19\/2017\/05\/OPV_Jonas_Folien.pdf\">PDF Folien<\/a>\u00a0&#8211; <a href=\"http:\/\/service.projektlabor.tu-berlin.de\/wordpress\/absynth\/wp-content\/uploads\/sites\/19\/2017\/05\/OPV_Jonas_Handout.pdf\">PDF Handout<\/a><\/li>\n<li>NE555-Timer (Teoman) &#8211;\u00a0<a href=\"http:\/\/service.projektlabor.tu-berlin.de\/wordpress\/absynth\/wp-content\/uploads\/sites\/19\/2017\/05\/NE555_Teoman.pdf\">PDF Folien<\/a>\u00a0&#8211;\u00a0<a href=\"http:\/\/service.projektlabor.tu-berlin.de\/wordpress\/absynth\/wp-content\/uploads\/sites\/19\/2017\/05\/NE555_Teoman_Handout.pdf\">PDF Handout<\/a><\/li>\n<li>Dreiecksgenerator (Marten) &#8211;\u00a0<a href=\"http:\/\/service.projektlabor.tu-berlin.de\/wordpress\/absynth\/wp-content\/uploads\/sites\/19\/2017\/05\/Dreiecksgenerator_Marten_Folien.pdf\">PDF Folien<\/a>\u00a0&#8211;\u00a0<a href=\"http:\/\/service.projektlabor.tu-berlin.de\/wordpress\/absynth\/wp-content\/uploads\/sites\/19\/2017\/05\/Dreiecksgenerator_Marten_Handout.pdf\">PDF Handout<\/a><\/li>\n<li>Komparator, Endstufe (Sebastian) &#8211; PDF Folien &#8211;\u00a0<a href=\"http:\/\/service.projektlabor.tu-berlin.de\/wordpress\/absynth\/wp-content\/uploads\/sites\/19\/2017\/05\/7785-Handout-Projektlabor-Sebastian-pdf.pdf\">PDF Handout<\/a><\/li>\n<li>Leiterplattenherstellung (Luise) &#8211;\u00a0<a href=\"http:\/\/service.projektlabor.tu-berlin.de\/wordpress\/absynth\/wp-content\/uploads\/sites\/19\/2017\/05\/7973-Leiterplattenherstellung-pdf.pdf\">PDF Folien<\/a>\u00a0&#8211;\u00a0<a href=\"http:\/\/service.projektlabor.tu-berlin.de\/wordpress\/absynth\/wp-content\/uploads\/sites\/19\/2017\/05\/7972-Leiterplattenherrstellung-Handout-pdf.pdf\">PDF Handout<\/a><\/li>\n<li>L\u00f6tverfahren (Frank) &#8211;\u00a0<a href=\"http:\/\/service.projektlabor.tu-berlin.de\/wordpress\/absynth\/wp-content\/uploads\/sites\/19\/2017\/05\/7992-L\u00f6tverfahren-pdf.pdf\">PDF Folien<\/a>\u00a0&#8211;\u00a0<a href=\"http:\/\/service.projektlabor.tu-berlin.de\/wordpress\/absynth\/wp-content\/uploads\/sites\/19\/2017\/05\/7991-Handout-pdf.pdf\">PDF Handout<\/a><\/li>\n<\/ul>\n<p><strong>Schaltpl\u00e4ne, Platinenlayouts:<\/strong><\/p>\n<ul>\n<li>ADSR &#8211;\u00a0<a href=\"http:\/\/service.projektlabor.tu-berlin.de\/wordpress\/absynth\/wp-content\/uploads\/sites\/19\/2017\/05\/4.pdf\">Schaltplan PDF<\/a>\u00a0&#8211;\u00a0<a href=\"http:\/\/service.projektlabor.tu-berlin.de\/wordpress\/absynth\/wp-content\/uploads\/sites\/19\/2017\/05\/ADSR_EAGLE.zip\">Eagle-Files (SCH, BRD)<\/a><\/li>\n<li>VCA &#8211;\u00a0<a href=\"http:\/\/service.projektlabor.tu-berlin.de\/wordpress\/absynth\/wp-content\/uploads\/sites\/19\/2017\/05\/vcads.pdf\">Schaltplan PDF<\/a>\u00a0&#8211;\u00a0<a href=\"http:\/\/service.projektlabor.tu-berlin.de\/wordpress\/absynth\/wp-content\/uploads\/sites\/19\/2017\/05\/VCA_DS.zip\">Eagle-Files (SCH, BRD)<\/a><\/li>\n<li>Endstufe &#8211;\u00a0<a href=\"http:\/\/service.projektlabor.tu-berlin.de\/wordpress\/absynth\/wp-content\/uploads\/sites\/19\/2017\/05\/1.pdf\">Schaltplan PDF<\/a>\u00a0&#8211; Eagle-Files (SCH, BRD)<\/li>\n<\/ul>\n","protected":false},"excerpt":{"rendered":"<p>Das Team VCA, ADSR &amp; Endstufe Wer wir sind und was unsere Aufgabe ist Abbildung:\u00a0Team VCA, ADSR, Endstufe. Von links nach rechts:\u00a0Luise, Sebastian, Marten, Frank, Noah, Katharina, Jonas, Teoman, Leo Die f\u00fcnfte Gruppe des Projekts &#8218;Absynth&#8216; besch\u00e4ftigt sich mit dem Bau des &#8222;Voltage Controlled Amplifier&#8220; (spannungsgesteuerter Verst\u00e4rker), kurz VCA, wobei auch ein ADSR und eine [&hellip;]<\/p>\n","protected":false},"author":57,"featured_media":0,"parent":35,"menu_order":0,"comment_status":"closed","ping_status":"closed","template":"","meta":[],"_links":{"self":[{"href":"https:\/\/service.projektlabor.tu-berlin.de\/wordpress\/absynth\/wp-json\/wp\/v2\/pages\/13"}],"collection":[{"href":"https:\/\/service.projektlabor.tu-berlin.de\/wordpress\/absynth\/wp-json\/wp\/v2\/pages"}],"about":[{"href":"https:\/\/service.projektlabor.tu-berlin.de\/wordpress\/absynth\/wp-json\/wp\/v2\/types\/page"}],"author":[{"embeddable":true,"href":"https:\/\/service.projektlabor.tu-berlin.de\/wordpress\/absynth\/wp-json\/wp\/v2\/users\/57"}],"replies":[{"embeddable":true,"href":"https:\/\/service.projektlabor.tu-berlin.de\/wordpress\/absynth\/wp-json\/wp\/v2\/comments?post=13"}],"version-history":[{"count":24,"href":"https:\/\/service.projektlabor.tu-berlin.de\/wordpress\/absynth\/wp-json\/wp\/v2\/pages\/13\/revisions"}],"predecessor-version":[{"id":329,"href":"https:\/\/service.projektlabor.tu-berlin.de\/wordpress\/absynth\/wp-json\/wp\/v2\/pages\/13\/revisions\/329"}],"up":[{"embeddable":true,"href":"https:\/\/service.projektlabor.tu-berlin.de\/wordpress\/absynth\/wp-json\/wp\/v2\/pages\/35"}],"wp:attachment":[{"href":"https:\/\/service.projektlabor.tu-berlin.de\/wordpress\/absynth\/wp-json\/wp\/v2\/media?parent=13"}],"curies":[{"name":"wp","href":"https:\/\/api.w.org\/{rel}","templated":true}]}}