{"id":128,"date":"2017-06-06T14:19:15","date_gmt":"2017-06-06T12:19:15","guid":{"rendered":"http:\/\/service.projektlabor.tu-berlin.de\/wordpress\/absynth\/?page_id=128"},"modified":"2017-07-16T22:28:58","modified_gmt":"2017-07-16T20:28:58","slug":"2-2-step-sequencer","status":"publish","type":"page","link":"https:\/\/service.projektlabor.tu-berlin.de\/wordpress\/absynth\/gruppen\/gruppe-2-interface\/2-2-step-sequencer\/","title":{"rendered":"2.2: Step-Sequencer"},"content":{"rendered":"<ul>\n<li>\n<h4>\u00a0Aufgabenbeschreibung<\/h4>\n<\/li>\n<\/ul>\n<p>Ein analoges Ger\u00e4t wurde entworfen zur Erzeugung von Spannungen in bis zu acht Schritten. Der gesamte Schaltplan wird in Abbildung 3 dargestellt. Die Spannungen k\u00f6nnen geregelt werden und stellen einen Eingang f\u00fcr das VCO dar, das daraus entsprechende Frequenzen ausgibt. Eine Teilschaltung erzeugt auch die Gate-Spannung f\u00fcr das ADSR (siehe Abbildungen 1 und 2 im Anhang)<\/p>\n<ul>\n<li>\n<h4>Entwicklungsarbeit<\/h4>\n<\/li>\n<\/ul>\n<p>W\u00e4hrend der Entwicklung dieser Schaltung musste folgende L\u00f6sung verworfen werden:<\/p>\n<ul>\n<li>\n<h6>\u00a0Implementierung von NE555 monostabile Schaltung als Gate-Signal Begr\u00fcndung:<\/h6>\n<\/li>\n<\/ul>\n<p>Es war nicht m\u00f6glich die Gate-Breite kleiner zu machen als die Breite vom Clock-Signal der NE555 astabilen Schaltung. Es w\u00e4re also unm\u00f6glich gewesen eine passende Variation der Gate-Breite zu realisieren. Aus diesem Grunde wurde das Schaltungskonzept mit einem IC 74LS123N implementiert.<\/p>\n<ul>\n<li>\n<h6>Beschreibung von Schaltungskonzepten:<\/h6>\n<\/li>\n<\/ul>\n<ol>\n<li style=\"padding-left: 30px\"><a href=\"http:\/\/service.projektlabor.tu-berlin.de\/wordpress\/absynth\/gruppen\/gruppe-2-interface\/2-2-step-sequencer\/zaehler\/\">Z\u00e4hler<\/a><\/li>\n<li style=\"padding-left: 30px\"><a href=\"http:\/\/service.projektlabor.tu-berlin.de\/wordpress\/absynth\/gruppen\/gruppe-2-interface\/2-2-step-sequencer\/cv-spannung\/\">CV-Spannung<\/a><\/li>\n<li style=\"padding-left: 30px\"><a href=\"http:\/\/service.projektlabor.tu-berlin.de\/wordpress\/absynth\/gruppen\/gruppe-2-interface\/2-2-step-sequencer\/gate\/\">Gate<\/a><\/li>\n<li style=\"padding-left: 30px\"><a href=\"http:\/\/service.projektlabor.tu-berlin.de\/wordpress\/absynth\/gruppen\/gruppe-2-interface\/2-2-step-sequencer\/multiplexer\/\">Multiplexer<\/a><\/li>\n<li style=\"padding-left: 30px\"><a href=\"http:\/\/service.projektlabor.tu-berlin.de\/wordpress\/absynth\/gruppen\/gruppe-2-interface\/2-2-step-sequencer\/schnittstellen-stecker-schalter\/\">Schnittstellen \/ Stecker \/ Schalter<\/a><\/li>\n<\/ol>\n<ul>\n<li>\n<h4>Bedienungsanleitung<\/h4>\n<\/li>\n<\/ul>\n<ol>\n<li>Flachbandkabelverbindungen<\/li>\n<li>Schaltereinstellungen<\/li>\n<li>Potentiometer-Einstellungen<\/li>\n<li>Multiplexer-Einstellungen<\/li>\n<\/ol>\n<p>&nbsp;<\/p>\n","protected":false},"excerpt":{"rendered":"<p>\u00a0Aufgabenbeschreibung Ein analoges Ger\u00e4t wurde entworfen zur Erzeugung von Spannungen in bis zu acht Schritten. Der gesamte Schaltplan wird in Abbildung 3 dargestellt. Die Spannungen k\u00f6nnen geregelt werden und stellen einen Eingang f\u00fcr das VCO dar, das daraus entsprechende Frequenzen ausgibt. Eine Teilschaltung erzeugt auch die Gate-Spannung f\u00fcr das ADSR (siehe Abbildungen 1 und 2 [&hellip;]<\/p>\n","protected":false},"author":58,"featured_media":0,"parent":26,"menu_order":0,"comment_status":"closed","ping_status":"closed","template":"","meta":[],"_links":{"self":[{"href":"https:\/\/service.projektlabor.tu-berlin.de\/wordpress\/absynth\/wp-json\/wp\/v2\/pages\/128"}],"collection":[{"href":"https:\/\/service.projektlabor.tu-berlin.de\/wordpress\/absynth\/wp-json\/wp\/v2\/pages"}],"about":[{"href":"https:\/\/service.projektlabor.tu-berlin.de\/wordpress\/absynth\/wp-json\/wp\/v2\/types\/page"}],"author":[{"embeddable":true,"href":"https:\/\/service.projektlabor.tu-berlin.de\/wordpress\/absynth\/wp-json\/wp\/v2\/users\/58"}],"replies":[{"embeddable":true,"href":"https:\/\/service.projektlabor.tu-berlin.de\/wordpress\/absynth\/wp-json\/wp\/v2\/comments?post=128"}],"version-history":[{"count":6,"href":"https:\/\/service.projektlabor.tu-berlin.de\/wordpress\/absynth\/wp-json\/wp\/v2\/pages\/128\/revisions"}],"predecessor-version":[{"id":393,"href":"https:\/\/service.projektlabor.tu-berlin.de\/wordpress\/absynth\/wp-json\/wp\/v2\/pages\/128\/revisions\/393"}],"up":[{"embeddable":true,"href":"https:\/\/service.projektlabor.tu-berlin.de\/wordpress\/absynth\/wp-json\/wp\/v2\/pages\/26"}],"wp:attachment":[{"href":"https:\/\/service.projektlabor.tu-berlin.de\/wordpress\/absynth\/wp-json\/wp\/v2\/media?parent=128"}],"curies":[{"name":"wp","href":"https:\/\/api.w.org\/{rel}","templated":true}]}}