{"id":89,"date":"2019-06-06T16:45:42","date_gmt":"2019-06-06T14:45:42","guid":{"rendered":"http:\/\/service.projektlabor.tu-berlin.de\/wordpress\/ss2019mo\/?page_id=89"},"modified":"2019-07-12T17:44:12","modified_gmt":"2019-07-12T15:44:12","slug":"echo","status":"publish","type":"page","link":"https:\/\/service.projektlabor.tu-berlin.de\/wordpress\/Synthaffaere\/filter-plus\/echo\/","title":{"rendered":"ECHO"},"content":{"rendered":"<h1><strong>Das Echo Effekt:<\/strong><\/h1>\n<div>Ein Echo entsteht, wenn Reflexionen einer Schallwelle so stark verz\u00f6gert sind, dass man diesen Schall als separates H\u00f6rereignis wahrnehmen kann. Konzentrierte und starke sp\u00e4te Reflexionen sind als getrennte Echos zu h\u00f6ren.<br \/>\nEin einzelnes separat wahrgenommenes Echo hat dieselbe Tonh\u00f6he wie das Original, die Tonst\u00e4rke ist jedoch immer geringer als die des Originals.<\/div>\n<div><\/div>\n<h1><strong>Unsere Schaltung:<\/strong><\/h1>\n<div>\n<p>Unsere Schaltung wurde von der Firma Synthrotek entwickelt, dieser Schaltung erzeugt ein Echo Effekt \u00fcber den IC Chip PT2399.<br \/>\nDer IC hat eine Verz\u00f6gerungszeit zwischen 30 ms und 340 ms, dieser ist der wichtigste Parameter in unsere Schaltung l\u00e4sst sich durch einem externen widerstand steuern, den DELAY Drehpotentiometer in unserem Fall.<\/p>\n<p>Die Schaltung hat dazu noch zwei anderen Parametern, einmal den MIX Drehpotentiometer der steuert wie viel von dem urspr\u00fcnglichen Signal und das neue Signal gemischt werden, und den FEEDBACK Drehpotentiometer der steuert das Abklingfaktor, wie schnell klingt das Signal ab.<\/p>\n<p>Zwei Audiosignale werden an jeweils eine von den 2 Eingagnsbuchsen angelegt. Ein Teil von dem in die CV Buchse angelegten Signal wird je nach Position des R26 Potis wiederholt und anschli\u00dfend zu dem anderen Audiosignal gepackt.<\/p>\n<div>\n<div>Hier sind abgek\u00fcrzt die wichtigsten Merkmale unserer Schaltung:<\/div>\n<div>\u00a0 \u00a0 \u00a0\u2022 \u00b112 V Spannungsversorgung f \u0308ur die OPVs<\/div>\n<div>\u00a0 \u00a0 \u00a0\u2022 +5 V Spannugsversorgung f \u0308urr den PT2399<\/div>\n<div>\u00a0 \u00a0 \u00a0\u2022 Rate range: 30-190mS<\/div>\n<div>\u00a0 \u00a0 \u00a0\u2022 Voltage-controlled rate<\/div>\n<div>\u00a0 \u00a0 \u00a0\u2022 Self-oscillating feedback<\/div>\n<div>\u00a0 \u00a0 \u00a0\u2022 Mix control<\/div>\n<div>Unsere Schaltung besteht aus zwei wichtigen Bauteile: Der PT2399 und der TL074P.<\/div>\n<div>Der TL074P ist ein IC der aus 4 OPVs besteht, der mit einer Spannungsversorgung von<\/div>\n<div>\u00b1 12V . In unserer Schaltung werden nur 3 davon gebraucht (Daher werden die Anschl\u00fcsse von U3D mit Ground Verbunden). U3A ist der Input, der die Eingangsspannung halbiert und invertiert. U3C ist der Voltage Control Delay.<\/div>\n<\/div>\n<div><\/div>\n<div><img loading=\"lazy\" class=\"size-medium wp-image-110 aligncenter\" src=\"http:\/\/service.projektlabor.tu-berlin.de\/wordpress\/ss2019mo\/wp-content\/uploads\/sites\/25\/2019\/06\/equa-1-300x76.png\" alt=\"\" width=\"300\" height=\"76\" srcset=\"https:\/\/service.projektlabor.tu-berlin.de\/wordpress\/Synthaffaere\/wp-content\/uploads\/sites\/25\/2019\/06\/equa-1-300x76.png 300w, https:\/\/service.projektlabor.tu-berlin.de\/wordpress\/Synthaffaere\/wp-content\/uploads\/sites\/25\/2019\/06\/equa-1-768x194.png 768w, https:\/\/service.projektlabor.tu-berlin.de\/wordpress\/Synthaffaere\/wp-content\/uploads\/sites\/25\/2019\/06\/equa-1-500x126.png 500w, https:\/\/service.projektlabor.tu-berlin.de\/wordpress\/Synthaffaere\/wp-content\/uploads\/sites\/25\/2019\/06\/equa-1.png 957w\" sizes=\"(max-width: 300px) 100vw, 300px\" \/><\/div>\n<div><span style=\"font-weight: 300\">Der Ausgang von U3C geht zum Eingang vom PT2399 rein. Dieser ist der wichtigste<\/span><\/div>\n<div>\n<div>Bauteil unserer Schaltung, weil er das Delay erzeugt. Hierbei dient folgende Abbildung die bessere Veranschaulichung der interne Verkabelung des ICs.<\/div>\n<\/div>\n<div><\/div>\n<div><\/div>\n<div><\/div>\n<div><img loading=\"lazy\" class=\"alignnone size-large wp-image-77\" src=\"http:\/\/service.projektlabor.tu-berlin.de\/wordpress\/ss2019mo\/wp-content\/uploads\/sites\/25\/2019\/06\/echo2-1024x439.png\" alt=\"\" width=\"584\" height=\"250\" srcset=\"https:\/\/service.projektlabor.tu-berlin.de\/wordpress\/Synthaffaere\/wp-content\/uploads\/sites\/25\/2019\/06\/echo2-1024x439.png 1024w, https:\/\/service.projektlabor.tu-berlin.de\/wordpress\/Synthaffaere\/wp-content\/uploads\/sites\/25\/2019\/06\/echo2-300x129.png 300w, https:\/\/service.projektlabor.tu-berlin.de\/wordpress\/Synthaffaere\/wp-content\/uploads\/sites\/25\/2019\/06\/echo2-768x329.png 768w, https:\/\/service.projektlabor.tu-berlin.de\/wordpress\/Synthaffaere\/wp-content\/uploads\/sites\/25\/2019\/06\/echo2-500x214.png 500w, https:\/\/service.projektlabor.tu-berlin.de\/wordpress\/Synthaffaere\/wp-content\/uploads\/sites\/25\/2019\/06\/echo2.png 1366w\" sizes=\"(max-width: 584px) 100vw, 584px\" \/><\/div>\n<div>\n<div><\/div>\n<div style=\"text-align: center\"><strong>Figure 2: PT2399 interne Verkabelung<\/strong><\/div>\n<\/div>\n<div><\/div>\n<div><\/div>\n<div><\/div>\n<div><\/div>\n<div><\/div>\n<div><\/div>\n<div>\n<div>Es sollte au\u00dferdem erw\u00e4hnt werden, wozu die in unserer Schaltung verwendeten Kon-<\/div>\n<div>densatoren dienen. Abreviiert sind die Kondensatoren<\/div>\n<div>c1-8 Entkopplungskondensator ( Es erm\u00f6glicht die Evakuierung von hochfrequenten Oberschwingungen zur Erde und erh\u00f6ht somit die elektromagnetische Immunit\u00e4t\u00a0 des Stromkreises, in dem es installiert ist.) Die anderen Kondensatoren wurden zur Realisierung von Tief- bzw Hochpassfilter .<\/div>\n<\/div>\n<p>In der folgenden Abbildung ist die Eagle Schaltung zu sehen.<\/p>\n<p><img loading=\"lazy\" class=\"alignnone size-large wp-image-337\" src=\"http:\/\/service.projektlabor.tu-berlin.de\/wordpress\/ss2019mo\/wp-content\/uploads\/sites\/25\/2019\/07\/echo1-1-1024x692.png\" alt=\"\" width=\"584\" height=\"395\" srcset=\"https:\/\/service.projektlabor.tu-berlin.de\/wordpress\/Synthaffaere\/wp-content\/uploads\/sites\/25\/2019\/07\/echo1-1-1024x692.png 1024w, https:\/\/service.projektlabor.tu-berlin.de\/wordpress\/Synthaffaere\/wp-content\/uploads\/sites\/25\/2019\/07\/echo1-1-300x203.png 300w, https:\/\/service.projektlabor.tu-berlin.de\/wordpress\/Synthaffaere\/wp-content\/uploads\/sites\/25\/2019\/07\/echo1-1-768x519.png 768w, https:\/\/service.projektlabor.tu-berlin.de\/wordpress\/Synthaffaere\/wp-content\/uploads\/sites\/25\/2019\/07\/echo1-1-444x300.png 444w, https:\/\/service.projektlabor.tu-berlin.de\/wordpress\/Synthaffaere\/wp-content\/uploads\/sites\/25\/2019\/07\/echo1-1.png 1819w\" sizes=\"(max-width: 584px) 100vw, 584px\" \/><\/p>\n<h1>\u00a0 \u00a0 \u00a0 \u00a0 \u00a0 \u00a0 \u00a0 \u00a0 \u00a0 \u00a0 \u00a0 \u00a0 \u00a0 \u00a0 \u00a0 \u00a0 \u00a0 \u00a0 \u00a0 \u00a0Figure 3 : Echo Schaltung<\/h1>\n<h1><strong>Schaltbrett:<\/strong><\/h1>\n<p>Wir k\u00f6nnten keine LTSpice Simulation ausf\u00fchren da das IC CHIP PT2399 nicht simulierbar ist, daf\u00fcr haben wir die Schaltung auf dem Schaltbrett gebaut.<\/p>\n<p><img loading=\"lazy\" class=\"size-full wp-image-399 aligncenter\" src=\"http:\/\/service.projektlabor.tu-berlin.de\/wordpress\/ss2019mo\/wp-content\/uploads\/sites\/25\/2019\/07\/4.png\" alt=\"\" width=\"449\" height=\"313\" srcset=\"https:\/\/service.projektlabor.tu-berlin.de\/wordpress\/Synthaffaere\/wp-content\/uploads\/sites\/25\/2019\/07\/4.png 449w, https:\/\/service.projektlabor.tu-berlin.de\/wordpress\/Synthaffaere\/wp-content\/uploads\/sites\/25\/2019\/07\/4-300x209.png 300w, https:\/\/service.projektlabor.tu-berlin.de\/wordpress\/Synthaffaere\/wp-content\/uploads\/sites\/25\/2019\/07\/4-430x300.png 430w\" sizes=\"(max-width: 449px) 100vw, 449px\" \/><\/p>\n<h1>\u00a0 \u00a0 \u00a0 \u00a0 \u00a0 \u00a0 \u00a0 \u00a0 \u00a0 \u00a0 \u00a0 \u00a0 \u00a0 \u00a0 Figure 4 :Echo Schaltung auf dem Steckbrett<\/h1>\n<h1><strong>PCB Layout:<\/strong><\/h1>\n<p>&nbsp;<\/p>\n<p>Ein PCB Layout wurde dann in Eagle erstellt, wir haben es geschafft die Schaltung auf eine halbe Platine zu machen um Platz zu Sparren.<\/p>\n<p><img loading=\"lazy\" class=\"size-full wp-image-400 aligncenter\" src=\"http:\/\/service.projektlabor.tu-berlin.de\/wordpress\/ss2019mo\/wp-content\/uploads\/sites\/25\/2019\/07\/5.png\" alt=\"\" width=\"403\" height=\"484\" srcset=\"https:\/\/service.projektlabor.tu-berlin.de\/wordpress\/Synthaffaere\/wp-content\/uploads\/sites\/25\/2019\/07\/5.png 403w, https:\/\/service.projektlabor.tu-berlin.de\/wordpress\/Synthaffaere\/wp-content\/uploads\/sites\/25\/2019\/07\/5-250x300.png 250w\" sizes=\"(max-width: 403px) 100vw, 403px\" \/><\/p>\n<p>&nbsp;<\/p>\n<h1 style=\"text-align: center\">Figure 5 :Echo Schaltung EAGLE-Board<\/h1>\n<h1><strong>Bauteile :\u00a0<\/strong>Hier ist die Bauteilliste zu sehen, die wurde aus Eagle importiert.<\/h1>\n<p><img loading=\"lazy\" class=\"alignnone size-full wp-image-342\" src=\"http:\/\/service.projektlabor.tu-berlin.de\/wordpress\/ss2019mo\/wp-content\/uploads\/sites\/25\/2019\/07\/p1.png\" alt=\"\" width=\"510\" height=\"780\" srcset=\"https:\/\/service.projektlabor.tu-berlin.de\/wordpress\/Synthaffaere\/wp-content\/uploads\/sites\/25\/2019\/07\/p1.png 510w, https:\/\/service.projektlabor.tu-berlin.de\/wordpress\/Synthaffaere\/wp-content\/uploads\/sites\/25\/2019\/07\/p1-196x300.png 196w\" sizes=\"(max-width: 510px) 100vw, 510px\" \/><\/p>\n<p>&nbsp;<\/p>\n<\/div>\n<div><\/div>\n<div><\/div>\n<div>\n<div><\/div>\n<\/div>\n<p>&nbsp;<\/p>\n","protected":false},"excerpt":{"rendered":"<p>Das Echo Effekt: Ein Echo entsteht, wenn Reflexionen einer Schallwelle so stark verz\u00f6gert sind, dass man diesen Schall als separates H\u00f6rereignis wahrnehmen kann. Konzentrierte und starke sp\u00e4te Reflexionen sind als getrennte Echos zu h\u00f6ren. Ein einzelnes separat wahrgenommenes Echo hat &hellip; <a href=\"https:\/\/service.projektlabor.tu-berlin.de\/wordpress\/Synthaffaere\/filter-plus\/echo\/\">Weiterlesen <span class=\"meta-nav\">&rarr;<\/span><\/a><\/p>\n","protected":false},"author":90,"featured_media":17,"parent":10,"menu_order":0,"comment_status":"closed","ping_status":"closed","template":"","meta":[],"_links":{"self":[{"href":"https:\/\/service.projektlabor.tu-berlin.de\/wordpress\/Synthaffaere\/wp-json\/wp\/v2\/pages\/89"}],"collection":[{"href":"https:\/\/service.projektlabor.tu-berlin.de\/wordpress\/Synthaffaere\/wp-json\/wp\/v2\/pages"}],"about":[{"href":"https:\/\/service.projektlabor.tu-berlin.de\/wordpress\/Synthaffaere\/wp-json\/wp\/v2\/types\/page"}],"author":[{"embeddable":true,"href":"https:\/\/service.projektlabor.tu-berlin.de\/wordpress\/Synthaffaere\/wp-json\/wp\/v2\/users\/90"}],"replies":[{"embeddable":true,"href":"https:\/\/service.projektlabor.tu-berlin.de\/wordpress\/Synthaffaere\/wp-json\/wp\/v2\/comments?post=89"}],"version-history":[{"count":13,"href":"https:\/\/service.projektlabor.tu-berlin.de\/wordpress\/Synthaffaere\/wp-json\/wp\/v2\/pages\/89\/revisions"}],"predecessor-version":[{"id":401,"href":"https:\/\/service.projektlabor.tu-berlin.de\/wordpress\/Synthaffaere\/wp-json\/wp\/v2\/pages\/89\/revisions\/401"}],"up":[{"embeddable":true,"href":"https:\/\/service.projektlabor.tu-berlin.de\/wordpress\/Synthaffaere\/wp-json\/wp\/v2\/pages\/10"}],"wp:featuredmedia":[{"embeddable":true,"href":"https:\/\/service.projektlabor.tu-berlin.de\/wordpress\/Synthaffaere\/wp-json\/wp\/v2\/media\/17"}],"wp:attachment":[{"href":"https:\/\/service.projektlabor.tu-berlin.de\/wordpress\/Synthaffaere\/wp-json\/wp\/v2\/media?parent=89"}],"curies":[{"name":"wp","href":"https:\/\/api.w.org\/{rel}","templated":true}]}}