{"id":425,"date":"2019-07-17T22:43:35","date_gmt":"2019-07-17T20:43:35","guid":{"rendered":"http:\/\/service.projektlabor.tu-berlin.de\/wordpress\/ss2019mo\/?page_id=425"},"modified":"2019-07-17T22:49:36","modified_gmt":"2019-07-17T20:49:36","slug":"vu","status":"publish","type":"page","link":"https:\/\/service.projektlabor.tu-berlin.de\/wordpress\/Synthaffaere\/vu\/","title":{"rendered":"VU"},"content":{"rendered":"<p><strong>VU<\/strong><\/p>\n<p>Die Abbildung 1 zeigt den Schaltplan.<\/p>\n<p>(FOTO FEHLT)<\/p>\n<p><strong>Einleitung<\/strong><\/p>\n<p>Ein vu-Meterv ist ein Aussteuerungsmesser, und weit in Tontechnik benutzt. Das Foto zeigt das Blockschaltbild des vu-Meters.<\/p>\n<p><strong>Aufbau<\/strong><\/p>\n<p>Vu-Meter werden mest mit LEDs oder VFD gebaut und arbeiten mit der Prinzip von BargraphAnzeige, dabei die auszusehende Signalen in einer Reihe gestellt werden. Diese Ausstellung zeigt den momentanen H\u00f6he, w\u00e4hrend eine einzelne LED den Spitzenwert speichert und<br \/>\ndanach wieder zur\u00fcckgeht. Hierdurch werden zwei Informationen gleichzeitig gegeben: der aktuelle, und musikabh\u00e4ngig schwankende H\u00f6he und die vor wenigen Zeit aufgetretene Pegelspitze.<br \/>\nBei dem VU-Meter zeigt die Hauptskala die logarithmische Gr\u00f6\u00dfe LE von -20 LE bis +3 LE. Zus\u00e4tzlich nutzen manche Ger\u00e4te auch Prozentwerte angegeben. 0LE entsprichht 100Eine Anderung von einem LE entsprichht einer \u00c4nderung von einem dB.<\/p>\n<p><strong>Bauteile<\/strong><\/p>\n<p>F\u00fcr den Schaltungsaufbau wurden folgende Bauteilen verwendet<\/p>\n<p>(FOTO FEHLT)<\/p>\n<p><strong>Funktionsweise<\/strong><\/p>\n<p>Generieren eine VU-Meter:<br \/>\n\u2022 Durch einer Messung von Audiosignalspannung und Vergleich mit der Versorgungsspannnung mit Hilfe der ICs LM358, ein Pegel von der Lautst\u00e4rke bestimmt.<br \/>\n\u2022 Die Referenzspannung an der noninvertierende Terminals, wird von einer Spannungsteilerschaltung aufgesplitted.<br \/>\n\u2022 Die LEDs sind hinter den OPVs geschaltet.<br \/>\n\u2022 Dieser Vergleich von Audiosignalspannung und Versorgungsspannnung wird durchgehend bestimmt und \u00fcber die LEDs visuell dargestellt.<\/p>\n<p><strong>EAGLE-Layout: <\/strong><\/p>\n<p>(FOTO FEHLT)<\/p>\n<p>&nbsp;<\/p>\n<p>Ugur Can Emek<\/p>\n","protected":false},"excerpt":{"rendered":"<p>VU Die Abbildung 1 zeigt den Schaltplan. (FOTO FEHLT) Einleitung Ein vu-Meterv ist ein Aussteuerungsmesser, und weit in Tontechnik benutzt. Das Foto zeigt das Blockschaltbild des vu-Meters. Aufbau Vu-Meter werden mest mit LEDs oder VFD gebaut und arbeiten mit der &hellip; <a href=\"https:\/\/service.projektlabor.tu-berlin.de\/wordpress\/Synthaffaere\/vu\/\">Weiterlesen <span class=\"meta-nav\">&rarr;<\/span><\/a><\/p>\n","protected":false},"author":92,"featured_media":0,"parent":0,"menu_order":0,"comment_status":"closed","ping_status":"closed","template":"","meta":[],"_links":{"self":[{"href":"https:\/\/service.projektlabor.tu-berlin.de\/wordpress\/Synthaffaere\/wp-json\/wp\/v2\/pages\/425"}],"collection":[{"href":"https:\/\/service.projektlabor.tu-berlin.de\/wordpress\/Synthaffaere\/wp-json\/wp\/v2\/pages"}],"about":[{"href":"https:\/\/service.projektlabor.tu-berlin.de\/wordpress\/Synthaffaere\/wp-json\/wp\/v2\/types\/page"}],"author":[{"embeddable":true,"href":"https:\/\/service.projektlabor.tu-berlin.de\/wordpress\/Synthaffaere\/wp-json\/wp\/v2\/users\/92"}],"replies":[{"embeddable":true,"href":"https:\/\/service.projektlabor.tu-berlin.de\/wordpress\/Synthaffaere\/wp-json\/wp\/v2\/comments?post=425"}],"version-history":[{"count":3,"href":"https:\/\/service.projektlabor.tu-berlin.de\/wordpress\/Synthaffaere\/wp-json\/wp\/v2\/pages\/425\/revisions"}],"predecessor-version":[{"id":430,"href":"https:\/\/service.projektlabor.tu-berlin.de\/wordpress\/Synthaffaere\/wp-json\/wp\/v2\/pages\/425\/revisions\/430"}],"wp:attachment":[{"href":"https:\/\/service.projektlabor.tu-berlin.de\/wordpress\/Synthaffaere\/wp-json\/wp\/v2\/media?parent=425"}],"curies":[{"name":"wp","href":"https:\/\/api.w.org\/{rel}","templated":true}]}}