{"id":194,"date":"2019-06-16T19:37:12","date_gmt":"2019-06-16T17:37:12","guid":{"rendered":"http:\/\/service.projektlabor.tu-berlin.de\/wordpress\/ss2019mo\/?page_id=194"},"modified":"2019-07-17T22:41:26","modified_gmt":"2019-07-17T20:41:26","slug":"vcf","status":"publish","type":"page","link":"https:\/\/service.projektlabor.tu-berlin.de\/wordpress\/Synthaffaere\/vcf2-verstaerker\/vcf\/","title":{"rendered":"VCF"},"content":{"rendered":"<h2>VCF &#8211; Voltage Controlled Filter<\/h2>\n<p>Der in Abbildung 1 gezeigte Schaltplan wurde mit Hilfe von LT-Spice entworfen. Wir<br \/>\nhaben uns dabei an einem Moog-Ladder Entwurf von Subroutine.info angelehnt und diesen in seinem Frequenzgang ver\u00e4ndert.<\/p>\n<p>(FOTO FEHLT)<\/p>\n<p>Der von uns gew\u00e4hlte Schaltplan zeigt den in Abbildung 2 abgebildeten Frequenzgang.<br \/>\nMan kann deutlich das gew\u00fcnschte Tiefpassverhalten erkennen, wobei kleinere Frequenzen deutlich verst\u00e4rkt und hohe Frequenzen deutlich ged\u00e4mpft werden. Die verschiedenen Frequenzg\u00e4nge sind durch Parametervariationen (Grenz-Frequenz und Frequenz-Justage), die sp\u00e4ter \u00fcber ein Potentiometer geregelt werden sollen, dargestellt.<\/p>\n<p>(FOTO FEHLT)<\/p>\n<p>In Abbildung 3 ist die Antwort auf ein sinusf\u00f6rmiges Eingangssignal zu sehen, welches 20V Peak-to-Peak hat. Am Ausgang ist das ver\u00e4nderte Signal ebenfalls mit 20V Peak-to-Peak mit ver\u00e4nderter Signalform dargestellt.<\/p>\n<p>(FOTO FEHLT)<\/p>\n<p>F\u00fcr den Steckbrettaufbau wurde zun\u00e4chst die Transistorleiter aufgebaut und getestet. Nachdem die Messung positive Ergebnisse geliefert hatte, wurde am n\u00e4chsten Termin die restliche Schaltung aufgebaut und die Ausgangsspannung gemessen. Die Ergebnisse entsprachen nicht ganz den Erwartungen. Dies l\u00e4sst sich auf die Bauteile zur\u00fcckf\u00fchren, welche nicht vorr\u00e4tig waren und durch Ahnliche ersetzt werden mussten.<\/p>\n<p>(FOTO FEHLT)<\/p>\n<p>Schlussendlich haben wir entschieden die simulierte Schaltung, vorerst ohne Anderungen, als Platine umzusetzen, da die Filtercharakteristik in den Messungen erkennbar war und sich alle Abweichungen hoffentlich durch die richtigen Bauteile beheben lassen<\/p>\n<p>(FOTO FEHLT)<\/p>\n<p>Nach der Simulation und dem Testen am Steckbrett wurde die Platine in eagle gelayoutet.Wir haben nach dem Layout bei den folgenden Simulationen noch einige Ver\u00e4nderungen an den Widerstandswerten vorgenommen, so das das Verhalten der Schaltung verbessert werden konnte. Abbildungen 6 und 7 zeigen die Schematics und auch die Layouts in Eagle, einmal von der Moog-Ladder und einmal von unserer Potiplatine.<\/p>\n<p>(FOTO FEHLT)<\/p>\n<p>(FOTO FEHLT)<\/p>\n<p>Abbildung 8 zeigt die fertig ge\u00e4tzen und best\u00fcckten Platinen.<\/p>\n<p>(FOTO FEHLT)<\/p>\n<p>Abbildungen 9,10 und 11 zeigen die Ausg\u00e4nge bei 10Hz, 20Hz und 50Hz. Es wurde<br \/>\njeweils eine Messung mit Dreieck am Eingang und eine mit Rechteck am Eingang gemacht.<\/p>\n<p>(FOTO FEHLT)<\/p>\n<p><strong>VCF &#8211; Zusammenfassung<\/strong><\/p>\n<p>Zusammenfassend hat die Moog-Ladder wie gezeigt funktioniert. Nach den ersten Simulationen mussten noch Widerstandsgr\u00a8o\u00dfen angepasst werden, so dass die Schaltung besser funktionierte und einstellbar ist.<br \/>\nDie Moog-Ladder besitzt 3 Eing\u00e4nge und einen Ausgang \u00fcber die Klinkenstecker. Der erste Eingang wird als Audioeingang benutzt, in die anderen beiden Eing\u00e4nge k\u00f6nnen H\u00fcllkurven etc. angelegt werden und \u00fcber die Potis gewichtet werden. Es ist m\u00f6glich das Eingangssignal und das Ausgangssigmal \u00fcber Potis zu gewichten. Desweiteren befinden sich noch vier weitere Potis auf dem Board um jeweils die R\u00fcckkopplung zu steuern, den Arbeitspunkt einzustellen und um den Frequenzgang zu ver\u00e4ndern.<\/p>\n<div><\/div>\n<div>\n<div>\n<div>\n<p style=\"text-align: right\">M. Ukena, S. Keil<\/p>\n<\/div>\n<\/div>\n<\/div>\n","protected":false},"excerpt":{"rendered":"<p>VCF &#8211; Voltage Controlled Filter Der in Abbildung 1 gezeigte Schaltplan wurde mit Hilfe von LT-Spice entworfen. Wir haben uns dabei an einem Moog-Ladder Entwurf von Subroutine.info angelehnt und diesen in seinem Frequenzgang ver\u00e4ndert. (FOTO FEHLT) Der von uns gew\u00e4hlte &hellip; <a href=\"https:\/\/service.projektlabor.tu-berlin.de\/wordpress\/Synthaffaere\/vcf2-verstaerker\/vcf\/\">Weiterlesen <span class=\"meta-nav\">&rarr;<\/span><\/a><\/p>\n","protected":false},"author":92,"featured_media":0,"parent":12,"menu_order":0,"comment_status":"closed","ping_status":"closed","template":"","meta":[],"_links":{"self":[{"href":"https:\/\/service.projektlabor.tu-berlin.de\/wordpress\/Synthaffaere\/wp-json\/wp\/v2\/pages\/194"}],"collection":[{"href":"https:\/\/service.projektlabor.tu-berlin.de\/wordpress\/Synthaffaere\/wp-json\/wp\/v2\/pages"}],"about":[{"href":"https:\/\/service.projektlabor.tu-berlin.de\/wordpress\/Synthaffaere\/wp-json\/wp\/v2\/types\/page"}],"author":[{"embeddable":true,"href":"https:\/\/service.projektlabor.tu-berlin.de\/wordpress\/Synthaffaere\/wp-json\/wp\/v2\/users\/92"}],"replies":[{"embeddable":true,"href":"https:\/\/service.projektlabor.tu-berlin.de\/wordpress\/Synthaffaere\/wp-json\/wp\/v2\/comments?post=194"}],"version-history":[{"count":8,"href":"https:\/\/service.projektlabor.tu-berlin.de\/wordpress\/Synthaffaere\/wp-json\/wp\/v2\/pages\/194\/revisions"}],"predecessor-version":[{"id":424,"href":"https:\/\/service.projektlabor.tu-berlin.de\/wordpress\/Synthaffaere\/wp-json\/wp\/v2\/pages\/194\/revisions\/424"}],"up":[{"embeddable":true,"href":"https:\/\/service.projektlabor.tu-berlin.de\/wordpress\/Synthaffaere\/wp-json\/wp\/v2\/pages\/12"}],"wp:attachment":[{"href":"https:\/\/service.projektlabor.tu-berlin.de\/wordpress\/Synthaffaere\/wp-json\/wp\/v2\/media?parent=194"}],"curies":[{"name":"wp","href":"https:\/\/api.w.org\/{rel}","templated":true}]}}