{"id":181,"date":"2019-06-16T19:10:14","date_gmt":"2019-06-16T17:10:14","guid":{"rendered":"http:\/\/service.projektlabor.tu-berlin.de\/wordpress\/ss2019mo\/?page_id=181"},"modified":"2019-07-17T22:21:17","modified_gmt":"2019-07-17T20:21:17","slug":"ulpi","status":"publish","type":"page","link":"https:\/\/service.projektlabor.tu-berlin.de\/wordpress\/Synthaffaere\/vcf2-verstaerker\/ulpi\/","title":{"rendered":"Amplifier"},"content":{"rendered":"<div><strong>Amplifier<\/strong><\/div>\n<div>Unsere Aufgabe als Verst\u00e4rker-Gruppe ist einen Audioverst\u00e4rker zu entwerfen, der die T\u00f6ne, die vom Synthesizer erzeugt werden, akustisch \u00fcber Lautsprecher wiedergeben kann. Unsere Gruppe besteht aus 2 Mitgliedern, Enki Shehu und Ulpian Allaraj. Wir haben uns entschieden ein Class-AB Verst\u00e4rker zu bauen, da es eine Mischung zwischen Class-A und Class-B ist. Daraus folgt, dass die AC-DC Umwandlung viel effizienter als die von Class-A oder Class-B(gr\u00f6\u00dfer 75 Prozent ist).<br \/>\nDie Schaltung f\u00fcr den 10 Watt Verst\u00e4rker ist einfach zu erkl\u00e4ren. Der TL071 (LF351 in der Schaltung) verst\u00e4rkt das Spannungssignal und die zwei Transistoren bieten die erforderliche Leistungsverst\u00e4rkung. W\u00e4hrend das sinusf\u00f6rmige Signal seine Polarit\u00e4t \u00e4ndert, bietet der TIP127 die erforderliche Leistungsverst\u00e4rkung an der positiven Amplitude und der TIP122 an der negativen Amplitude an.<\/div>\n<div><\/div>\n<div>(FOTO FEHLT)<\/div>\n<div><\/div>\n<div>Wir haben dann die Schaltung in LTspice simuliert und dann die Ausgangsspannung gemessen.<\/div>\n<div>\n<div><\/div>\n<\/div>\n<div>(FOTO FEHLT)<\/div>\n<div><\/div>\n<div>Nach der Simulation haben wir die Schaltung auf dem Steckbrett gebaut. Manche Bauteile waren im Lager zu finden und manche haben wir gekauft. Obwohl die Schaltung nicht so kompliziert war, gab es noch Probleme. Der OPV war manchmal instabil und deswegen war die OPV-Verst\u00e4rkung im stabilen Bereich anzupassen. Ein Transistor blieb immer offen und es gab hohen Stromfluss im ausgeschalteten Zustand. Wir haben dann ein 8 Ohm Lastwiderstand und einen Sorgenfrei-K\u00fchler benutzt.<br \/>\nDann kam das Eagle-Layout und mit Hilfe unseres Tutors haben wir schnell geschafft.<\/div>\n<div><\/div>\n<div>(FOTO FEHLT)<\/div>\n<div><\/div>\n<div>(FOTO FEHLT)<\/div>\n<div><\/div>\n<div>Nachdem die Platine da war, musste man den L\u00d6tlack auf der Platine machen. Danach haben wir gebohrt und die Bauteile in der Platine gel\u00d6tet. Am Ende haben wir die Platine getestet, aber zwar hatten wir einen falschen Widerstand gel\u00f6tet. Deswegen haben wir nochmal den richtigen Widerstand gel\u00f6tet und es hat funktioniert.<\/div>\n<div><\/div>\n<div>(FOTO FEHLT)<\/div>\n<div><\/div>\n<div>Enki Shehu, Ulpian Allaraj<\/div>\n<div><\/div>\n","protected":false},"excerpt":{"rendered":"<p>Amplifier Unsere Aufgabe als Verst\u00e4rker-Gruppe ist einen Audioverst\u00e4rker zu entwerfen, der die T\u00f6ne, die vom Synthesizer erzeugt werden, akustisch \u00fcber Lautsprecher wiedergeben kann. Unsere Gruppe besteht aus 2 Mitgliedern, Enki Shehu und Ulpian Allaraj. Wir haben uns entschieden ein Class-AB &hellip; <a href=\"https:\/\/service.projektlabor.tu-berlin.de\/wordpress\/Synthaffaere\/vcf2-verstaerker\/ulpi\/\">Weiterlesen <span class=\"meta-nav\">&rarr;<\/span><\/a><\/p>\n","protected":false},"author":92,"featured_media":0,"parent":12,"menu_order":2,"comment_status":"closed","ping_status":"closed","template":"","meta":[],"_links":{"self":[{"href":"https:\/\/service.projektlabor.tu-berlin.de\/wordpress\/Synthaffaere\/wp-json\/wp\/v2\/pages\/181"}],"collection":[{"href":"https:\/\/service.projektlabor.tu-berlin.de\/wordpress\/Synthaffaere\/wp-json\/wp\/v2\/pages"}],"about":[{"href":"https:\/\/service.projektlabor.tu-berlin.de\/wordpress\/Synthaffaere\/wp-json\/wp\/v2\/types\/page"}],"author":[{"embeddable":true,"href":"https:\/\/service.projektlabor.tu-berlin.de\/wordpress\/Synthaffaere\/wp-json\/wp\/v2\/users\/92"}],"replies":[{"embeddable":true,"href":"https:\/\/service.projektlabor.tu-berlin.de\/wordpress\/Synthaffaere\/wp-json\/wp\/v2\/comments?post=181"}],"version-history":[{"count":10,"href":"https:\/\/service.projektlabor.tu-berlin.de\/wordpress\/Synthaffaere\/wp-json\/wp\/v2\/pages\/181\/revisions"}],"predecessor-version":[{"id":422,"href":"https:\/\/service.projektlabor.tu-berlin.de\/wordpress\/Synthaffaere\/wp-json\/wp\/v2\/pages\/181\/revisions\/422"}],"up":[{"embeddable":true,"href":"https:\/\/service.projektlabor.tu-berlin.de\/wordpress\/Synthaffaere\/wp-json\/wp\/v2\/pages\/12"}],"wp:attachment":[{"href":"https:\/\/service.projektlabor.tu-berlin.de\/wordpress\/Synthaffaere\/wp-json\/wp\/v2\/media?parent=181"}],"curies":[{"name":"wp","href":"https:\/\/api.w.org\/{rel}","templated":true}]}}