{"id":171,"date":"2019-06-16T18:59:24","date_gmt":"2019-06-16T16:59:24","guid":{"rendered":"http:\/\/service.projektlabor.tu-berlin.de\/wordpress\/ss2019mo\/?page_id=171"},"modified":"2019-07-17T22:54:58","modified_gmt":"2019-07-17T20:54:58","slug":"adsr","status":"publish","type":"page","link":"https:\/\/service.projektlabor.tu-berlin.de\/wordpress\/Synthaffaere\/vcf2-verstaerker\/adsr\/","title":{"rendered":"ADSR"},"content":{"rendered":"<div><\/div>\n<div>\n<div style=\"text-align: right\"><\/div>\n<div><strong>ADSR &#8211; H\u00fcllkurvengenerator<\/strong><\/div>\n<div>Um einem synthetisch erzeugten Ton, wie z.B. einer Geige zu erzeugen braucht man f\u00fcr die Tonfarbe eine sogenannte H\u00fcllkurve, die daf\u00fcr sorgt, dass man den Klang so wahrnimmt, als wenn er von einem Instrument gespielt wird. Ein ADSR wird auch H\u00fcllkurvengenerator genannt. Die vier Buchstaben stehen f\u00fcr den jeweiligen Bereich, den diese Kurve beschreibt.<\/div>\n<\/div>\n<div>&#8211; <strong>A<\/strong> f\u00fcr <strong>A<\/strong>ttack<br \/>\n&#8211; <strong>D<\/strong><span style=\"color: #333333;font-style: normal;font-weight: 300\">\u00a0<\/span>f\u00fcr <strong>D<\/strong>ecay<\/div>\n<div>&#8211; <strong>S<\/strong> f\u00fcr <strong>S<\/strong>ustain<br \/>\n&#8211; <strong>R<\/strong> f\u00fcr <strong>R<\/strong>elease<br \/>\nIn der Abbildung 89 ist der schematische Verlauf zu erkennen.<br \/>\n<strong>Attack<\/strong>: Zeit f\u00fcr Spannung von Null bis Maximum<br \/>\n<strong>Decay<\/strong>: Abfall beginnt direkt nach Attack. Zeit in der die Spannung auf den Sustain-Pegel abf\u00e4llt.<br \/>\n<strong>Sustain<\/strong>: Sustain-Pegel = H\u00f6he der Spannung w\u00e4hrend die Taste gehalten wird. Wird erst nach der Decay-Zeit erreicht. Wird die Taste vorher losgelassen folgt ein direkter Ubergang \u00a8in die Release-Phase.<br \/>\n<strong>Release<\/strong>: Beginnt nach loslassen der Taste. Spannungsabfall von Sustain-Pegel auf Null. Zeit gibt an, wie lange der Ton nachklingt.<\/div>\n<div>\n<div>\n<div id=\"attachment_414\" style=\"width: 310px\" class=\"wp-caption aligncenter\"><img aria-describedby=\"caption-attachment-414\" loading=\"lazy\" class=\"wp-image-414 size-medium\" src=\"http:\/\/service.projektlabor.tu-berlin.de\/wordpress\/ss2019mo\/wp-content\/uploads\/sites\/25\/2019\/07\/ines1-300x155.png\" alt=\"\" width=\"300\" height=\"155\" \/><p id=\"caption-attachment-414\" class=\"wp-caption-text\">ADSR-\u00dcberblick<\/p><\/div>\n<p>Abbildung 2 zeigt den Schaltplan.<\/p>\n<div id=\"attachment_416\" style=\"width: 310px\" class=\"wp-caption aligncenter\"><img aria-describedby=\"caption-attachment-416\" loading=\"lazy\" class=\"wp-image-416 size-medium\" src=\"http:\/\/service.projektlabor.tu-berlin.de\/wordpress\/ss2019mo\/wp-content\/uploads\/sites\/25\/2019\/07\/ines2-300x126.png\" alt=\"\" width=\"300\" height=\"126\" srcset=\"https:\/\/service.projektlabor.tu-berlin.de\/wordpress\/Synthaffaere\/wp-content\/uploads\/sites\/25\/2019\/07\/ines2-300x126.png 300w, https:\/\/service.projektlabor.tu-berlin.de\/wordpress\/Synthaffaere\/wp-content\/uploads\/sites\/25\/2019\/07\/ines2-500x210.png 500w, https:\/\/service.projektlabor.tu-berlin.de\/wordpress\/Synthaffaere\/wp-content\/uploads\/sites\/25\/2019\/07\/ines2.png 552w\" sizes=\"(max-width: 300px) 100vw, 300px\" \/><p id=\"caption-attachment-416\" class=\"wp-caption-text\">Abb2: ADSR-Schaltplan<\/p><\/div>\n<p>Wir haben uns f\u00fcr diesen Schaltplan entschieden. Der Transistor kann das Singal von<br \/>\nMikrokontroller verst\u00e4rken. In der Attack-Phase wird \u00fcber die Diode D1 der Kondensator C2 geladen. Mit dem Attack-Widerstand RP1 kann man die Dauer des Attacks kontrollieren. Wenn der Kondensator C2 sich entl\u00e4dt, zeigt die Geschwindigkeit der Entladung den Decay-Teil. Mit dem Widerstand RP2 kann die Grafik beeinflussen. Wenn der Kondensator C2 vollst\u00e4ndig entladen ist, bekommen wir die Release-Phase und diese ist abh\u00e4ngig vom Release-Widerstand RP4.<\/p>\n<p>Abbildung 3 zeigt die Simulationsergebnisse.<\/p>\n<div id=\"attachment_417\" style=\"width: 310px\" class=\"wp-caption aligncenter\"><img aria-describedby=\"caption-attachment-417\" loading=\"lazy\" class=\"wp-image-417 size-medium\" src=\"http:\/\/service.projektlabor.tu-berlin.de\/wordpress\/ss2019mo\/wp-content\/uploads\/sites\/25\/2019\/07\/ines3-300x157.png\" alt=\"\" width=\"300\" height=\"157\" srcset=\"https:\/\/service.projektlabor.tu-berlin.de\/wordpress\/Synthaffaere\/wp-content\/uploads\/sites\/25\/2019\/07\/ines3-300x157.png 300w, https:\/\/service.projektlabor.tu-berlin.de\/wordpress\/Synthaffaere\/wp-content\/uploads\/sites\/25\/2019\/07\/ines3.png 551w, https:\/\/service.projektlabor.tu-berlin.de\/wordpress\/Synthaffaere\/wp-content\/uploads\/sites\/25\/2019\/07\/ines3-500x262.png 500w\" sizes=\"(max-width: 300px) 100vw, 300px\" \/><p id=\"caption-attachment-417\" class=\"wp-caption-text\">Abb3: ADSR- Simulationsergebnisse<\/p><\/div>\n<p>Nach der Simulation testeten wir die Schaltung auf der Steckplatine und sie funktionierte.<\/p>\n<div id=\"attachment_418\" style=\"width: 263px\" class=\"wp-caption aligncenter\"><img aria-describedby=\"caption-attachment-418\" loading=\"lazy\" class=\"wp-image-418 size-medium\" src=\"http:\/\/service.projektlabor.tu-berlin.de\/wordpress\/ss2019mo\/wp-content\/uploads\/sites\/25\/2019\/07\/ines4-253x300.png\" alt=\"\" width=\"253\" height=\"300\" srcset=\"https:\/\/service.projektlabor.tu-berlin.de\/wordpress\/Synthaffaere\/wp-content\/uploads\/sites\/25\/2019\/07\/ines4-253x300.png 253w, https:\/\/service.projektlabor.tu-berlin.de\/wordpress\/Synthaffaere\/wp-content\/uploads\/sites\/25\/2019\/07\/ines4.png 548w\" sizes=\"(max-width: 253px) 100vw, 253px\" \/><p id=\"caption-attachment-418\" class=\"wp-caption-text\">Abb4: ADSR- Steckplatine<\/p><\/div>\n<p>Abbildung 5 zeigt die Testergebnisse.<\/p>\n<div id=\"attachment_419\" style=\"width: 310px\" class=\"wp-caption aligncenter\"><img aria-describedby=\"caption-attachment-419\" loading=\"lazy\" class=\"wp-image-419 size-medium\" src=\"http:\/\/service.projektlabor.tu-berlin.de\/wordpress\/ss2019mo\/wp-content\/uploads\/sites\/25\/2019\/07\/ines5-300x181.png\" alt=\"\" width=\"300\" height=\"181\" srcset=\"https:\/\/service.projektlabor.tu-berlin.de\/wordpress\/Synthaffaere\/wp-content\/uploads\/sites\/25\/2019\/07\/ines5-300x181.png 300w, https:\/\/service.projektlabor.tu-berlin.de\/wordpress\/Synthaffaere\/wp-content\/uploads\/sites\/25\/2019\/07\/ines5.png 422w\" sizes=\"(max-width: 300px) 100vw, 300px\" \/><p id=\"caption-attachment-419\" class=\"wp-caption-text\">Abb5: ADSR &#8211; Testergebnisse<\/p><\/div>\n<p>Nach dem guten Ergebnis haben wir das Layout fertiggestellt. Zuerst machten wir die<br \/>\nSchaltung in Ordnung. Dann testen wir die Leitung. Dann fertigten wir die Platine in der<br \/>\nobere Seite. Wir haben die Leiter so wenig wie m\u00f6glich auf der oberen Seite gezeichnet. Die In und Out machten wir besser mithilfe des Tutors. Dann haben wir die ge\u00e4tzt. Wenn wir die Platine bekommen, bohren wir die Platine zuerst. L\u00f6ten alle ben\u00f6tigen Bauelementen ein und danach testen wir die Platine. Das Ergebnis ist sehr gut. Dann haben wir die Potiwiderst\u00e4nde \u00e4ndert. Jetzt haben wir die Platine total fertig gemacht.<\/p>\n<p>Shuajie Wang, Lijun<br \/>\nTao, Hengyun Lu<\/p>\n<\/div>\n<\/div>\n","protected":false},"excerpt":{"rendered":"<p>ADSR &#8211; H\u00fcllkurvengenerator Um einem synthetisch erzeugten Ton, wie z.B. einer Geige zu erzeugen braucht man f\u00fcr die Tonfarbe eine sogenannte H\u00fcllkurve, die daf\u00fcr sorgt, dass man den Klang so wahrnimmt, als wenn er von einem Instrument gespielt wird. Ein &hellip; <a href=\"https:\/\/service.projektlabor.tu-berlin.de\/wordpress\/Synthaffaere\/vcf2-verstaerker\/adsr\/\">Weiterlesen <span class=\"meta-nav\">&rarr;<\/span><\/a><\/p>\n","protected":false},"author":92,"featured_media":0,"parent":12,"menu_order":0,"comment_status":"closed","ping_status":"closed","template":"","meta":[],"_links":{"self":[{"href":"https:\/\/service.projektlabor.tu-berlin.de\/wordpress\/Synthaffaere\/wp-json\/wp\/v2\/pages\/171"}],"collection":[{"href":"https:\/\/service.projektlabor.tu-berlin.de\/wordpress\/Synthaffaere\/wp-json\/wp\/v2\/pages"}],"about":[{"href":"https:\/\/service.projektlabor.tu-berlin.de\/wordpress\/Synthaffaere\/wp-json\/wp\/v2\/types\/page"}],"author":[{"embeddable":true,"href":"https:\/\/service.projektlabor.tu-berlin.de\/wordpress\/Synthaffaere\/wp-json\/wp\/v2\/users\/92"}],"replies":[{"embeddable":true,"href":"https:\/\/service.projektlabor.tu-berlin.de\/wordpress\/Synthaffaere\/wp-json\/wp\/v2\/comments?post=171"}],"version-history":[{"count":22,"href":"https:\/\/service.projektlabor.tu-berlin.de\/wordpress\/Synthaffaere\/wp-json\/wp\/v2\/pages\/171\/revisions"}],"predecessor-version":[{"id":431,"href":"https:\/\/service.projektlabor.tu-berlin.de\/wordpress\/Synthaffaere\/wp-json\/wp\/v2\/pages\/171\/revisions\/431"}],"up":[{"embeddable":true,"href":"https:\/\/service.projektlabor.tu-berlin.de\/wordpress\/Synthaffaere\/wp-json\/wp\/v2\/pages\/12"}],"wp:attachment":[{"href":"https:\/\/service.projektlabor.tu-berlin.de\/wordpress\/Synthaffaere\/wp-json\/wp\/v2\/media?parent=171"}],"curies":[{"name":"wp","href":"https:\/\/api.w.org\/{rel}","templated":true}]}}