{"id":123,"date":"2019-06-07T18:58:39","date_gmt":"2019-06-07T16:58:39","guid":{"rendered":"http:\/\/service.projektlabor.tu-berlin.de\/wordpress\/ss2019mo\/?page_id=123"},"modified":"2019-07-12T17:57:06","modified_gmt":"2019-07-12T15:57:06","slug":"distortion","status":"publish","type":"page","link":"https:\/\/service.projektlabor.tu-berlin.de\/wordpress\/Synthaffaere\/filter-plus\/distortion\/","title":{"rendered":"Distortion"},"content":{"rendered":"<div>\n<p>Ein Verzerrer ist ein Ger\u00e4t oder eine Software zur Deformation eines Audiosignals mit einem Begrenzer oder anderen Formen der Kennliniendeformation, wobei letztlich harmonische Obert\u00f6ne erzeugt werden.<\/p>\n<p>Verzerrer werden in der Musikproduktion als Soundeffekte eingesetzt. Die Verzerrer sind oft im Rockmusik in diversen Guitareneffekten zu h\u00f6ren.<br \/>\nVerzerrer auf dem Schlagzeug, dem Bass oder auch Gesang h\u00f6rt man oft im Drum and Bass oder Industrial.<\/p>\n<p><img loading=\"lazy\" class=\"alignnone size-full wp-image-87\" src=\"http:\/\/service.projektlabor.tu-berlin.de\/wordpress\/ss2019mo\/wp-content\/uploads\/sites\/25\/2019\/06\/distortion1.png\" alt=\"\" width=\"480\" height=\"207\" srcset=\"https:\/\/service.projektlabor.tu-berlin.de\/wordpress\/Synthaffaere\/wp-content\/uploads\/sites\/25\/2019\/06\/distortion1.png 480w, https:\/\/service.projektlabor.tu-berlin.de\/wordpress\/Synthaffaere\/wp-content\/uploads\/sites\/25\/2019\/06\/distortion1-300x129.png 300w\" sizes=\"(max-width: 480px) 100vw, 480px\" \/><\/p>\n<p><strong>\u00a0 \u00a0 \u00a0 \u00a0 \u00a0 \u00a0 \u00a0 \u00a0 \u00a0 \u00a0 \u00a0 Figure 1: Schaltbild eines Verzerrers<\/strong><\/p>\n<\/div>\n<p>Die Abbildung 1 zeigt das Prinzipschaltbild eines Verzerrers auf der Basis einer Begrenzerschaltung mit antiparallel geschalteten Dioden.<br \/>\nDie wichtigste Eigenschaften dieser Schaltung sind:<\/p>\n<div>Die Abbildung 1 zeigt das Prinzipschaltbild eines Verzerrers auf der Basis einer Begrenzerschaltung mit antiparallel geschalteten Dioden. Die wichtigste Eigenschaften dieser Schaltung sind:<\/div>\n<p>\u2022\u00a0 Der Verst\u00e4rker V sorgt f\u00fcr eine Anpassung der Signalamplitude an die\u00a0 \u00a0 \u00a0 \u00a0 \u00a0 \u00a0 \u00a0 \u00a0 \u00a0 \u00a0 \u00a0 \u00a0 \u00a0 \u00a0 Schwellenspannung der Dioden und wirkt als Impedanzwandler.<\/p>\n<p>\u2022\u00a0 Aufgrund der Kennlinie der Dioden wird die positive und negative\u00a0 \u00a0 \u00a0 \u00a0 \u00a0 \u00a0 \u00a0 \u00a0 \u00a0 \u00a0 \u00a0 \u00a0 \u00a0 \u00a0 \u00a0 \u00a0 \u00a0 \u00a0 Signalhalbwelle in den Spitzen abgeflacht oder je nach Kennlinie der Diode\u00a0 \u00a0 \u00a0 \u00a0 \u00a0 \u00a0 \u00a0 \u00a0 \u00a0 \u00a0 und\u00a0 H\u00f6he der Eingangsspannung dynamisch begrenzt, wodurch es verzerrt\u00a0 \u00a0 \u00a0 \u00a0 \u00a0 \u00a0 \u00a0 \u00a0 \u00a0 klingt.<\/p>\n<p>\u2022\u00a0 Mit dem Schalter S wird zwischen verzerrtem und unverzerrtem Signal\u00a0 \u00a0 \u00a0 \u00a0 \u00a0 \u00a0 \u00a0 \u00a0 \u00a0 \u00a0 \u00a0 \u00a0 \u00a0 \u00a0 umgeschaltet.<\/p>\n<p>\u2022\u00a0 Als eine weitere Variante dienen Verst\u00e4rkerstufen mit Feldeffekttransistoren,\u00a0 \u00a0 \u00a0 \u00a0 \u00a0 \u00a0 \u00a0 \u00a0 \u00a0 die\u00a0 mit ihrer weichen Begrenzung harmonische Obert\u00f6ne produzieren.<\/p>\n<p>&nbsp;<\/p>\n<div><img loading=\"lazy\" class=\"alignnone size-full wp-image-88\" src=\"http:\/\/service.projektlabor.tu-berlin.de\/wordpress\/ss2019mo\/wp-content\/uploads\/sites\/25\/2019\/06\/distortion2.png\" alt=\"\" width=\"800\" height=\"377\" srcset=\"https:\/\/service.projektlabor.tu-berlin.de\/wordpress\/Synthaffaere\/wp-content\/uploads\/sites\/25\/2019\/06\/distortion2.png 800w, https:\/\/service.projektlabor.tu-berlin.de\/wordpress\/Synthaffaere\/wp-content\/uploads\/sites\/25\/2019\/06\/distortion2-300x141.png 300w, https:\/\/service.projektlabor.tu-berlin.de\/wordpress\/Synthaffaere\/wp-content\/uploads\/sites\/25\/2019\/06\/distortion2-768x362.png 768w, https:\/\/service.projektlabor.tu-berlin.de\/wordpress\/Synthaffaere\/wp-content\/uploads\/sites\/25\/2019\/06\/distortion2-500x236.png 500w\" sizes=\"(max-width: 800px) 100vw, 800px\" \/><\/div>\n<div style=\"text-align: center\"><strong>Figure 2: Verzerrer Schaltung\u00a0<\/strong><\/div>\n<div>\n<div>Die Abbildung 2\u00a0 zeigt eine einfache Verzerrer-Schaltung mit einem Potentiometer und<\/div>\n<div>zwei Schaltern.<\/div>\n<div>\u00a0 \u00a0 \u00a0 \u00a0\u2022 Das Potentiometer regelt the St\u00e4rke von \u00dcbersteuern des Signals<\/div>\n<div>\u00a0 \u00a0 \u00a0 \u00a0\u2022 Oberer Schalter gibt ein Soft-Clipping zur Auswahl<\/div>\n<div>\u00a0 \u00a0 \u00a0 \u00a0\u2022 Unterer Schalter gibt ein Hard-Clipping zur Auswahl<\/div>\n<div>Die verzerrer Schaltung habe ich dann in LTspice nachgebaut und simuliert.<\/div>\n<div><img loading=\"lazy\" class=\"alignnone size-large wp-image-124\" src=\"http:\/\/service.projektlabor.tu-berlin.de\/wordpress\/ss2019mo\/wp-content\/uploads\/sites\/25\/2019\/06\/distortion3-1024x479.jpg\" alt=\"\" width=\"584\" height=\"273\" srcset=\"https:\/\/service.projektlabor.tu-berlin.de\/wordpress\/Synthaffaere\/wp-content\/uploads\/sites\/25\/2019\/06\/distortion3-1024x479.jpg 1024w, https:\/\/service.projektlabor.tu-berlin.de\/wordpress\/Synthaffaere\/wp-content\/uploads\/sites\/25\/2019\/06\/distortion3-300x140.jpg 300w, https:\/\/service.projektlabor.tu-berlin.de\/wordpress\/Synthaffaere\/wp-content\/uploads\/sites\/25\/2019\/06\/distortion3-768x359.jpg 768w, https:\/\/service.projektlabor.tu-berlin.de\/wordpress\/Synthaffaere\/wp-content\/uploads\/sites\/25\/2019\/06\/distortion3-500x234.jpg 500w, https:\/\/service.projektlabor.tu-berlin.de\/wordpress\/Synthaffaere\/wp-content\/uploads\/sites\/25\/2019\/06\/distortion3.jpg 1280w\" sizes=\"(max-width: 584px) 100vw, 584px\" \/><\/div>\n<div style=\"text-align: center\"><strong>Figure 3: Schaltung in LTspice<\/strong><\/div>\n<div><\/div>\n<div>Die Simulationen sind in die Abbildungen 4 und 5 zu sehen<\/div>\n<div><\/div>\n<\/div>\n<div><img loading=\"lazy\" class=\"alignnone size-full wp-image-125\" src=\"http:\/\/service.projektlabor.tu-berlin.de\/wordpress\/ss2019mo\/wp-content\/uploads\/sites\/25\/2019\/06\/distortion4.jpg\" alt=\"\" width=\"963\" height=\"795\" srcset=\"https:\/\/service.projektlabor.tu-berlin.de\/wordpress\/Synthaffaere\/wp-content\/uploads\/sites\/25\/2019\/06\/distortion4.jpg 963w, https:\/\/service.projektlabor.tu-berlin.de\/wordpress\/Synthaffaere\/wp-content\/uploads\/sites\/25\/2019\/06\/distortion4-300x248.jpg 300w, https:\/\/service.projektlabor.tu-berlin.de\/wordpress\/Synthaffaere\/wp-content\/uploads\/sites\/25\/2019\/06\/distortion4-768x634.jpg 768w, https:\/\/service.projektlabor.tu-berlin.de\/wordpress\/Synthaffaere\/wp-content\/uploads\/sites\/25\/2019\/06\/distortion4-363x300.jpg 363w\" sizes=\"(max-width: 963px) 100vw, 963px\" \/><\/div>\n<div><\/div>\n<div style=\"text-align: center\"><strong>Figure 4: LTspice Simulation Hard-Clipping<\/strong><\/div>\n<div><\/div>\n<div><\/div>\n<div><img loading=\"lazy\" class=\"alignnone size-full wp-image-126\" src=\"http:\/\/service.projektlabor.tu-berlin.de\/wordpress\/ss2019mo\/wp-content\/uploads\/sites\/25\/2019\/06\/distortion5.jpg\" alt=\"\" width=\"966\" height=\"710\" srcset=\"https:\/\/service.projektlabor.tu-berlin.de\/wordpress\/Synthaffaere\/wp-content\/uploads\/sites\/25\/2019\/06\/distortion5.jpg 966w, https:\/\/service.projektlabor.tu-berlin.de\/wordpress\/Synthaffaere\/wp-content\/uploads\/sites\/25\/2019\/06\/distortion5-300x220.jpg 300w, https:\/\/service.projektlabor.tu-berlin.de\/wordpress\/Synthaffaere\/wp-content\/uploads\/sites\/25\/2019\/06\/distortion5-768x564.jpg 768w, https:\/\/service.projektlabor.tu-berlin.de\/wordpress\/Synthaffaere\/wp-content\/uploads\/sites\/25\/2019\/06\/distortion5-408x300.jpg 408w\" sizes=\"(max-width: 966px) 100vw, 966px\" \/><\/div>\n<div style=\"text-align: center\"><strong>Figure 5: LTspice Simulation Soft-Clipping<\/strong><\/div>\n<div><\/div>\n<div>\n<div>Als die Simulation mit der Theorie einstimmt, habe ich die Schaltung auf einem Steckbrett gebaut, und die Ergbinsse der Simulation mit dem Oszilloskop \u00fcberpr\u00fcft<\/div>\n<div><\/div>\n<\/div>\n<div><img loading=\"lazy\" class=\"alignnone size-large wp-image-127\" src=\"http:\/\/service.projektlabor.tu-berlin.de\/wordpress\/ss2019mo\/wp-content\/uploads\/sites\/25\/2019\/06\/distortion6-768x1024.jpg\" alt=\"\" width=\"584\" height=\"779\" srcset=\"https:\/\/service.projektlabor.tu-berlin.de\/wordpress\/Synthaffaere\/wp-content\/uploads\/sites\/25\/2019\/06\/distortion6-768x1024.jpg 768w, https:\/\/service.projektlabor.tu-berlin.de\/wordpress\/Synthaffaere\/wp-content\/uploads\/sites\/25\/2019\/06\/distortion6-225x300.jpg 225w, https:\/\/service.projektlabor.tu-berlin.de\/wordpress\/Synthaffaere\/wp-content\/uploads\/sites\/25\/2019\/06\/distortion6.jpg 960w\" sizes=\"(max-width: 584px) 100vw, 584px\" \/><\/div>\n<div>\n<div style=\"text-align: center\"><strong>Figure 6 : Verzerrer-Schaltung auf dem Steckbrett<\/strong><\/div>\n<div><\/div>\n<div>Ein Platinenlayout wurde im EAGLE durchgef\u00fchrt und im n\u00e4chsten Schritt werde ich meine meine Bauelemente auf der Platine best\u00fccken.<\/div>\n<\/div>\n<p><strong>EAGLE-Layout:<\/strong><\/p>\n<p>Ein Platinenlayout wurde mit Hilfe von frei verf\u00fcgbaren Software EAGLE durchgef\u00fchrt, indem die Schaltung in Schematic nachgebaut wurde und die Platine in Board konstruiert wurde.<\/p>\n<p>&nbsp;<\/p>\n<p><img loading=\"lazy\" class=\"alignnone size-full wp-image-406\" src=\"http:\/\/service.projektlabor.tu-berlin.de\/wordpress\/ss2019mo\/wp-content\/uploads\/sites\/25\/2019\/07\/distortion.png\" alt=\"\" width=\"887\" height=\"387\" srcset=\"https:\/\/service.projektlabor.tu-berlin.de\/wordpress\/Synthaffaere\/wp-content\/uploads\/sites\/25\/2019\/07\/distortion.png 887w, https:\/\/service.projektlabor.tu-berlin.de\/wordpress\/Synthaffaere\/wp-content\/uploads\/sites\/25\/2019\/07\/distortion-300x131.png 300w, https:\/\/service.projektlabor.tu-berlin.de\/wordpress\/Synthaffaere\/wp-content\/uploads\/sites\/25\/2019\/07\/distortion-768x335.png 768w, https:\/\/service.projektlabor.tu-berlin.de\/wordpress\/Synthaffaere\/wp-content\/uploads\/sites\/25\/2019\/07\/distortion-500x218.png 500w\" sizes=\"(max-width: 887px) 100vw, 887px\" \/><\/p>\n<p><img loading=\"lazy\" class=\"alignnone size-full wp-image-407\" src=\"http:\/\/service.projektlabor.tu-berlin.de\/wordpress\/ss2019mo\/wp-content\/uploads\/sites\/25\/2019\/07\/distortionboard.png\" alt=\"\" width=\"659\" height=\"822\" srcset=\"https:\/\/service.projektlabor.tu-berlin.de\/wordpress\/Synthaffaere\/wp-content\/uploads\/sites\/25\/2019\/07\/distortionboard.png 659w, https:\/\/service.projektlabor.tu-berlin.de\/wordpress\/Synthaffaere\/wp-content\/uploads\/sites\/25\/2019\/07\/distortionboard-241x300.png 241w\" sizes=\"(max-width: 659px) 100vw, 659px\" \/><\/p>\n<h1><strong>Platine, Testen und Fehlersuche:<\/strong><\/h1>\n<p>Zuletzt wurde die in EAGLE-Board konstruierte Platine ge\u00e4tzt und gebohrt. Einzelne Bauelemente wurden auf einer Seite der Platine best\u00fcckt. Eine Liste von Bauelemente ist in folgender Tabelle zu finden.<\/p>\n<p><img loading=\"lazy\" class=\"alignnone size-full wp-image-408\" src=\"http:\/\/service.projektlabor.tu-berlin.de\/wordpress\/ss2019mo\/wp-content\/uploads\/sites\/25\/2019\/07\/distortion7.jpg\" alt=\"\" width=\"644\" height=\"761\" srcset=\"https:\/\/service.projektlabor.tu-berlin.de\/wordpress\/Synthaffaere\/wp-content\/uploads\/sites\/25\/2019\/07\/distortion7.jpg 644w, https:\/\/service.projektlabor.tu-berlin.de\/wordpress\/Synthaffaere\/wp-content\/uploads\/sites\/25\/2019\/07\/distortion7-254x300.jpg 254w\" sizes=\"(max-width: 644px) 100vw, 644px\" \/><\/p>\n<p>Die fertig best\u00fcckte Platine wurde zum letzten mal getestet. Sie wurde mit dem Oszilloskop verbunden und jeweils f\u00fcr beide Schalter simuliert. In folgende Abbildungen sind Soft- und Hard-Clipping zu erkennen aus Ausgangssignale des Oszilloskops zu erkennen.<\/p>\n<p><img loading=\"lazy\" class=\"alignnone size-full wp-image-409\" src=\"http:\/\/service.projektlabor.tu-berlin.de\/wordpress\/ss2019mo\/wp-content\/uploads\/sites\/25\/2019\/07\/d1.png\" alt=\"\" width=\"939\" height=\"386\" srcset=\"https:\/\/service.projektlabor.tu-berlin.de\/wordpress\/Synthaffaere\/wp-content\/uploads\/sites\/25\/2019\/07\/d1.png 939w, https:\/\/service.projektlabor.tu-berlin.de\/wordpress\/Synthaffaere\/wp-content\/uploads\/sites\/25\/2019\/07\/d1-300x123.png 300w, https:\/\/service.projektlabor.tu-berlin.de\/wordpress\/Synthaffaere\/wp-content\/uploads\/sites\/25\/2019\/07\/d1-768x316.png 768w, https:\/\/service.projektlabor.tu-berlin.de\/wordpress\/Synthaffaere\/wp-content\/uploads\/sites\/25\/2019\/07\/d1-500x206.png 500w\" sizes=\"(max-width: 939px) 100vw, 939px\" \/><\/p>\n<p><strong>Auswertung:<\/strong><br \/>\nIm Laufe dieses Projekts haben verschiedene Gruppen Schaltungen ausgesucht um einen Synthesizer zu realisieren. F\u00fcr den Synthesizer habe ich den Distortion-Effekt ausgew\u00e4hlt. F\u00fcr diesen Effekt wurde eine Schaltungsidee entworfen und diese Schaltung erstmal in LTspice \u00fcberpr\u00fcft. Nachdem es sicher gestellt wurde, dass der Distortion-Effekt durch dieser Schaltung realisierbar ist, wurden die Bauelemente bestellt und angefangen eine Platine daf\u00fcr zu erstellen. Die Platine sollte ge\u00e4tzt und gebohrt werden und die Bauelemente wurden auf die Platine best\u00fcckt. Die Platine wurde zum letzten mal \u00fcberpr\u00fcft und die Schaltung war erfolgreich realisierbar.<\/p>\n<p><img loading=\"lazy\" class=\"alignnone size-full wp-image-410 aligncenter\" src=\"http:\/\/service.projektlabor.tu-berlin.de\/wordpress\/ss2019mo\/wp-content\/uploads\/sites\/25\/2019\/07\/d2.png\" alt=\"\" width=\"327\" height=\"641\" srcset=\"https:\/\/service.projektlabor.tu-berlin.de\/wordpress\/Synthaffaere\/wp-content\/uploads\/sites\/25\/2019\/07\/d2.png 327w, https:\/\/service.projektlabor.tu-berlin.de\/wordpress\/Synthaffaere\/wp-content\/uploads\/sites\/25\/2019\/07\/d2-153x300.png 153w\" sizes=\"(max-width: 327px) 100vw, 327px\" \/><\/p>\n","protected":false},"excerpt":{"rendered":"<p>Ein Verzerrer ist ein Ger\u00e4t oder eine Software zur Deformation eines Audiosignals mit einem Begrenzer oder anderen Formen der Kennliniendeformation, wobei letztlich harmonische Obert\u00f6ne erzeugt werden. Verzerrer werden in der Musikproduktion als Soundeffekte eingesetzt. Die Verzerrer sind oft im Rockmusik &hellip; <a href=\"https:\/\/service.projektlabor.tu-berlin.de\/wordpress\/Synthaffaere\/filter-plus\/distortion\/\">Weiterlesen <span class=\"meta-nav\">&rarr;<\/span><\/a><\/p>\n","protected":false},"author":90,"featured_media":17,"parent":10,"menu_order":0,"comment_status":"closed","ping_status":"closed","template":"","meta":[],"_links":{"self":[{"href":"https:\/\/service.projektlabor.tu-berlin.de\/wordpress\/Synthaffaere\/wp-json\/wp\/v2\/pages\/123"}],"collection":[{"href":"https:\/\/service.projektlabor.tu-berlin.de\/wordpress\/Synthaffaere\/wp-json\/wp\/v2\/pages"}],"about":[{"href":"https:\/\/service.projektlabor.tu-berlin.de\/wordpress\/Synthaffaere\/wp-json\/wp\/v2\/types\/page"}],"author":[{"embeddable":true,"href":"https:\/\/service.projektlabor.tu-berlin.de\/wordpress\/Synthaffaere\/wp-json\/wp\/v2\/users\/90"}],"replies":[{"embeddable":true,"href":"https:\/\/service.projektlabor.tu-berlin.de\/wordpress\/Synthaffaere\/wp-json\/wp\/v2\/comments?post=123"}],"version-history":[{"count":8,"href":"https:\/\/service.projektlabor.tu-berlin.de\/wordpress\/Synthaffaere\/wp-json\/wp\/v2\/pages\/123\/revisions"}],"predecessor-version":[{"id":411,"href":"https:\/\/service.projektlabor.tu-berlin.de\/wordpress\/Synthaffaere\/wp-json\/wp\/v2\/pages\/123\/revisions\/411"}],"up":[{"embeddable":true,"href":"https:\/\/service.projektlabor.tu-berlin.de\/wordpress\/Synthaffaere\/wp-json\/wp\/v2\/pages\/10"}],"wp:featuredmedia":[{"embeddable":true,"href":"https:\/\/service.projektlabor.tu-berlin.de\/wordpress\/Synthaffaere\/wp-json\/wp\/v2\/media\/17"}],"wp:attachment":[{"href":"https:\/\/service.projektlabor.tu-berlin.de\/wordpress\/Synthaffaere\/wp-json\/wp\/v2\/media?parent=123"}],"curies":[{"name":"wp","href":"https:\/\/api.w.org\/{rel}","templated":true}]}}